{"id":172,"date":"2013-10-05T13:36:03","date_gmt":"2013-10-05T12:36:03","guid":{"rendered":"http:\/\/www.horizon-dunes.ch\/wordpress\/?page_id=172"},"modified":"2016-04-01T18:34:07","modified_gmt":"2016-04-01T16:34:07","slug":"cartes-gratuites","status":"publish","type":"page","link":"https:\/\/horizon-dunes.ch\/wordpress\/?page_id=172","title":{"rendered":"Cartes gratuites"},"content":{"rendered":"<h1>T\u00e9l\u00e9chargement de cartes gratuites<\/h1>\n<p style=\"text-align: justify;\">Bien qu&#8217;anciennes, ces cartes sont utiles pour de la navigation sur pistes et hors pistes. Leur format JPG permet de les annoter \u00e0 sa guise et selon ses besoins. Vous devrez vraisemblablement <a href=\"https:\/\/www.horizon-dunes.ch\/wordpress\/?page_id=158\" target=\"_blank\">calibrer votre carte<\/a> t\u00e9l\u00e9charg\u00e9e pour son utilisation dans votre GPS<\/p>\n<p style=\"text-align: justify;\">Pour convertir vos cartes Ozi existantes du format<strong> .map<\/strong> au format <strong>.ozfx3<\/strong> pour Android, utilisez le programme <strong> Img2Ozf<\/strong> t\u00e9l\u00e9chargeable depuis le site Ozi Explorer.<em><span style=\"color: #ff0000;\"><strong> Attention<\/strong><\/span> : les cartes \u00e0 convertir doivent avoir le profil colorim\u00e9trique RVB, sinon le programme part en erreur d&#8217;exception.<\/em><\/p>\n<div><\/div>\n<p>Voir aussi mes pages<a href=\"https:\/\/www.horizon-dunes.ch\/wordpress\/?page_id=867\" target=\"_blank\"> Maroc 1:100&#8217;000<\/a>. <a href=\"https:\/\/www.horizon-dunes.ch\/wordpress\/?page_id=893\" target=\"_blank\">Maroc 1:50&#8217;000<\/a>, <a href=\"https:\/\/www.horizon-dunes.ch\/wordpress\/?page_id=818\" target=\"_blank\">Espagne 1:50&#8217;000 et 1:25&#8217;000<\/a>, <a href=\"https:\/\/www.horizon-dunes.ch\/wordpress\/?page_id=923\" target=\"_blank\">Slov\u00e9nie 1:50&#8217;000<\/a><\/p>\n<div><\/div>\n<p><span style=\"font-size: medium;\"><strong>O\u00f9 enregistrer les cartes num\u00e9ris\u00e9es dans le GPS<br \/>\n<\/strong><\/span>Copiez le fichier de g\u00e9o-r\u00e9f\u00e9rencement *.OZFx3 et le fichier de la carte\u00a0 *.OZF.MAP correspondante dans le r\u00e9pertoire Ozi de votre GPS : -&gt;Ozi-&gt;MAPS <em>par exemple: mongolie-west.ozfx3 (carte)\u00a0et mongolie-west.ozf.map (calibration) <\/em><\/p>\n<div><\/div>\n<h2><strong>Cartes gratuites russes au 1:500&#8217;000<\/strong><\/h2>\n<div>Ces cartes sont publi\u00e9es en cyrillique et disponibles en format *.JPG. Pour la traduction, je compare le point GPS de la carte avec Google Earth, puis j&#8217;annote la carte avec un logiciel d&#8217;\u00e9dition d&#8217;images JPG. Il est aussi possible de t\u00e9l\u00e9charger les fichiers Ozi de calibration, mais j&#8217;ai constat\u00e9 que dans certains cas, cette calibration est erron\u00e9e d&#8217;environ 5 km.<br \/>\nLien :<span style=\"font-size: medium;\"> <a href=\"http:\/\/maps.vlasenko.net\/soviet-military-topographic-map\/map500k.html\" target=\"_blank\">maps.vlasenko.net<\/a><\/span><\/p>\n<h2><strong>Cartes gratuites ONC et TPC<br \/>\n<\/strong><\/h2>\n<p>Ces cartes ONC (1:1&#8217;000&#8217;000) et TPC (1:500&#8217;000) ont \u00e9t\u00e9 cr\u00e9es par l&#8217;US Defense Mapping Aerospace Center. A l&#8217;heure actuelle, cette organisation a abandonn\u00e9 la mise \u00e0 jour de ces cartes. N\u00e9anmoins, il est possible de les t\u00e9l\u00e9charger en format *.JPG\u00a0 ou *.GeoPDF \u00e0 partir de la biblioth\u00e8que (librairie) de l&#8217;Universit\u00e9 du Texas \u00e0 Austin\u00a0sur les liens suivants :<\/p>\n<p>Lien pour les cartes ONC :\u00a0\u00a0<span style=\"font-size: medium;\"><a href=\"http:\/\/www.lib.utexas.edu\/maps\/onc\/\" target=\"_blank\">lib.utexas.edu.maps.onc<\/a><\/span><br \/>\nLien pour les cartes TPC :\u00a0\u00a0<span style=\"font-size: medium;\"> <a href=\"http:\/\/www.lib.utexas.edu\/maps\/tpc\/\" target=\"_blank\">lib.utexas.edu.maps.tpc<\/a><\/span><\/p>\n<h2>Note :<\/h2>\n<p style=\"text-align: justify;\">Le format <strong>GeoPDF<\/strong> est une extension g\u00e9ospatiale de TerraGo Technologies ins\u00e9r\u00e9e dans un fichier Adobe PDF. Il est utilis\u00e9 pour pr\u00e9senter des donn\u00e9es cartographiques dans un fichier PDF. Cette extension ajoute une matrice de coordonn\u00e9es et d&#8217;autres m\u00e9tadonn\u00e9es afin de permettre la transformation des coordonn\u00e9es PDF \u00e0 un syst\u00e8me de coordonn\u00e9es cart\u00e9sien projet\u00e9. Une toolbar gratuite \u00e0 installer dans le logiciel Acrobat Reader est disponible sur le site de <a href=\"http:\/\/www.terragotech.com\/products\/terrago-toolbar\" target=\"_blank\">TerraGo Technologies<\/a>. Ce format n&#8217;est pas importable dans la plupart des logiciels de cartographie tels que Ozi, TTQV, etc., il faut passer par une conversion de l&#8217;image PDF.<\/p>\n<h2><strong>Cartes gratuites pour l&#8217;Afrique du Nord<\/strong><\/h2>\n<p>Ces cartes de la s\u00e9rie P502 au 1:250&#8217;000 couvrent les pays de l&#8217;Afrique du Nord: Alg\u00e9rie, Egypte, Lybie, Maroc et Tunisie. Elles ont \u00e9t\u00e9 \u00e9dit\u00e9es par l&#8217;arm\u00e9e am\u00e9ricaine de terre. Elles datent de 1954.<\/p>\n<p>Lien pour les cartes :<span style=\"font-size: medium;\"> <a href=\"http:\/\/www.lib.utexas.edu\/maps\/ams\/north_africa\/\" target=\"_blank\">lib.utexas.edu.map.north.africa <\/a><\/span><\/p>\n<p>Cartes du Maroc disponibles en format OZFx3 sur la page <a href=\"https:\/\/www.horizon-dunes.ch\/wordpress\/?page_id=719\" target=\"_blank\">Cartes Maroc au 1:250&#8217;000<\/a><\/p>\n<h2><strong>Pour ceux qui utilisent les guides Gandini<\/strong><\/h2>\n<p>Il est possible d&#8217;obtenir aupr\u00e8s des \u00e9ditions Gandini des CD (un CD par guide) contenant tous les waypoints et routes mentionn\u00e9es dans les guides. Chaque CD co\u00fbte 20 EUR.<\/p>\n<p>Lien pour les t\u00e9l\u00e9chargements :<span style=\"font-size: medium;\"> <a href=\"http:\/\/www.extrem-sud.com\/telechargements.html\" target=\"_blank\">Editions Extrem Sud<\/a><\/span><\/p>\n<\/div>\n","protected":false},"excerpt":{"rendered":"<p>T\u00e9l\u00e9chargement de cartes gratuites Bien qu&#8217;anciennes, ces cartes sont utiles pour de la navigation sur pistes et hors pistes. Leur format JPG permet de les annoter \u00e0 sa guise et selon ses besoins. Vous devrez vraisemblablement calibrer votre carte t\u00e9l\u00e9charg\u00e9e pour son utilisation dans votre GPS Pour convertir vos cartes Ozi existantes du format .map [&hellip;]<\/p>\n","protected":false},"author":1,"featured_media":0,"parent":147,"menu_order":0,"comment_status":"closed","ping_status":"closed","template":"page-templates\/full-width.php","meta":{"footnotes":""},"class_list":["post-172","page","type-page","status-publish","hentry"],"_links":{"self":[{"href":"https:\/\/horizon-dunes.ch\/wordpress\/index.php?rest_route=\/wp\/v2\/pages\/172","targetHints":{"allow":["GET"]}}],"collection":[{"href":"https:\/\/horizon-dunes.ch\/wordpress\/index.php?rest_route=\/wp\/v2\/pages"}],"about":[{"href":"https:\/\/horizon-dunes.ch\/wordpress\/index.php?rest_route=\/wp\/v2\/types\/page"}],"author":[{"embeddable":true,"href":"https:\/\/horizon-dunes.ch\/wordpress\/index.php?rest_route=\/wp\/v2\/users\/1"}],"replies":[{"embeddable":true,"href":"https:\/\/horizon-dunes.ch\/wordpress\/index.php?rest_route=%2Fwp%2Fv2%2Fcomments&post=172"}],"version-history":[{"count":20,"href":"https:\/\/horizon-dunes.ch\/wordpress\/index.php?rest_route=\/wp\/v2\/pages\/172\/revisions"}],"predecessor-version":[{"id":964,"href":"https:\/\/horizon-dunes.ch\/wordpress\/index.php?rest_route=\/wp\/v2\/pages\/172\/revisions\/964"}],"up":[{"embeddable":true,"href":"https:\/\/horizon-dunes.ch\/wordpress\/index.php?rest_route=\/wp\/v2\/pages\/147"}],"wp:attachment":[{"href":"https:\/\/horizon-dunes.ch\/wordpress\/index.php?rest_route=%2Fwp%2Fv2%2Fmedia&parent=172"}],"curies":[{"name":"wp","href":"https:\/\/api.w.org\/{rel}","templated":true}]}}