{"id":206,"date":"2013-10-05T21:01:09","date_gmt":"2013-10-05T19:01:09","guid":{"rendered":"http:\/\/www.horizon-dunes.ch\/wordpress\/?page_id=206"},"modified":"2013-10-27T06:19:44","modified_gmt":"2013-10-27T05:19:44","slug":"raid-mongolie","status":"publish","type":"page","link":"https:\/\/horizon-dunes.ch\/wordpress\/?page_id=206","title":{"rendered":"Raid Mongolie"},"content":{"rendered":"<div id=\"attachment_207\" style=\"width: 1205px\" class=\"wp-caption aligncenter\"><a href=\"https:\/\/www.horizon-dunes.ch\/wordpress\/wp-content\/uploads\/2013\/10\/Parcours-exact-copie.jpg\"><img loading=\"lazy\" decoding=\"async\" aria-describedby=\"caption-attachment-207\" class=\" wp-image-207  \" alt=\"Parcours exact copie\" src=\"https:\/\/www.horizon-dunes.ch\/wordpress\/wp-content\/uploads\/2013\/10\/Parcours-exact-copie.jpg\" width=\"1195\" height=\"589\" srcset=\"https:\/\/horizon-dunes.ch\/wordpress\/wp-content\/uploads\/2013\/10\/Parcours-exact-copie.jpg 1494w, https:\/\/horizon-dunes.ch\/wordpress\/wp-content\/uploads\/2013\/10\/Parcours-exact-copie-300x147.jpg 300w, https:\/\/horizon-dunes.ch\/wordpress\/wp-content\/uploads\/2013\/10\/Parcours-exact-copie-1024x504.jpg 1024w, https:\/\/horizon-dunes.ch\/wordpress\/wp-content\/uploads\/2013\/10\/Parcours-exact-copie-624x307.jpg 624w\" sizes=\"auto, (max-width: 1195px) 100vw, 1195px\" \/><\/a><p id=\"caption-attachment-207\" class=\"wp-caption-text\">le parcours effectu\u00e9<\/p><\/div>\n<p style=\"text-align: left;\"><strong> <span style=\"font-size: medium;\">Quelques infos concernant ce raid<\/span><\/strong><\/p>\n<ul>\n<li>Parcours\u00a0effectu\u00e9 : Gen\u00e8ve\/Annemasse, Allemagne (ferry \u00e0 Travem\u00fcnde), Finlande, Russie, Mongolie, Russie, Ukraine, Hongrie, Autriche, Allemagne, Gen\u00e8ve\/Annemasse.<\/li>\n<li>Dur\u00e9e : 6 semaines, juillet et ao\u00fbt 2013 + quelques nuits au retour \u00e0 r\u00eaver de navigation sur les pistes et des rencontres.<\/li>\n<li>Organisation\u00a0: Rando-Espace, Jean Da\u00a0Silva \u2013 vainqueur du Paris-Dakar en 1985.<\/li>\n<li>Participants\u00a0: 5 v\u00e9hicules, 11 personnes qui sont: Jean et Dominique (les organisateurs sur HDJ\u00a0100), la famille de baroudeurs sur Land Rover\u00a0: Sylvie, Philippe, Romain et Clo\u00e9, le team\u00a0HZJ\u00a074 Bernard et Claude (l\u2019auteur de ce reportage), le HDJ\u00a0100 mal\u00e9fique d\u2019Ars\u00e8ne et Odile, et l\u2019\u00e9lectron libre St\u00e9phane sur HZJ 75.<\/li>\n<li>Total du kilom\u00e9trage parcouru\u00a0: 18\u2019493 km.\u00a0 Kilom\u00e9trage en Mongolie\u00a0: 5\u2019231 km.<\/li>\n<li>Carburant\u00a0utilis\u00e9 : 1\u2019853 litres de gasoil.<\/li>\n<li>Surface de la Mongolie : 2.5 fois la France, 2&#8217;800&#8217;000 habitants (recensement 2012)<\/li>\n<li>Photos : Claude, l\u2019auteur ce blog\u00a0(Nikon D90)<\/li>\n<li>R\u00e9f\u00e9rence documentaire : La Mongolie de K.Kaplanian\u00a0et G. Touboulic \u2013 ISBN 978-2-907629-77-5 \u00e9dition : Les guides peuples du monde.\n<div id=\"attachment_231\" style=\"width: 624px\" class=\"wp-caption aligncenter\"><a href=\"https:\/\/www.horizon-dunes.ch\/wordpress\/wp-content\/uploads\/2013\/10\/A-575.jpg\"><img loading=\"lazy\" decoding=\"async\" aria-describedby=\"caption-attachment-231\" class=\" wp-image-231   \" alt=\"Nous sommes tous l\u00e0, sauf St\u00e9phane l'\u00e9lectron libre et moi le photographe\" src=\"https:\/\/www.horizon-dunes.ch\/wordpress\/wp-content\/uploads\/2013\/10\/A-575.jpg\" width=\"614\" height=\"436\" srcset=\"https:\/\/horizon-dunes.ch\/wordpress\/wp-content\/uploads\/2013\/10\/A-575.jpg 1024w, https:\/\/horizon-dunes.ch\/wordpress\/wp-content\/uploads\/2013\/10\/A-575-300x212.jpg 300w, https:\/\/horizon-dunes.ch\/wordpress\/wp-content\/uploads\/2013\/10\/A-575-624x443.jpg 624w\" sizes=\"auto, (max-width: 614px) 100vw, 614px\" \/><\/a><p id=\"caption-attachment-231\" class=\"wp-caption-text\">Nous sommes tous l\u00e0, sauf St\u00e9phane l&#8217;\u00e9lectron libre et moi le photographe<\/p><\/div>\n<p><strong><span style=\"font-size: medium;\">Paysages de Mongolie<\/span><\/strong><br \/>\n<i>\r\n\t<div class=\"slideshow_container slideshow_container_style-light\" style=\"height: 768px; max-width: 1024px;\" data-slideshow-id=\"615\" data-style-name=\"style-light\" data-style-version=\"2.3.1\" >\r\n\r\n\t\t\t\t\t<div class=\"slideshow_loading_icon\"><\/div>\r\n\t\t\r\n\t\t<div class=\"slideshow_content\" style=\"display: none;\">\r\n\r\n\t\t\t<div class=\"slideshow_view\">\r\n\t\t\t\t<div class=\"slideshow_slide slideshow_slide_image\">\r\n\t\t\t\t\t\t\t\t\t\t\t<img src=\"https:\/\/horizon-dunes.ch\/wordpress\/wp-content\/uploads\/2013\/10\/A-320-piste.jpg\" alt=\"A-320 piste\" width=\"1024\" height=\"680\" \/>\r\n\t\t\t\t\t\t\t\t\t\t<div class=\"slideshow_description_box slideshow_transparent\">\r\n\t\t\t\t\t\t<div class=\"slideshow_title\">A-320 piste<\/div>\t\t\t\t\t\t\t\t\t\t\t<\/div>\r\n\t\t\t\t<\/div>\r\n\r\n\t\t\t\t\t\t<div style=\"clear: both;\"><\/div><\/div><div class=\"slideshow_view\">\r\n\t\t\t\t<div class=\"slideshow_slide slideshow_slide_image\">\r\n\t\t\t\t\t\t\t\t\t\t\t<img src=\"https:\/\/horizon-dunes.ch\/wordpress\/wp-content\/uploads\/2013\/10\/A-354.jpg\" alt=\"A-354\" width=\"1024\" height=\"680\" \/>\r\n\t\t\t\t\t\t\t\t\t\t<div class=\"slideshow_description_box slideshow_transparent\">\r\n\t\t\t\t\t\t<div class=\"slideshow_title\">A-354<\/div>\t\t\t\t\t\t\t\t\t\t\t<\/div>\r\n\t\t\t\t<\/div>\r\n\r\n\t\t\t\t\t\t<div style=\"clear: both;\"><\/div><\/div><div class=\"slideshow_view\">\r\n\t\t\t\t<div class=\"slideshow_slide slideshow_slide_image\">\r\n\t\t\t\t\t\t\t\t\t\t\t<img src=\"https:\/\/horizon-dunes.ch\/wordpress\/wp-content\/uploads\/2013\/10\/A-110.jpg\" alt=\"A-110\" width=\"1024\" height=\"541\" \/>\r\n\t\t\t\t\t\t\t\t\t\t<div class=\"slideshow_description_box slideshow_transparent\">\r\n\t\t\t\t\t\t<div class=\"slideshow_title\">A-110<\/div>\t\t\t\t\t\t\t\t\t\t\t<\/div>\r\n\t\t\t\t<\/div>\r\n\r\n\t\t\t\t\t\t<div style=\"clear: both;\"><\/div><\/div><div class=\"slideshow_view\">\r\n\t\t\t\t<div class=\"slideshow_slide slideshow_slide_image\">\r\n\t\t\t\t\t\t\t\t\t\t\t<img src=\"https:\/\/horizon-dunes.ch\/wordpress\/wp-content\/uploads\/2013\/10\/A-136-flore.jpg\" alt=\"A-136 flore\" width=\"1024\" height=\"680\" \/>\r\n\t\t\t\t\t\t\t\t\t\t<div class=\"slideshow_description_box slideshow_transparent\">\r\n\t\t\t\t\t\t<div class=\"slideshow_title\">A-136 flore<\/div>\t\t\t\t\t\t\t\t\t\t\t<\/div>\r\n\t\t\t\t<\/div>\r\n\r\n\t\t\t\t\t\t<div style=\"clear: both;\"><\/div><\/div><div class=\"slideshow_view\">\r\n\t\t\t\t<div class=\"slideshow_slide slideshow_slide_image\">\r\n\t\t\t\t\t\t\t\t\t\t\t<img src=\"https:\/\/horizon-dunes.ch\/wordpress\/wp-content\/uploads\/2013\/10\/A-453.jpg\" alt=\"A-453\" width=\"1024\" height=\"680\" \/>\r\n\t\t\t\t\t\t\t\t\t\t<div class=\"slideshow_description_box slideshow_transparent\">\r\n\t\t\t\t\t\t<div class=\"slideshow_title\">A-453<\/div>\t\t\t\t\t\t\t\t\t\t\t<\/div>\r\n\t\t\t\t<\/div>\r\n\r\n\t\t\t\t\t\t<div style=\"clear: both;\"><\/div><\/div><div class=\"slideshow_view\">\r\n\t\t\t\t<div class=\"slideshow_slide slideshow_slide_image\">\r\n\t\t\t\t\t\t\t\t\t\t\t<img src=\"https:\/\/horizon-dunes.ch\/wordpress\/wp-content\/uploads\/2013\/10\/A-237-lac-Khar-Nuur.jpg\" alt=\"A-237 lac Khar Nuur\" width=\"1024\" height=\"493\" \/>\r\n\t\t\t\t\t\t\t\t\t\t<div class=\"slideshow_description_box slideshow_transparent\">\r\n\t\t\t\t\t\t<div class=\"slideshow_title\">A-237 lac Khar Nuur<\/div>\t\t\t\t\t\t\t\t\t\t\t<\/div>\r\n\t\t\t\t<\/div>\r\n\r\n\t\t\t\t\t\t<div style=\"clear: both;\"><\/div><\/div><div class=\"slideshow_view\">\r\n\t\t\t\t<div class=\"slideshow_slide slideshow_slide_image\">\r\n\t\t\t\t\t\t\t\t\t\t\t<img src=\"https:\/\/horizon-dunes.ch\/wordpress\/wp-content\/uploads\/2013\/10\/A-256-paysage.jpg\" alt=\"A-256 paysage\" width=\"1024\" height=\"444\" \/>\r\n\t\t\t\t\t\t\t\t\t\t<div class=\"slideshow_description_box slideshow_transparent\">\r\n\t\t\t\t\t\t<div class=\"slideshow_title\">A-256 paysage<\/div>\t\t\t\t\t\t\t\t\t\t\t<\/div>\r\n\t\t\t\t<\/div>\r\n\r\n\t\t\t\t\t\t<div style=\"clear: both;\"><\/div><\/div><div class=\"slideshow_view\">\r\n\t\t\t\t<div class=\"slideshow_slide slideshow_slide_image\">\r\n\t\t\t\t\t\t\t\t\t\t\t<img src=\"https:\/\/horizon-dunes.ch\/wordpress\/wp-content\/uploads\/2013\/10\/A-279.jpg\" alt=\"A-279\" width=\"1024\" height=\"680\" \/>\r\n\t\t\t\t\t\t\t\t\t\t<div class=\"slideshow_description_box slideshow_transparent\">\r\n\t\t\t\t\t\t<div class=\"slideshow_title\">A-279<\/div>\t\t\t\t\t\t\t\t\t\t\t<\/div>\r\n\t\t\t\t<\/div>\r\n\r\n\t\t\t\t\t\t<div style=\"clear: both;\"><\/div><\/div><div class=\"slideshow_view\">\r\n\t\t\t\t<div class=\"slideshow_slide slideshow_slide_image\">\r\n\t\t\t\t\t\t\t\t\t\t\t<img src=\"https:\/\/horizon-dunes.ch\/wordpress\/wp-content\/uploads\/2013\/10\/A-301.jpg\" alt=\"A-301\" width=\"1024\" height=\"680\" \/>\r\n\t\t\t\t\t\t\t\t\t\t<div class=\"slideshow_description_box slideshow_transparent\">\r\n\t\t\t\t\t\t<div class=\"slideshow_title\">A-301<\/div>\t\t\t\t\t\t\t\t\t\t\t<\/div>\r\n\t\t\t\t<\/div>\r\n\r\n\t\t\t\t\t\t<div style=\"clear: both;\"><\/div><\/div><div class=\"slideshow_view\">\r\n\t\t\t\t<div class=\"slideshow_slide slideshow_slide_image\">\r\n\t\t\t\t\t\t\t\t\t\t\t<img src=\"https:\/\/horizon-dunes.ch\/wordpress\/wp-content\/uploads\/2013\/10\/A-316_Altai.jpg\" alt=\"A-316_Altai\" width=\"1024\" height=\"413\" \/>\r\n\t\t\t\t\t\t\t\t\t\t<div class=\"slideshow_description_box slideshow_transparent\">\r\n\t\t\t\t\t\t<div class=\"slideshow_title\">A-316_Altai<\/div>\t\t\t\t\t\t\t\t\t\t\t<\/div>\r\n\t\t\t\t<\/div>\r\n\r\n\t\t\t\t\t\t<div style=\"clear: both;\"><\/div><\/div><div class=\"slideshow_view\">\r\n\t\t\t\t<div class=\"slideshow_slide slideshow_slide_image\">\r\n\t\t\t\t\t\t\t\t\t\t\t<img src=\"https:\/\/horizon-dunes.ch\/wordpress\/wp-content\/uploads\/2013\/10\/B-201-Bayan-Ondor.jpg\" alt=\"B-201 Bayan Ondor\" width=\"1024\" height=\"558\" \/>\r\n\t\t\t\t\t\t\t\t\t\t<div class=\"slideshow_description_box slideshow_transparent\">\r\n\t\t\t\t\t\t<div class=\"slideshow_title\">B-201 Bayan Ondor<\/div>\t\t\t\t\t\t\t\t\t\t\t<\/div>\r\n\t\t\t\t<\/div>\r\n\r\n\t\t\t\t\t\t<div style=\"clear: both;\"><\/div><\/div><div class=\"slideshow_view\">\r\n\t\t\t\t<div class=\"slideshow_slide slideshow_slide_image\">\r\n\t\t\t\t\t\t\t\t\t\t\t<img src=\"https:\/\/horizon-dunes.ch\/wordpress\/wp-content\/uploads\/2013\/10\/A-343.jpg\" alt=\"A-343\" width=\"1024\" height=\"680\" \/>\r\n\t\t\t\t\t\t\t\t\t\t<div class=\"slideshow_description_box slideshow_transparent\">\r\n\t\t\t\t\t\t<div class=\"slideshow_title\">A-343<\/div>\t\t\t\t\t\t\t\t\t\t\t<\/div>\r\n\t\t\t\t<\/div>\r\n\r\n\t\t\t\t\t\t<div style=\"clear: both;\"><\/div><\/div><div class=\"slideshow_view\">\r\n\t\t\t\t<div class=\"slideshow_slide slideshow_slide_image\">\r\n\t\t\t\t\t\t\t\t\t\t\t<img src=\"https:\/\/horizon-dunes.ch\/wordpress\/wp-content\/uploads\/2013\/10\/A-333.jpg\" alt=\"A-333\" width=\"1024\" height=\"680\" \/>\r\n\t\t\t\t\t\t\t\t\t\t<div class=\"slideshow_description_box slideshow_transparent\">\r\n\t\t\t\t\t\t<div class=\"slideshow_title\">A-333<\/div>\t\t\t\t\t\t\t\t\t\t\t<\/div>\r\n\t\t\t\t<\/div>\r\n\r\n\t\t\t\t\t\t<div style=\"clear: both;\"><\/div><\/div><div class=\"slideshow_view\">\r\n\t\t\t\t<div class=\"slideshow_slide slideshow_slide_image\">\r\n\t\t\t\t\t\t\t\t\t\t\t<img src=\"https:\/\/horizon-dunes.ch\/wordpress\/wp-content\/uploads\/2013\/10\/A-325.jpg\" alt=\"A-325\" width=\"1024\" height=\"680\" \/>\r\n\t\t\t\t\t\t\t\t\t\t<div class=\"slideshow_description_box slideshow_transparent\">\r\n\t\t\t\t\t\t<div class=\"slideshow_title\">A-325<\/div>\t\t\t\t\t\t\t\t\t\t\t<\/div>\r\n\t\t\t\t<\/div>\r\n\r\n\t\t\t\t\t\t<div style=\"clear: both;\"><\/div><\/div><div class=\"slideshow_view\">\r\n\t\t\t\t<div class=\"slideshow_slide slideshow_slide_image\">\r\n\t\t\t\t\t\t\t\t\t\t\t<img src=\"https:\/\/horizon-dunes.ch\/wordpress\/wp-content\/uploads\/2013\/10\/A-349.jpg\" alt=\"A-349\" width=\"1024\" height=\"680\" \/>\r\n\t\t\t\t\t\t\t\t\t\t<div class=\"slideshow_description_box slideshow_transparent\">\r\n\t\t\t\t\t\t<div class=\"slideshow_title\">A-349<\/div>\t\t\t\t\t\t\t\t\t\t\t<\/div>\r\n\t\t\t\t<\/div>\r\n\r\n\t\t\t\t\t\t<div style=\"clear: both;\"><\/div><\/div><div class=\"slideshow_view\">\r\n\t\t\t\t<div class=\"slideshow_slide slideshow_slide_image\">\r\n\t\t\t\t\t\t\t\t\t\t\t<img src=\"https:\/\/horizon-dunes.ch\/wordpress\/wp-content\/uploads\/2013\/10\/B-078-Bayanzag-.jpg\" alt=\"B-078 Bayanzag\" width=\"1024\" height=\"456\" \/>\r\n\t\t\t\t\t\t\t\t\t\t<div class=\"slideshow_description_box slideshow_transparent\">\r\n\t\t\t\t\t\t<div class=\"slideshow_title\">B-078 Bayanzag<\/div>\t\t\t\t\t\t\t\t\t\t\t<\/div>\r\n\t\t\t\t<\/div>\r\n\r\n\t\t\t\t\t\t<div style=\"clear: both;\"><\/div><\/div><div class=\"slideshow_view\">\r\n\t\t\t\t<div class=\"slideshow_slide slideshow_slide_image\">\r\n\t\t\t\t\t\t\t\t\t\t\t<img src=\"https:\/\/horizon-dunes.ch\/wordpress\/wp-content\/uploads\/2013\/10\/B-080-Bayanzag.jpg\" alt=\"B-080 Bayanzag\" width=\"1024\" height=\"486\" \/>\r\n\t\t\t\t\t\t\t\t\t\t<div class=\"slideshow_description_box slideshow_transparent\">\r\n\t\t\t\t\t\t<div class=\"slideshow_title\">B-080 Bayanzag<\/div>\t\t\t\t\t\t\t\t\t\t\t<\/div>\r\n\t\t\t\t<\/div>\r\n\r\n\t\t\t\t\t\t<div style=\"clear: both;\"><\/div><\/div><div class=\"slideshow_view\">\r\n\t\t\t\t<div class=\"slideshow_slide slideshow_slide_image\">\r\n\t\t\t\t\t\t\t\t\t\t\t<img src=\"https:\/\/horizon-dunes.ch\/wordpress\/wp-content\/uploads\/2013\/10\/B-224.jpg\" alt=\"B-224\" width=\"1024\" height=\"445\" \/>\r\n\t\t\t\t\t\t\t\t\t\t<div class=\"slideshow_description_box slideshow_transparent\">\r\n\t\t\t\t\t\t<div class=\"slideshow_title\">B-224<\/div>\t\t\t\t\t\t\t\t\t\t\t<\/div>\r\n\t\t\t\t<\/div>\r\n\r\n\t\t\t\t\t\t<div style=\"clear: both;\"><\/div><\/div><div class=\"slideshow_view\">\r\n\t\t\t\t<div class=\"slideshow_slide slideshow_slide_image\">\r\n\t\t\t\t\t\t\t\t\t\t\t<img src=\"https:\/\/horizon-dunes.ch\/wordpress\/wp-content\/uploads\/2013\/10\/DSC_0114.jpg\" alt=\"DSC_0114\" width=\"1024\" height=\"648\" \/>\r\n\t\t\t\t\t\t\t\t\t\t<div class=\"slideshow_description_box slideshow_transparent\">\r\n\t\t\t\t\t\t<div class=\"slideshow_title\">DSC_0114<\/div>\t\t\t\t\t\t\t\t\t\t\t<\/div>\r\n\t\t\t\t<\/div>\r\n\r\n\t\t\t\t\t\t<div style=\"clear: both;\"><\/div><\/div>\r\n\t\t<\/div>\r\n\r\n\t\t<div class=\"slideshow_controlPanel slideshow_transparent\" style=\"display: none;\"><ul><li class=\"slideshow_togglePlay\" data-play-text=\"Play\" data-pause-text=\"Pause\"><\/li><\/ul><\/div>\r\n\r\n\t\t<div class=\"slideshow_button slideshow_previous slideshow_transparent\" role=\"button\" data-previous-text=\"Pr\u00e9c\u00e9dent\" style=\"display: none;\"><\/div>\r\n\t\t<div class=\"slideshow_button slideshow_next slideshow_transparent\" role=\"button\" data-next-text=\"Suivant\" style=\"display: none;\"><\/div>\r\n\r\n\t\t<div class=\"slideshow_pagination\" style=\"display: none;\" data-go-to-text=\"Go to slide\"><div class=\"slideshow_pagination_center\"><\/div><\/div>\r\n\r\n\t\t<!-- WordPress Slideshow Version 2.3.1 -->\r\n\r\n\t\t\t<\/div>\r\n\r\n<\/i><\/li>\n<\/ul>\n<h2><\/h2>\n<p>&nbsp;<\/p>\n","protected":false},"excerpt":{"rendered":"<p>Quelques infos concernant ce raid Parcours\u00a0effectu\u00e9 : Gen\u00e8ve\/Annemasse, Allemagne (ferry \u00e0 Travem\u00fcnde), Finlande, Russie, Mongolie, Russie, Ukraine, Hongrie, Autriche, Allemagne, Gen\u00e8ve\/Annemasse. Dur\u00e9e : 6 semaines, juillet et ao\u00fbt 2013 + quelques nuits au retour \u00e0 r\u00eaver de navigation sur les pistes et des rencontres. Organisation\u00a0: Rando-Espace, Jean Da\u00a0Silva \u2013 vainqueur du Paris-Dakar en 1985. Participants\u00a0: [&hellip;]<\/p>\n","protected":false},"author":1,"featured_media":0,"parent":0,"menu_order":0,"comment_status":"closed","ping_status":"closed","template":"page-templates\/full-width.php","meta":{"footnotes":""},"class_list":["post-206","page","type-page","status-publish","hentry"],"_links":{"self":[{"href":"https:\/\/horizon-dunes.ch\/wordpress\/index.php?rest_route=\/wp\/v2\/pages\/206","targetHints":{"allow":["GET"]}}],"collection":[{"href":"https:\/\/horizon-dunes.ch\/wordpress\/index.php?rest_route=\/wp\/v2\/pages"}],"about":[{"href":"https:\/\/horizon-dunes.ch\/wordpress\/index.php?rest_route=\/wp\/v2\/types\/page"}],"author":[{"embeddable":true,"href":"https:\/\/horizon-dunes.ch\/wordpress\/index.php?rest_route=\/wp\/v2\/users\/1"}],"replies":[{"embeddable":true,"href":"https:\/\/horizon-dunes.ch\/wordpress\/index.php?rest_route=%2Fwp%2Fv2%2Fcomments&post=206"}],"version-history":[{"count":19,"href":"https:\/\/horizon-dunes.ch\/wordpress\/index.php?rest_route=\/wp\/v2\/pages\/206\/revisions"}],"predecessor-version":[{"id":616,"href":"https:\/\/horizon-dunes.ch\/wordpress\/index.php?rest_route=\/wp\/v2\/pages\/206\/revisions\/616"}],"wp:attachment":[{"href":"https:\/\/horizon-dunes.ch\/wordpress\/index.php?rest_route=%2Fwp%2Fv2%2Fmedia&parent=206"}],"curies":[{"name":"wp","href":"https:\/\/api.w.org\/{rel}","templated":true}]}}