{"id":212,"date":"2013-10-05T21:06:41","date_gmt":"2013-10-05T19:06:41","guid":{"rendered":"http:\/\/www.horizon-dunes.ch\/wordpress\/?page_id=212"},"modified":"2013-10-07T17:10:34","modified_gmt":"2013-10-07T15:10:34","slug":"pistes-routes","status":"publish","type":"page","link":"https:\/\/horizon-dunes.ch\/wordpress\/?page_id=212","title":{"rendered":"Pistes et routes"},"content":{"rendered":"<p style=\"text-align: justify;\">Ce qui sur les cartes ressemble \u00e0 de grandes routes\u00a0 (trac\u00e9 blanc bord\u00e9 de rouge) s\u2019av\u00e8re tr\u00e8s souvent \u00eatre de simples pistes trac\u00e9es dans la poussi\u00e8re, la boue ou des pierriers qui peuvent \u00eatre cassants, et il n\u2019y a presque aucun panneau de signalisation dans tout le pays.<\/p>\n<div id=\"attachment_224\" style=\"width: 1034px\" class=\"wp-caption aligncenter\"><a href=\"https:\/\/www.horizon-dunes.ch\/wordpress\/wp-content\/uploads\/2013\/10\/La-r\u00e9alit\u00e9.jpg\"><img loading=\"lazy\" decoding=\"async\" aria-describedby=\"caption-attachment-224\" class=\"wp-image-224 \" alt=\"La r\u00e9alit\u00e9\" src=\"https:\/\/www.horizon-dunes.ch\/wordpress\/wp-content\/uploads\/2013\/10\/La-r\u00e9alit\u00e9.jpg\" width=\"1024\" height=\"681\" srcset=\"https:\/\/horizon-dunes.ch\/wordpress\/wp-content\/uploads\/2013\/10\/La-r\u00e9alit\u00e9.jpg 1024w, https:\/\/horizon-dunes.ch\/wordpress\/wp-content\/uploads\/2013\/10\/La-r\u00e9alit\u00e9-300x199.jpg 300w, https:\/\/horizon-dunes.ch\/wordpress\/wp-content\/uploads\/2013\/10\/La-r\u00e9alit\u00e9-624x414.jpg 624w\" sizes=\"auto, (max-width: 1024px) 100vw, 1024px\" \/><\/a><p id=\"caption-attachment-224\" class=\"wp-caption-text\">La r\u00e9alit\u00e9 entre la carte et le terrain<\/p><\/div>\n<div style=\"width: 918px\" class=\"wp-caption alignnone\"><a href=\"http:\/\/horizondunesdotme.files.wordpress.com\/2013\/09\/a-322-piste1.jpg\"><img loading=\"lazy\" decoding=\"async\" alt=\"\" src=\"http:\/\/horizondunesdotme.files.wordpress.com\/2013\/09\/a-322-piste1.jpg?w=908\" width=\"908\" height=\"419\" \/><\/a><p class=\"wp-caption-text\">Eh oui ! c&#8217;est une piste<\/p><\/div>\n<p style=\"text-align: justify;\">En Mongolie, les pistes relient les nomades, ce qui explique qu\u2019une piste emprunt\u00e9e se termine tr\u00e8s souvent devant une yourte. Une technique est de se rep\u00e9rer avec les lignes t\u00e9l\u00e9phoniques quand il y en a, car elles m\u00e8nent \u00e0 un village ou une ville.<\/p>\n<p style=\"text-align: justify;\">Certaines fois, faute de pont, il faut franchir une rivi\u00e8re pour atteindre le village d\u2019en face\u00a0pour continuer la piste. Dans ce genre de situation, il vaut mieux se renseigner aupr\u00e8s des gens des alentours pour savoir o\u00f9 se trouve le meilleur passage, car ces passages de gu\u00e9 peuvent cacher des pi\u00e8ges, ce que nous avons exp\u00e9riment\u00e9. Bravo Clo\u00e9 et Romain qui ont spontan\u00e9ment pris le bain pour d\u00e9gager le 4\u00d74 d\u2019Ars\u00e8ne.<\/p>\n<div style=\"width: 918px\" class=\"wp-caption alignnone\"><a href=\"http:\/\/horizondunesdotme.files.wordpress.com\/2013\/09\/b-025-guc3a9.jpg\"><img loading=\"lazy\" decoding=\"async\" alt=\"\" src=\"http:\/\/horizondunesdotme.files.wordpress.com\/2013\/09\/b-025-guc3a9.jpg?w=908&amp;h=542\" width=\"908\" height=\"544\" \/><\/a><p class=\"wp-caption-text\">Un passage de gu\u00e9 sportif<\/p><\/div>\n<p style=\"text-align: justify;\">Par exemple, pour atteindre le village de Sajchan-Ovoo, sur les indications des habitants d\u2019en face du village,\u00a0\u00a0nous avons d\u00fb faire un d\u00e9tour de 50 km par Bayangol\u00a0pour trouver le bon gu\u00e9.<br \/>\nDans un autre cas, o\u00f9 ne trouvions pas le passage du gu\u00e9, des militaires nous ont spontan\u00e9ment guid\u00e9:\u00a0\u00a0il a fallu\u00a0s\u2019engager dans la rivi\u00e8re l\u00e0 o\u00f9 la berge le permettait, puis la descendre sur 300m pour en trouver la sortie, et surprise de l&#8217;autre c\u00f4t\u00e9, il y avait une yourte et un couple de Mongols dont la t\u00e2che est de d\u00e9sinfecter, moyennant une petite finance avec un re\u00e7u officiel du paiement effectu\u00e9, les v\u00e9hicules qui ont pass\u00e9 le gu\u00e9.<\/p>\n<p><em>Cliquez sur une vignette pour afficher la photo en pleine page<\/em><\/p>\n\n\t\t<style type=\"text\/css\">\n\t\t\t#gallery-1 {\n\t\t\t\tmargin: auto;\n\t\t\t}\n\t\t\t#gallery-1 .gallery-item {\n\t\t\t\tfloat: left;\n\t\t\t\tmargin-top: 10px;\n\t\t\t\ttext-align: center;\n\t\t\t\twidth: 25%;\n\t\t\t}\n\t\t\t#gallery-1 img {\n\t\t\t\tborder: 2px solid #cfcfcf;\n\t\t\t}\n\t\t\t#gallery-1 .gallery-caption {\n\t\t\t\tmargin-left: 0;\n\t\t\t}\n\t\t\t\/* see gallery_shortcode() in wp-includes\/media.php *\/\n\t\t<\/style>\n\t\t<div id='gallery-1' class='gallery galleryid-212 gallery-columns-4 gallery-size-thumbnail'><dl class='gallery-item'>\n\t\t\t<dt class='gallery-icon landscape'>\n\t\t\t\t<a href='https:\/\/horizon-dunes.ch\/wordpress\/wp-content\/uploads\/2013\/10\/A223-pont.jpg'><img loading=\"lazy\" decoding=\"async\" width=\"150\" height=\"150\" src=\"https:\/\/horizon-dunes.ch\/wordpress\/wp-content\/uploads\/2013\/10\/A223-pont-150x150.jpg\" class=\"attachment-thumbnail size-thumbnail\" alt=\"\" aria-describedby=\"gallery-1-471\" \/><\/a>\n\t\t\t<\/dt>\n\t\t\t\t<dd class='wp-caption-text gallery-caption' id='gallery-1-471'>\n\t\t\t\tUn pont rustique\n\t\t\t\t<\/dd><\/dl><dl class='gallery-item'>\n\t\t\t<dt class='gallery-icon landscape'>\n\t\t\t\t<a href='https:\/\/horizon-dunes.ch\/wordpress\/wp-content\/uploads\/2013\/10\/A-143-Gu\u00e9.jpg'><img loading=\"lazy\" decoding=\"async\" width=\"150\" height=\"150\" src=\"https:\/\/horizon-dunes.ch\/wordpress\/wp-content\/uploads\/2013\/10\/A-143-Gu\u00e9-150x150.jpg\" class=\"attachment-thumbnail size-thumbnail\" alt=\"\" aria-describedby=\"gallery-1-259\" \/><\/a>\n\t\t\t<\/dt>\n\t\t\t\t<dd class='wp-caption-text gallery-caption' id='gallery-1-259'>\n\t\t\t\tLe nez dans l&#8217;eau\n\t\t\t\t<\/dd><\/dl><dl class='gallery-item'>\n\t\t\t<dt class='gallery-icon landscape'>\n\t\t\t\t<a href='https:\/\/horizon-dunes.ch\/wordpress\/wp-content\/uploads\/2013\/10\/DSC_0499.jpg'><img loading=\"lazy\" decoding=\"async\" width=\"150\" height=\"150\" src=\"https:\/\/horizon-dunes.ch\/wordpress\/wp-content\/uploads\/2013\/10\/DSC_0499-150x150.jpg\" class=\"attachment-thumbnail size-thumbnail\" alt=\"\" aria-describedby=\"gallery-1-267\" \/><\/a>\n\t\t\t<\/dt>\n\t\t\t\t<dd class='wp-caption-text gallery-caption' id='gallery-1-267'>\n\t\t\t\tLes pieds dans l&#8217;eau\n\t\t\t\t<\/dd><\/dl><dl class='gallery-item'>\n\t\t\t<dt class='gallery-icon landscape'>\n\t\t\t\t<a href='https:\/\/horizon-dunes.ch\/wordpress\/wp-content\/uploads\/2013\/10\/A-302-piste-landrover.jpg'><img loading=\"lazy\" decoding=\"async\" width=\"150\" height=\"150\" src=\"https:\/\/horizon-dunes.ch\/wordpress\/wp-content\/uploads\/2013\/10\/A-302-piste-landrover-150x150.jpg\" class=\"attachment-thumbnail size-thumbnail\" alt=\"\" aria-describedby=\"gallery-1-260\" \/><\/a>\n\t\t\t<\/dt>\n\t\t\t\t<dd class='wp-caption-text gallery-caption' id='gallery-1-260'>\n\t\t\t\tSolitude\n\t\t\t\t<\/dd><\/dl><br style=\"clear: both\" \/><dl class='gallery-item'>\n\t\t\t<dt class='gallery-icon landscape'>\n\t\t\t\t<a href='https:\/\/horizon-dunes.ch\/wordpress\/wp-content\/uploads\/2013\/10\/A-355-piste.jpg'><img loading=\"lazy\" decoding=\"async\" width=\"150\" height=\"150\" src=\"https:\/\/horizon-dunes.ch\/wordpress\/wp-content\/uploads\/2013\/10\/A-355-piste-150x150.jpg\" class=\"attachment-thumbnail size-thumbnail\" alt=\"\" aria-describedby=\"gallery-1-262\" \/><\/a>\n\t\t\t<\/dt>\n\t\t\t\t<dd class='wp-caption-text gallery-caption' id='gallery-1-262'>\n\t\t\t\tGrandiose \n\t\t\t\t<\/dd><\/dl><dl class='gallery-item'>\n\t\t\t<dt class='gallery-icon landscape'>\n\t\t\t\t<a href='https:\/\/horizon-dunes.ch\/wordpress\/wp-content\/uploads\/2013\/10\/A-342.jpg'><img loading=\"lazy\" decoding=\"async\" width=\"150\" height=\"150\" src=\"https:\/\/horizon-dunes.ch\/wordpress\/wp-content\/uploads\/2013\/10\/A-342-150x150.jpg\" class=\"attachment-thumbnail size-thumbnail\" alt=\"\" aria-describedby=\"gallery-1-261\" \/><\/a>\n\t\t\t<\/dt>\n\t\t\t\t<dd class='wp-caption-text gallery-caption' id='gallery-1-261'>\n\t\t\t\tTrouver son chemin dans les marais\n\t\t\t\t<\/dd><\/dl><dl class='gallery-item'>\n\t\t\t<dt class='gallery-icon landscape'>\n\t\t\t\t<a href='https:\/\/horizon-dunes.ch\/wordpress\/wp-content\/uploads\/2013\/10\/A-490-gu\u00e9-plant\u00e9.jpg'><img loading=\"lazy\" decoding=\"async\" width=\"150\" height=\"150\" src=\"https:\/\/horizon-dunes.ch\/wordpress\/wp-content\/uploads\/2013\/10\/A-490-gu\u00e9-plant\u00e9-150x150.jpg\" class=\"attachment-thumbnail size-thumbnail\" alt=\"\" aria-describedby=\"gallery-1-264\" \/><\/a>\n\t\t\t<\/dt>\n\t\t\t\t<dd class='wp-caption-text gallery-caption' id='gallery-1-264'>\n\t\t\t\tOups! mal calcul\u00e9\n\t\t\t\t<\/dd><\/dl><dl class='gallery-item'>\n\t\t\t<dt class='gallery-icon landscape'>\n\t\t\t\t<a href='https:\/\/horizon-dunes.ch\/wordpress\/wp-content\/uploads\/2013\/10\/B-260-piste.jpg'><img loading=\"lazy\" decoding=\"async\" width=\"150\" height=\"150\" src=\"https:\/\/horizon-dunes.ch\/wordpress\/wp-content\/uploads\/2013\/10\/B-260-piste-150x150.jpg\" class=\"attachment-thumbnail size-thumbnail\" alt=\"\" aria-describedby=\"gallery-1-266\" \/><\/a>\n\t\t\t<\/dt>\n\t\t\t\t<dd class='wp-caption-text gallery-caption' id='gallery-1-266'>\n\t\t\t\tC&#8217;est indiqu\u00e9 route principale sur la carte\n\t\t\t\t<\/dd><\/dl><br style=\"clear: both\" \/><dl class='gallery-item'>\n\t\t\t<dt class='gallery-icon landscape'>\n\t\t\t\t<a href='https:\/\/horizon-dunes.ch\/wordpress\/wp-content\/uploads\/2013\/10\/A-447-camion-piste.jpg'><img loading=\"lazy\" decoding=\"async\" width=\"150\" height=\"150\" src=\"https:\/\/horizon-dunes.ch\/wordpress\/wp-content\/uploads\/2013\/10\/A-447-camion-piste-150x150.jpg\" class=\"attachment-thumbnail size-thumbnail\" alt=\"\" aria-describedby=\"gallery-1-263\" \/><\/a>\n\t\t\t<\/dt>\n\t\t\t\t<dd class='wp-caption-text gallery-caption' id='gallery-1-263'>\n\t\t\t\tUn 5 essieux sur la piste\n\t\t\t\t<\/dd><\/dl><dl class='gallery-item'>\n\t\t\t<dt class='gallery-icon landscape'>\n\t\t\t\t<a href='https:\/\/horizon-dunes.ch\/wordpress\/wp-content\/uploads\/2013\/10\/DSC_0332.jpg'><img loading=\"lazy\" decoding=\"async\" width=\"150\" height=\"150\" src=\"https:\/\/horizon-dunes.ch\/wordpress\/wp-content\/uploads\/2013\/10\/DSC_0332-150x150.jpg\" class=\"attachment-thumbnail size-thumbnail\" alt=\"\" aria-describedby=\"gallery-1-467\" \/><\/a>\n\t\t\t<\/dt>\n\t\t\t\t<dd class='wp-caption-text gallery-caption' id='gallery-1-467'>\n\t\t\t\tSur la piste\n\t\t\t\t<\/dd><\/dl><dl class='gallery-item'>\n\t\t\t<dt class='gallery-icon landscape'>\n\t\t\t\t<a href='https:\/\/horizon-dunes.ch\/wordpress\/wp-content\/uploads\/2013\/10\/B-207-gazoil.jpg'><img loading=\"lazy\" decoding=\"async\" width=\"150\" height=\"150\" src=\"https:\/\/horizon-dunes.ch\/wordpress\/wp-content\/uploads\/2013\/10\/B-207-gazoil-150x150.jpg\" class=\"attachment-thumbnail size-thumbnail\" alt=\"\" aria-describedby=\"gallery-1-465\" \/><\/a>\n\t\t\t<\/dt>\n\t\t\t\t<dd class='wp-caption-text gallery-caption' id='gallery-1-465'>\n\t\t\t\tStation de carburant\n\t\t\t\t<\/dd><\/dl><dl class='gallery-item'>\n\t\t\t<dt class='gallery-icon portrait'>\n\t\t\t\t<a href='https:\/\/horizon-dunes.ch\/wordpress\/wp-content\/uploads\/2013\/10\/B-126-Eau.jpg'><img loading=\"lazy\" decoding=\"async\" width=\"150\" height=\"150\" src=\"https:\/\/horizon-dunes.ch\/wordpress\/wp-content\/uploads\/2013\/10\/B-126-Eau-150x150.jpg\" class=\"attachment-thumbnail size-thumbnail\" alt=\"\" aria-describedby=\"gallery-1-464\" \/><\/a>\n\t\t\t<\/dt>\n\t\t\t\t<dd class='wp-caption-text gallery-caption' id='gallery-1-464'>\n\t\t\t\tStation d&#8217;eau potable\n\t\t\t\t<\/dd><\/dl><br style=\"clear: both\" \/><dl class='gallery-item'>\n\t\t\t<dt class='gallery-icon portrait'>\n\t\t\t\t<a href='https:\/\/horizon-dunes.ch\/wordpress\/wp-content\/uploads\/2013\/10\/B-124.jpg'><img loading=\"lazy\" decoding=\"async\" width=\"150\" height=\"150\" src=\"https:\/\/horizon-dunes.ch\/wordpress\/wp-content\/uploads\/2013\/10\/B-124-150x150.jpg\" class=\"attachment-thumbnail size-thumbnail\" alt=\"\" aria-describedby=\"gallery-1-463\" \/><\/a>\n\t\t\t<\/dt>\n\t\t\t\t<dd class='wp-caption-text gallery-caption' id='gallery-1-463'>\n\t\t\t\tLa g\u00e9rante de la station d&#8217;eau\n\t\t\t\t<\/dd><\/dl><dl class='gallery-item'>\n\t\t\t<dt class='gallery-icon landscape'>\n\t\t\t\t<a href='https:\/\/horizon-dunes.ch\/wordpress\/wp-content\/uploads\/2013\/10\/A-250-moto.jpg'><img loading=\"lazy\" decoding=\"async\" width=\"150\" height=\"150\" src=\"https:\/\/horizon-dunes.ch\/wordpress\/wp-content\/uploads\/2013\/10\/A-250-moto-150x150.jpg\" class=\"attachment-thumbnail size-thumbnail\" alt=\"\" aria-describedby=\"gallery-1-242\" \/><\/a>\n\t\t\t<\/dt>\n\t\t\t\t<dd class='wp-caption-text gallery-caption' id='gallery-1-242'>\n\t\t\t\tLa moto utile \u00e0 tout d\u00e9placement\n\t\t\t\t<\/dd><\/dl><dl class='gallery-item'>\n\t\t\t<dt class='gallery-icon landscape'>\n\t\t\t\t<a href='https:\/\/horizon-dunes.ch\/wordpress\/wp-content\/uploads\/2013\/10\/A-364-moto-et-yourte.jpg'><img loading=\"lazy\" decoding=\"async\" width=\"150\" height=\"150\" src=\"https:\/\/horizon-dunes.ch\/wordpress\/wp-content\/uploads\/2013\/10\/A-364-moto-et-yourte-150x150.jpg\" class=\"attachment-thumbnail size-thumbnail\" alt=\"\" aria-describedby=\"gallery-1-244\" \/><\/a>\n\t\t\t<\/dt>\n\t\t\t\t<dd class='wp-caption-text gallery-caption' id='gallery-1-244'>\n\t\t\t\tCes dames en moto\n\t\t\t\t<\/dd><\/dl><dl class='gallery-item'>\n\t\t\t<dt class='gallery-icon landscape'>\n\t\t\t\t<a href='https:\/\/horizon-dunes.ch\/wordpress\/wp-content\/uploads\/2013\/10\/A-387.jpg'><img loading=\"lazy\" decoding=\"async\" width=\"150\" height=\"150\" src=\"https:\/\/horizon-dunes.ch\/wordpress\/wp-content\/uploads\/2013\/10\/A-387-150x150.jpg\" class=\"attachment-thumbnail size-thumbnail\" alt=\"\" aria-describedby=\"gallery-1-462\" \/><\/a>\n\t\t\t<\/dt>\n\t\t\t\t<dd class='wp-caption-text gallery-caption' id='gallery-1-462'>\n\t\t\t\tMoto chinoise tr\u00e8s populaire\n\t\t\t\t<\/dd><\/dl><br style=\"clear: both\" \/>\n\t\t<\/div>\n\n","protected":false},"excerpt":{"rendered":"<p>Ce qui sur les cartes ressemble \u00e0 de grandes routes\u00a0 (trac\u00e9 blanc bord\u00e9 de rouge) s\u2019av\u00e8re tr\u00e8s souvent \u00eatre de simples pistes trac\u00e9es dans la poussi\u00e8re, la boue ou des pierriers qui peuvent \u00eatre cassants, et il n\u2019y a presque aucun panneau de signalisation dans tout le pays. En Mongolie, les pistes relient les nomades, [&hellip;]<\/p>\n","protected":false},"author":1,"featured_media":0,"parent":206,"menu_order":0,"comment_status":"closed","ping_status":"closed","template":"page-templates\/full-width.php","meta":{"footnotes":""},"class_list":["post-212","page","type-page","status-publish","hentry"],"_links":{"self":[{"href":"https:\/\/horizon-dunes.ch\/wordpress\/index.php?rest_route=\/wp\/v2\/pages\/212","targetHints":{"allow":["GET"]}}],"collection":[{"href":"https:\/\/horizon-dunes.ch\/wordpress\/index.php?rest_route=\/wp\/v2\/pages"}],"about":[{"href":"https:\/\/horizon-dunes.ch\/wordpress\/index.php?rest_route=\/wp\/v2\/types\/page"}],"author":[{"embeddable":true,"href":"https:\/\/horizon-dunes.ch\/wordpress\/index.php?rest_route=\/wp\/v2\/users\/1"}],"replies":[{"embeddable":true,"href":"https:\/\/horizon-dunes.ch\/wordpress\/index.php?rest_route=%2Fwp%2Fv2%2Fcomments&post=212"}],"version-history":[{"count":13,"href":"https:\/\/horizon-dunes.ch\/wordpress\/index.php?rest_route=\/wp\/v2\/pages\/212\/revisions"}],"predecessor-version":[{"id":472,"href":"https:\/\/horizon-dunes.ch\/wordpress\/index.php?rest_route=\/wp\/v2\/pages\/212\/revisions\/472"}],"up":[{"embeddable":true,"href":"https:\/\/horizon-dunes.ch\/wordpress\/index.php?rest_route=\/wp\/v2\/pages\/206"}],"wp:attachment":[{"href":"https:\/\/horizon-dunes.ch\/wordpress\/index.php?rest_route=%2Fwp%2Fv2%2Fmedia&parent=212"}],"curies":[{"name":"wp","href":"https:\/\/api.w.org\/{rel}","templated":true}]}}