{"id":214,"date":"2013-10-05T21:12:18","date_gmt":"2013-10-05T19:12:18","guid":{"rendered":"http:\/\/www.horizon-dunes.ch\/wordpress\/?page_id=214"},"modified":"2013-10-07T18:29:13","modified_gmt":"2013-10-07T16:29:13","slug":"les-bivouacs","status":"publish","type":"page","link":"https:\/\/horizon-dunes.ch\/wordpress\/?page_id=214","title":{"rendered":"Les bivouacs"},"content":{"rendered":"<h1>Les bivouacs<\/h1>\n<p style=\"text-align: justify;\">A part trois e<a href=\"https:\/\/www.horizon-dunes.ch\/wordpress\/wp-content\/uploads\/2013\/10\/10381118_m-camping.jpg\"><img loading=\"lazy\" decoding=\"async\" class=\" wp-image-271 alignleft\" alt=\"10381118_m camping\" src=\"https:\/\/www.horizon-dunes.ch\/wordpress\/wp-content\/uploads\/2013\/10\/10381118_m-camping.jpg\" width=\"153\" height=\"181\" \/><\/a>n nuits en h\u00f4tels, une nuit \u00e0 Arvaikheer et deux nuits \u00e0 Dalangzalad, nous avons bivouaqu\u00e9 toutes les nuits de ce p\u00e9riple. La plupart des bivouacs ont eu lieu en altitude sur les plateaux de l&#8217;Alta\u00ef. Le bivouac le moins \u00e9lev\u00e9 a \u00e9t\u00e9 \u00e0\u00a0 1&#8217;030 m et le plus haut et aussi le plus froid \u00e0 l&#8217;altitude de 2&#8217;400 m. Dans le d\u00e9sert de Gobi, la temp\u00e9rature \u00e9tait plus cl\u00e9mente et l&#8217;altitude autour des 800 m. L&#8217;altitude moyenne de nos 18 bivouacs est de 1&#8217;720 m. Nous avons observ\u00e9 des couchers de soleil superbes en couleurs, mais aussi subi des orages assez violents et arros\u00e9s. Lorsqu&#8217;il y avait des yourtes \u00e0 proximit\u00e9, nous avions tr\u00e8s souvent des visites spontan\u00e9es et sympathiques de leurs habitants. Hommes, femmes et enfants venaient nous dire bonsoir \u00e0 cheval ou en moto, nous offraient du lait, du fromage ou de la bi\u00e8re et nous restions \u00e0 partager ces moments de rencontre si fabuleux.<\/p>\n<p style=\"text-align: justify;\">Au petit matin, c&#8217;\u00e9tait les aigles qui nous survolaient \u00e0 basse altitude.<\/p>\n<p style=\"text-align: justify;\"><em>Cliquez sur les miniatures pour afficher les photos en grand format<\/em><\/p>\n\n\t\t<style type=\"text\/css\">\n\t\t\t#gallery-1 {\n\t\t\t\tmargin: auto;\n\t\t\t}\n\t\t\t#gallery-1 .gallery-item {\n\t\t\t\tfloat: left;\n\t\t\t\tmargin-top: 10px;\n\t\t\t\ttext-align: center;\n\t\t\t\twidth: 16%;\n\t\t\t}\n\t\t\t#gallery-1 img {\n\t\t\t\tborder: 2px solid #cfcfcf;\n\t\t\t}\n\t\t\t#gallery-1 .gallery-caption {\n\t\t\t\tmargin-left: 0;\n\t\t\t}\n\t\t\t\/* see gallery_shortcode() in wp-includes\/media.php *\/\n\t\t<\/style>\n\t\t<div id='gallery-1' class='gallery galleryid-214 gallery-columns-6 gallery-size-thumbnail'><dl class='gallery-item'>\n\t\t\t<dt class='gallery-icon landscape'>\n\t\t\t\t<a href='https:\/\/horizon-dunes.ch\/wordpress\/wp-content\/uploads\/2013\/10\/B-036-bivouac.jpg'><img loading=\"lazy\" decoding=\"async\" width=\"150\" height=\"150\" src=\"https:\/\/horizon-dunes.ch\/wordpress\/wp-content\/uploads\/2013\/10\/B-036-bivouac-150x150.jpg\" class=\"attachment-thumbnail size-thumbnail\" alt=\"\" aria-describedby=\"gallery-1-286\" \/><\/a>\n\t\t\t<\/dt>\n\t\t\t\t<dd class='wp-caption-text gallery-caption' id='gallery-1-286'>\n\t\t\t\tCoucher de soleil en Alta\u00ef\n\t\t\t\t<\/dd><\/dl><dl class='gallery-item'>\n\t\t\t<dt class='gallery-icon landscape'>\n\t\t\t\t<a href='https:\/\/horizon-dunes.ch\/wordpress\/wp-content\/uploads\/2013\/10\/A-051-Bivouacs.jpg'><img loading=\"lazy\" decoding=\"async\" width=\"150\" height=\"150\" src=\"https:\/\/horizon-dunes.ch\/wordpress\/wp-content\/uploads\/2013\/10\/A-051-Bivouacs-150x150.jpg\" class=\"attachment-thumbnail size-thumbnail\" alt=\"\" aria-describedby=\"gallery-1-377\" \/><\/a>\n\t\t\t<\/dt>\n\t\t\t\t<dd class='wp-caption-text gallery-caption' id='gallery-1-377'>\n\t\t\t\tBivouac en Russie\n\t\t\t\t<\/dd><\/dl><dl class='gallery-item'>\n\t\t\t<dt class='gallery-icon portrait'>\n\t\t\t\t<a href='https:\/\/horizon-dunes.ch\/wordpress\/wp-content\/uploads\/2013\/10\/A-053.jpg'><img loading=\"lazy\" decoding=\"async\" width=\"150\" height=\"150\" src=\"https:\/\/horizon-dunes.ch\/wordpress\/wp-content\/uploads\/2013\/10\/A-053-150x150.jpg\" class=\"attachment-thumbnail size-thumbnail\" alt=\"\" aria-describedby=\"gallery-1-378\" \/><\/a>\n\t\t\t<\/dt>\n\t\t\t\t<dd class='wp-caption-text gallery-caption' id='gallery-1-378'>\n\t\t\t\tPour ceux\/celles qui ont mal aux genoux\n\t\t\t\t<\/dd><\/dl><dl class='gallery-item'>\n\t\t\t<dt class='gallery-icon landscape'>\n\t\t\t\t<a href='https:\/\/horizon-dunes.ch\/wordpress\/wp-content\/uploads\/2013\/10\/B-236-orage.jpg'><img loading=\"lazy\" decoding=\"async\" width=\"150\" height=\"150\" src=\"https:\/\/horizon-dunes.ch\/wordpress\/wp-content\/uploads\/2013\/10\/B-236-orage-150x150.jpg\" class=\"attachment-thumbnail size-thumbnail\" alt=\"\" aria-describedby=\"gallery-1-288\" \/><\/a>\n\t\t\t<\/dt>\n\t\t\t\t<dd class='wp-caption-text gallery-caption' id='gallery-1-288'>\n\t\t\t\tOrage sur un champ de ciboulette sauvage\n\t\t\t\t<\/dd><\/dl><dl class='gallery-item'>\n\t\t\t<dt class='gallery-icon landscape'>\n\t\t\t\t<a href='https:\/\/horizon-dunes.ch\/wordpress\/wp-content\/uploads\/2013\/10\/A-274-bivouac.jpg'><img loading=\"lazy\" decoding=\"async\" width=\"150\" height=\"150\" src=\"https:\/\/horizon-dunes.ch\/wordpress\/wp-content\/uploads\/2013\/10\/A-274-bivouac-150x150.jpg\" class=\"attachment-thumbnail size-thumbnail\" alt=\"\" aria-describedby=\"gallery-1-282\" \/><\/a>\n\t\t\t<\/dt>\n\t\t\t\t<dd class='wp-caption-text gallery-caption' id='gallery-1-282'>\n\t\t\t\tNous sommes \u00e0 l&#8217;abri\n\t\t\t\t<\/dd><\/dl><dl class='gallery-item'>\n\t\t\t<dt class='gallery-icon landscape'>\n\t\t\t\t<a href='https:\/\/horizon-dunes.ch\/wordpress\/wp-content\/uploads\/2013\/10\/A-083-bivouac-champignon.jpg'><img loading=\"lazy\" decoding=\"async\" width=\"150\" height=\"150\" src=\"https:\/\/horizon-dunes.ch\/wordpress\/wp-content\/uploads\/2013\/10\/A-083-bivouac-champignon-150x150.jpg\" class=\"attachment-thumbnail size-thumbnail\" alt=\"\" aria-describedby=\"gallery-1-278\" \/><\/a>\n\t\t\t<\/dt>\n\t\t\t\t<dd class='wp-caption-text gallery-caption' id='gallery-1-278'>\n\t\t\t\tLe bivouac n&#8217;emp\u00eache pas la bonne cuisinne\n\t\t\t\t<\/dd><\/dl><br style=\"clear: both\" \/><dl class='gallery-item'>\n\t\t\t<dt class='gallery-icon landscape'>\n\t\t\t\t<a href='https:\/\/horizon-dunes.ch\/wordpress\/wp-content\/uploads\/2013\/10\/A-078-bivouac-champignons.jpg'><img loading=\"lazy\" decoding=\"async\" width=\"150\" height=\"150\" src=\"https:\/\/horizon-dunes.ch\/wordpress\/wp-content\/uploads\/2013\/10\/A-078-bivouac-champignons-150x150.jpg\" class=\"attachment-thumbnail size-thumbnail\" alt=\"\" aria-describedby=\"gallery-1-277\" \/><\/a>\n\t\t\t<\/dt>\n\t\t\t\t<dd class='wp-caption-text gallery-caption' id='gallery-1-277'>\n\t\t\t\tBolets ceps et chanterelles au menu\n\t\t\t\t<\/dd><\/dl><dl class='gallery-item'>\n\t\t\t<dt class='gallery-icon landscape'>\n\t\t\t\t<a href='https:\/\/horizon-dunes.ch\/wordpress\/wp-content\/uploads\/2013\/10\/A-156-aigle.jpg'><img loading=\"lazy\" decoding=\"async\" width=\"150\" height=\"150\" src=\"https:\/\/horizon-dunes.ch\/wordpress\/wp-content\/uploads\/2013\/10\/A-156-aigle-150x150.jpg\" class=\"attachment-thumbnail size-thumbnail\" alt=\"\" aria-describedby=\"gallery-1-279\" \/><\/a>\n\t\t\t<\/dt>\n\t\t\t\t<dd class='wp-caption-text gallery-caption' id='gallery-1-279'>\n\t\t\t\tSurvol matinal\n\t\t\t\t<\/dd><\/dl><dl class='gallery-item'>\n\t\t\t<dt class='gallery-icon portrait'>\n\t\t\t\t<a href='https:\/\/horizon-dunes.ch\/wordpress\/wp-content\/uploads\/2013\/10\/A-161-aigle.jpg'><img loading=\"lazy\" decoding=\"async\" width=\"150\" height=\"150\" src=\"https:\/\/horizon-dunes.ch\/wordpress\/wp-content\/uploads\/2013\/10\/A-161-aigle-150x150.jpg\" class=\"attachment-thumbnail size-thumbnail\" alt=\"\" aria-describedby=\"gallery-1-280\" \/><\/a>\n\t\t\t<\/dt>\n\t\t\t\t<dd class='wp-caption-text gallery-caption' id='gallery-1-280'>\n\t\t\t\tDe toute son envergure\n\t\t\t\t<\/dd><\/dl><dl class='gallery-item'>\n\t\t\t<dt class='gallery-icon landscape'>\n\t\t\t\t<a href='https:\/\/horizon-dunes.ch\/wordpress\/wp-content\/uploads\/2013\/10\/A-514-aigle.jpg'><img loading=\"lazy\" decoding=\"async\" width=\"150\" height=\"150\" src=\"https:\/\/horizon-dunes.ch\/wordpress\/wp-content\/uploads\/2013\/10\/A-514-aigle-150x150.jpg\" class=\"attachment-thumbnail size-thumbnail\" alt=\"\" aria-describedby=\"gallery-1-284\" \/><\/a>\n\t\t\t<\/dt>\n\t\t\t\t<dd class='wp-caption-text gallery-caption' id='gallery-1-284'>\n\t\t\t\tC&#8217;esr superbe un aigle\n\t\t\t\t<\/dd><\/dl><dl class='gallery-item'>\n\t\t\t<dt class='gallery-icon landscape'>\n\t\t\t\t<a href='https:\/\/horizon-dunes.ch\/wordpress\/wp-content\/uploads\/2013\/10\/A-527-aigle.jpg'><img loading=\"lazy\" decoding=\"async\" width=\"150\" height=\"150\" src=\"https:\/\/horizon-dunes.ch\/wordpress\/wp-content\/uploads\/2013\/10\/A-527-aigle-150x150.jpg\" class=\"attachment-thumbnail size-thumbnail\" alt=\"\" \/><\/a>\n\t\t\t<\/dt><\/dl><dl class='gallery-item'>\n\t\t\t<dt class='gallery-icon landscape'>\n\t\t\t\t<a href='https:\/\/horizon-dunes.ch\/wordpress\/wp-content\/uploads\/2013\/10\/B-223.jpg'><img loading=\"lazy\" decoding=\"async\" width=\"150\" height=\"150\" src=\"https:\/\/horizon-dunes.ch\/wordpress\/wp-content\/uploads\/2013\/10\/B-223-150x150.jpg\" class=\"attachment-thumbnail size-thumbnail\" alt=\"\" aria-describedby=\"gallery-1-290\" \/><\/a>\n\t\t\t<\/dt>\n\t\t\t\t<dd class='wp-caption-text gallery-caption' id='gallery-1-290'>\n\t\t\t\tReveil bivouac \u00e0 2&#8217;400 m\n\t\t\t\t<\/dd><\/dl><br style=\"clear: both\" \/><dl class='gallery-item'>\n\t\t\t<dt class='gallery-icon landscape'>\n\t\t\t\t<a href='https:\/\/horizon-dunes.ch\/wordpress\/wp-content\/uploads\/2013\/10\/A-504-bivouac-orage.jpg'><img loading=\"lazy\" decoding=\"async\" width=\"150\" height=\"150\" src=\"https:\/\/horizon-dunes.ch\/wordpress\/wp-content\/uploads\/2013\/10\/A-504-bivouac-orage-150x150.jpg\" class=\"attachment-thumbnail size-thumbnail\" alt=\"\" aria-describedby=\"gallery-1-283\" \/><\/a>\n\t\t\t<\/dt>\n\t\t\t\t<dd class='wp-caption-text gallery-caption' id='gallery-1-283'>\n\t\t\t\tL&#8217;orage arrive\n\t\t\t\t<\/dd><\/dl><dl class='gallery-item'>\n\t\t\t<dt class='gallery-icon landscape'>\n\t\t\t\t<a href='https:\/\/horizon-dunes.ch\/wordpress\/wp-content\/uploads\/2013\/10\/B-170-Bivouac-Gobi.jpg'><img loading=\"lazy\" decoding=\"async\" width=\"150\" height=\"150\" src=\"https:\/\/horizon-dunes.ch\/wordpress\/wp-content\/uploads\/2013\/10\/B-170-Bivouac-Gobi-150x150.jpg\" class=\"attachment-thumbnail size-thumbnail\" alt=\"\" aria-describedby=\"gallery-1-287\" \/><\/a>\n\t\t\t<\/dt>\n\t\t\t\t<dd class='wp-caption-text gallery-caption' id='gallery-1-287'>\n\t\t\t\tBivouac dans le d\u00e9sert de Gobi\n\t\t\t\t<\/dd><\/dl><dl class='gallery-item'>\n\t\t\t<dt class='gallery-icon landscape'>\n\t\t\t\t<a href='https:\/\/horizon-dunes.ch\/wordpress\/wp-content\/uploads\/2013\/10\/B-172.jpg'><img loading=\"lazy\" decoding=\"async\" width=\"150\" height=\"150\" src=\"https:\/\/horizon-dunes.ch\/wordpress\/wp-content\/uploads\/2013\/10\/B-172-150x150.jpg\" class=\"attachment-thumbnail size-thumbnail\" alt=\"\" aria-describedby=\"gallery-1-289\" \/><\/a>\n\t\t\t<\/dt>\n\t\t\t\t<dd class='wp-caption-text gallery-caption' id='gallery-1-289'>\n\t\t\t\tAu petit d\u00e9jeuner\n\t\t\t\t<\/dd><\/dl><dl class='gallery-item'>\n\t\t\t<dt class='gallery-icon landscape'>\n\t\t\t\t<a href='https:\/\/horizon-dunes.ch\/wordpress\/wp-content\/uploads\/2013\/10\/A-211-bivouacs.jpg'><img loading=\"lazy\" decoding=\"async\" width=\"150\" height=\"150\" src=\"https:\/\/horizon-dunes.ch\/wordpress\/wp-content\/uploads\/2013\/10\/A-211-bivouacs-150x150.jpg\" class=\"attachment-thumbnail size-thumbnail\" alt=\"\" aria-describedby=\"gallery-1-281\" \/><\/a>\n\t\t\t<\/dt>\n\t\t\t\t<dd class='wp-caption-text gallery-caption' id='gallery-1-281'>\n\t\t\t\tEncore une belle soir\u00e9e\n\t\t\t\t<\/dd><\/dl>\n\t\t\t<br style='clear: both' \/>\n\t\t<\/div>\n\n<h1>Les r<strong>encontres<\/strong><\/h1>\n<p style=\"text-align: center;\"><a href=\"https:\/\/www.horizon-dunes.ch\/wordpress\/wp-content\/uploads\/2013\/10\/A-407.jpg\"><img loading=\"lazy\" decoding=\"async\" class=\" wp-image-234 aligncenter\" alt=\"A-407\" src=\"https:\/\/www.horizon-dunes.ch\/wordpress\/wp-content\/uploads\/2013\/10\/A-407.jpg\" width=\"1024\" height=\"449\" srcset=\"https:\/\/horizon-dunes.ch\/wordpress\/wp-content\/uploads\/2013\/10\/A-407.jpg 1024w, https:\/\/horizon-dunes.ch\/wordpress\/wp-content\/uploads\/2013\/10\/A-407-300x131.jpg 300w, https:\/\/horizon-dunes.ch\/wordpress\/wp-content\/uploads\/2013\/10\/A-407-624x273.jpg 624w\" sizes=\"auto, (max-width: 1024px) 100vw, 1024px\" \/><\/a><\/p>\n<p>Nous avons \u00e9tabli notre bivouac \u00e0 80 km \u00e0 l\u2019Est de Chandmani, sur un plateau \u00e0 1680m bord\u00e9 au Nord par la montagne Khuren\u00a0Undor\u00a0Uul\u00a04202m et au Sud par la montagne Zon\u00a0Uul 3452m. Au matin, il fait frais et nous prenons notre premier caf\u00e9 et apercevons un Mongol tenant\u00a0 deux chevaux en longe et qui s\u2019approche de nous. Il est habill\u00e9 du grand manteau classique avec une ceinture de tissus jaune-orange et un chapeau de toile \u00e0 larges bords. Nous lui offrons du caf\u00e9 qu\u2019il boit tranquillement en ayant l\u2019air de l\u2019appr\u00e9cier.<\/p>\n<p style=\"text-align: justify;\">Puis il s\u2019en va derri\u00e8re la colline qui surplombe le bivouac, et 10 minutes plus tard, le revoici avec son \u00e9pouse, sa fille et son fils. Ils nous apportent du lait\u00a0<a href=\"https:\/\/www.horizon-dunes.ch\/wordpress\/wp-content\/uploads\/2013\/10\/A-392.jpg\"><img loading=\"lazy\" decoding=\"async\" class=\"size-medium wp-image-236 alignright\" alt=\"A-392\" src=\"https:\/\/www.horizon-dunes.ch\/wordpress\/wp-content\/uploads\/2013\/10\/A-392-300x199.jpg\" width=\"300\" height=\"199\" srcset=\"https:\/\/horizon-dunes.ch\/wordpress\/wp-content\/uploads\/2013\/10\/A-392-300x199.jpg 300w, https:\/\/horizon-dunes.ch\/wordpress\/wp-content\/uploads\/2013\/10\/A-392-624x414.jpg 624w, https:\/\/horizon-dunes.ch\/wordpress\/wp-content\/uploads\/2013\/10\/A-392.jpg 1024w\" sizes=\"auto, (max-width: 300px) 100vw, 300px\" \/><\/a> de ch\u00e8vre et du fromage. Tout le monde s\u2019assied et nous prenons tous ensemble\u00a0le petit d\u00e9jeuner. Madame, habill\u00e9e d\u2019un jeans avec un c\u0153ur sur une poche et un top \u00e0 bretelles est tr\u00e8s \u00e0 l\u2019aise, elle nous aide \u00e0 faire des tartines et servir le caf\u00e9. La jeune fille, aussi en jeans et sweet\u00a0shirt, nous\u00a0explique dans un anglais tr\u00e8s basique qu\u2019elle suit des \u00e9tudes \u00e0 Bayankhongor pendant la saison froide et le gar\u00e7on joue au ballon de rugby avec\u00a0 Chlo\u00e9 et Romain. A la fin du petit d\u00e9jeuner, cette famille nous fait comprendre que nous pouvons les accompagner \u00e0 leur yourte, ce que nous faisons avec une grande joie.<\/p>\n<p style=\"text-align: justify;\">Nous entrons avec beaucoup de respect dans la yourte (en mongol\u00a0: ger\u00a0ou ghir), \u00e0 gauche il y une TV, 2 batteries de voiture reli\u00e9es au panneau solaire ext\u00e9rieur, en face, le lit qui sert aussi de canap\u00e9, \u00e0 droite (\u00e0 l\u2019est) la cuisinette o\u00f9 tout est bien rang\u00e9, avec tout ce qu\u2019il faut pour faire les fromages, et au centre le po\u00eale avec la chemin\u00e9e d\u2019a\u00e9ration. Ils nous offrent de l\u2019airag, un alcool\u00a0<a href=\"https:\/\/www.horizon-dunes.ch\/wordpress\/wp-content\/uploads\/2013\/10\/A-409.jpg\"><img loading=\"lazy\" decoding=\"async\" class=\"size-medium wp-image-238 alignleft\" alt=\"A-409\" src=\"https:\/\/www.horizon-dunes.ch\/wordpress\/wp-content\/uploads\/2013\/10\/A-409-300x199.jpg\" width=\"300\" height=\"199\" srcset=\"https:\/\/horizon-dunes.ch\/wordpress\/wp-content\/uploads\/2013\/10\/A-409-300x199.jpg 300w, https:\/\/horizon-dunes.ch\/wordpress\/wp-content\/uploads\/2013\/10\/A-409-624x414.jpg 624w, https:\/\/horizon-dunes.ch\/wordpress\/wp-content\/uploads\/2013\/10\/A-409.jpg 1024w\" sizes=\"auto, (max-width: 300px) 100vw, 300px\" \/><\/a> de lait de jument ferment\u00e9, et des fromages que nous d\u00e9gustons. Cet int\u00e9rieur respire le bien \u00eatre et la vie saine des nomades. Nous prenons des photos, puis nous sommes convi\u00e9s \u00e0 assister \u00e0 la traite des ch\u00e8vres qui attendent \u00e0 100m de la yourte, et m\u00eame \u00e0 faire un essai de traire une ch\u00e8vre qui n\u2019a pas l\u2019air d\u2019appr\u00e9cier nos mains maladroites.<\/p>\n<p>Au moment de se quitter nous leur montrons, directement sur l\u2019\u00e9cran du Nikon, toutes les photos que nous avons prises. La jeune fille nous fait comprendre que la famille aimerait en recevoir une copie. Comment faire\u00a0? c\u2019est notre question. Et surprise, elle nous \u00e9crit une adresse email\u00a0et une adresse Facebook pour lui faire parvenir ces photos, ce que j&#8217;ai fait \u00e0 notre retour<\/p>\n<p style=\"text-align: justify;\">Ce petit r\u00e9cit pour illustrer que la Mongolie est un pays moderne, bien que vivant tr\u00e8s proche de la nature et des animaux, et que ses habitants sont d\u2019un accueil chaleureux comme nulle part ailleurs. Nous avons eu l\u2019occasion de faire mille et une rencontres\u00a0durant ce raid, et chacune de ces rencontres nous a laiss\u00e9 un souvenir inoubliable.<\/p>\n<p style=\"text-align: justify;\">Une autre rencontre inattendue sur la piste<a href=\"https:\/\/www.horizon-dunes.ch\/wordpress\/wp-content\/uploads\/2013\/10\/B-229-Les-Suisses.jpg\"><img loading=\"lazy\" decoding=\"async\" class=\"size-medium wp-image-295 alignright\" alt=\"B-229 Les Suisses\" src=\"https:\/\/www.horizon-dunes.ch\/wordpress\/wp-content\/uploads\/2013\/10\/B-229-Les-Suisses-300x248.jpg\" width=\"300\" height=\"248\" srcset=\"https:\/\/horizon-dunes.ch\/wordpress\/wp-content\/uploads\/2013\/10\/B-229-Les-Suisses-300x248.jpg 300w, https:\/\/horizon-dunes.ch\/wordpress\/wp-content\/uploads\/2013\/10\/B-229-Les-Suisses-624x517.jpg 624w, https:\/\/horizon-dunes.ch\/wordpress\/wp-content\/uploads\/2013\/10\/B-229-Les-Suisses.jpg 768w\" sizes=\"auto, (max-width: 300px) 100vw, 300px\" \/><\/a>\u00a0alors que nous remontions sur\u00a0Alta\u00ef, a \u00e9t\u00e9 un jeune couple suisse de cyclistes, elle Bernoise\u00a0et lui Lausannois, Ils sont partis de Pr\u00e9verenges pr\u00e8s de Lausanne et\u00a0 allaient en Chine. Leur projet de voyage se nomme &#8220;All\u00a0school\u00a0Project&#8221;, et si vous d\u00e9sirez en savoir plus sur leur p\u00e9riple, allez\u00a0visiter leur blog <a href=\"http:\/\/www.allschoolproject.ch\">www.allschoolproject.ch<\/a>\u00a0Chapeau \u00e0 eux deux, car parcourir en v\u00e9lo les pistes mongoles avec tous les bagages n\u00e9cessaires \u00e0 un voyage de 2 ans, ce n\u2019est pas une promenade d\u2019un week-end slow-up.<\/p>\n<p><em>Cliquez sur les vignettes pour pour afficher les photos en taille originale<\/em><\/p>\n\n\t\t<style type=\"text\/css\">\n\t\t\t#gallery-2 {\n\t\t\t\tmargin: auto;\n\t\t\t}\n\t\t\t#gallery-2 .gallery-item {\n\t\t\t\tfloat: left;\n\t\t\t\tmargin-top: 10px;\n\t\t\t\ttext-align: center;\n\t\t\t\twidth: 20%;\n\t\t\t}\n\t\t\t#gallery-2 img {\n\t\t\t\tborder: 2px solid #cfcfcf;\n\t\t\t}\n\t\t\t#gallery-2 .gallery-caption {\n\t\t\t\tmargin-left: 0;\n\t\t\t}\n\t\t\t\/* see gallery_shortcode() in wp-includes\/media.php *\/\n\t\t<\/style>\n\t\t<div id='gallery-2' class='gallery galleryid-214 gallery-columns-5 gallery-size-thumbnail'><dl class='gallery-item'>\n\t\t\t<dt class='gallery-icon portrait'>\n\t\t\t\t<a href='https:\/\/horizon-dunes.ch\/wordpress\/wp-content\/uploads\/2013\/10\/A-417.jpg'><img loading=\"lazy\" decoding=\"async\" width=\"150\" height=\"150\" src=\"https:\/\/horizon-dunes.ch\/wordpress\/wp-content\/uploads\/2013\/10\/A-417-150x150.jpg\" class=\"attachment-thumbnail size-thumbnail\" alt=\"\" aria-describedby=\"gallery-2-251\" \/><\/a>\n\t\t\t<\/dt>\n\t\t\t\t<dd class='wp-caption-text gallery-caption' id='gallery-2-251'>\n\t\t\t\tUne rencontre inoubliable\n\t\t\t\t<\/dd><\/dl><dl class='gallery-item'>\n\t\t\t<dt class='gallery-icon landscape'>\n\t\t\t\t<a href='https:\/\/horizon-dunes.ch\/wordpress\/wp-content\/uploads\/2013\/10\/A-386.jpg'><img loading=\"lazy\" decoding=\"async\" width=\"150\" height=\"150\" src=\"https:\/\/horizon-dunes.ch\/wordpress\/wp-content\/uploads\/2013\/10\/A-386-150x150.jpg\" class=\"attachment-thumbnail size-thumbnail\" alt=\"\" aria-describedby=\"gallery-2-246\" \/><\/a>\n\t\t\t<\/dt>\n\t\t\t\t<dd class='wp-caption-text gallery-caption' id='gallery-2-246'>\n\t\t\t\tAmbiance bivouac\n\t\t\t\t<\/dd><\/dl><dl class='gallery-item'>\n\t\t\t<dt class='gallery-icon landscape'>\n\t\t\t\t<a href='https:\/\/horizon-dunes.ch\/wordpress\/wp-content\/uploads\/2013\/10\/A-394.jpg'><img loading=\"lazy\" decoding=\"async\" width=\"150\" height=\"150\" src=\"https:\/\/horizon-dunes.ch\/wordpress\/wp-content\/uploads\/2013\/10\/A-394-150x150.jpg\" class=\"attachment-thumbnail size-thumbnail\" alt=\"\" aria-describedby=\"gallery-2-247\" \/><\/a>\n\t\t\t<\/dt>\n\t\t\t\t<dd class='wp-caption-text gallery-caption' id='gallery-2-247'>\n\t\t\t\tNos h\u00f4tes nous pr\u00e9c\u00e8dent\n\t\t\t\t<\/dd><\/dl><dl class='gallery-item'>\n\t\t\t<dt class='gallery-icon landscape'>\n\t\t\t\t<a href='https:\/\/horizon-dunes.ch\/wordpress\/wp-content\/uploads\/2013\/10\/A-424.jpg'><img loading=\"lazy\" decoding=\"async\" width=\"150\" height=\"150\" src=\"https:\/\/horizon-dunes.ch\/wordpress\/wp-content\/uploads\/2013\/10\/A-424-150x150.jpg\" class=\"attachment-thumbnail size-thumbnail\" alt=\"\" aria-describedby=\"gallery-2-239\" \/><\/a>\n\t\t\t<\/dt>\n\t\t\t\t<dd class='wp-caption-text gallery-caption' id='gallery-2-239'>\n\t\t\t\tElle a une adresse facebook\n\t\t\t\t<\/dd><\/dl><dl class='gallery-item'>\n\t\t\t<dt class='gallery-icon landscape'>\n\t\t\t\t<a href='https:\/\/horizon-dunes.ch\/wordpress\/wp-content\/uploads\/2013\/10\/A-419.jpg'><img loading=\"lazy\" decoding=\"async\" width=\"150\" height=\"150\" src=\"https:\/\/horizon-dunes.ch\/wordpress\/wp-content\/uploads\/2013\/10\/A-419-150x150.jpg\" class=\"attachment-thumbnail size-thumbnail\" alt=\"\" aria-describedby=\"gallery-2-252\" \/><\/a>\n\t\t\t<\/dt>\n\t\t\t\t<dd class='wp-caption-text gallery-caption' id='gallery-2-252'>\n\t\t\t\tComment traire une ch\u00e8vre\n\t\t\t\t<\/dd><\/dl><br style=\"clear: both\" \/><dl class='gallery-item'>\n\t\t\t<dt class='gallery-icon landscape'>\n\t\t\t\t<a href='https:\/\/horizon-dunes.ch\/wordpress\/wp-content\/uploads\/2013\/10\/A-402.jpg'><img loading=\"lazy\" decoding=\"async\" width=\"150\" height=\"150\" src=\"https:\/\/horizon-dunes.ch\/wordpress\/wp-content\/uploads\/2013\/10\/A-402-150x150.jpg\" class=\"attachment-thumbnail size-thumbnail\" alt=\"\" aria-describedby=\"gallery-2-249\" \/><\/a>\n\t\t\t<\/dt>\n\t\t\t\t<dd class='wp-caption-text gallery-caption' id='gallery-2-249'>\n\t\t\t\tLe coin fabrication du fromage\n\t\t\t\t<\/dd><\/dl><dl class='gallery-item'>\n\t\t\t<dt class='gallery-icon landscape'>\n\t\t\t\t<a href='https:\/\/horizon-dunes.ch\/wordpress\/wp-content\/uploads\/2013\/10\/A-401.jpg'><img loading=\"lazy\" decoding=\"async\" width=\"150\" height=\"150\" src=\"https:\/\/horizon-dunes.ch\/wordpress\/wp-content\/uploads\/2013\/10\/A-401-150x150.jpg\" class=\"attachment-thumbnail size-thumbnail\" alt=\"\" aria-describedby=\"gallery-2-248\" \/><\/a>\n\t\t\t<\/dt>\n\t\t\t\t<dd class='wp-caption-text gallery-caption' id='gallery-2-248'>\n\t\t\t\tLe salon\/chambre \u00e0 coucher\n\t\t\t\t<\/dd><\/dl><dl class='gallery-item'>\n\t\t\t<dt class='gallery-icon landscape'>\n\t\t\t\t<a href='https:\/\/horizon-dunes.ch\/wordpress\/wp-content\/uploads\/2013\/10\/A-403.jpg'><img loading=\"lazy\" decoding=\"async\" width=\"150\" height=\"150\" src=\"https:\/\/horizon-dunes.ch\/wordpress\/wp-content\/uploads\/2013\/10\/A-403-150x150.jpg\" class=\"attachment-thumbnail size-thumbnail\" alt=\"\" aria-describedby=\"gallery-2-250\" \/><\/a>\n\t\t\t<\/dt>\n\t\t\t\t<dd class='wp-caption-text gallery-caption' id='gallery-2-250'>\n\t\t\t\tLa ventilation\n\t\t\t\t<\/dd><\/dl><dl class='gallery-item'>\n\t\t\t<dt class='gallery-icon landscape'>\n\t\t\t\t<a href='https:\/\/horizon-dunes.ch\/wordpress\/wp-content\/uploads\/2013\/10\/A-369-enfants.jpg'><img loading=\"lazy\" decoding=\"async\" width=\"150\" height=\"150\" src=\"https:\/\/horizon-dunes.ch\/wordpress\/wp-content\/uploads\/2013\/10\/A-369-enfants-150x150.jpg\" class=\"attachment-thumbnail size-thumbnail\" alt=\"\" aria-describedby=\"gallery-2-245\" \/><\/a>\n\t\t\t<\/dt>\n\t\t\t\t<dd class='wp-caption-text gallery-caption' id='gallery-2-245'>\n\t\t\t\tAu revoir\n\t\t\t\t<\/dd><\/dl>\n\t\t\t<br style='clear: both' \/>\n\t\t<\/div>\n\n<p>&nbsp;<\/p>\n<p>&nbsp;<\/p>\n<p>&nbsp;<\/p>\n","protected":false},"excerpt":{"rendered":"<p>Les bivouacs A part trois en nuits en h\u00f4tels, une nuit \u00e0 Arvaikheer et deux nuits \u00e0 Dalangzalad, nous avons bivouaqu\u00e9 toutes les nuits de ce p\u00e9riple. La plupart des bivouacs ont eu lieu en altitude sur les plateaux de l&#8217;Alta\u00ef. Le bivouac le moins \u00e9lev\u00e9 a \u00e9t\u00e9 \u00e0\u00a0 1&#8217;030 m et le plus haut [&hellip;]<\/p>\n","protected":false},"author":1,"featured_media":0,"parent":206,"menu_order":0,"comment_status":"closed","ping_status":"closed","template":"page-templates\/full-width.php","meta":{"footnotes":""},"class_list":["post-214","page","type-page","status-publish","hentry"],"_links":{"self":[{"href":"https:\/\/horizon-dunes.ch\/wordpress\/index.php?rest_route=\/wp\/v2\/pages\/214","targetHints":{"allow":["GET"]}}],"collection":[{"href":"https:\/\/horizon-dunes.ch\/wordpress\/index.php?rest_route=\/wp\/v2\/pages"}],"about":[{"href":"https:\/\/horizon-dunes.ch\/wordpress\/index.php?rest_route=\/wp\/v2\/types\/page"}],"author":[{"embeddable":true,"href":"https:\/\/horizon-dunes.ch\/wordpress\/index.php?rest_route=\/wp\/v2\/users\/1"}],"replies":[{"embeddable":true,"href":"https:\/\/horizon-dunes.ch\/wordpress\/index.php?rest_route=%2Fwp%2Fv2%2Fcomments&post=214"}],"version-history":[{"count":24,"href":"https:\/\/horizon-dunes.ch\/wordpress\/index.php?rest_route=\/wp\/v2\/pages\/214\/revisions"}],"predecessor-version":[{"id":479,"href":"https:\/\/horizon-dunes.ch\/wordpress\/index.php?rest_route=\/wp\/v2\/pages\/214\/revisions\/479"}],"up":[{"embeddable":true,"href":"https:\/\/horizon-dunes.ch\/wordpress\/index.php?rest_route=\/wp\/v2\/pages\/206"}],"wp:attachment":[{"href":"https:\/\/horizon-dunes.ch\/wordpress\/index.php?rest_route=%2Fwp%2Fv2%2Fmedia&parent=214"}],"curies":[{"name":"wp","href":"https:\/\/api.w.org\/{rel}","templated":true}]}}