{"id":227,"date":"2013-10-06T15:09:36","date_gmt":"2013-10-06T13:09:36","guid":{"rendered":"http:\/\/www.horizon-dunes.ch\/wordpress\/?page_id=227"},"modified":"2013-10-06T22:49:44","modified_gmt":"2013-10-06T20:49:44","slug":"les-formalites-douanieres","status":"publish","type":"page","link":"https:\/\/horizon-dunes.ch\/wordpress\/?page_id=227","title":{"rendered":"Les formalit\u00e9s douani\u00e8res"},"content":{"rendered":"<h1><strong>Les formalit\u00e9s douani\u00e8res<\/strong><\/h1>\n<div id=\"attachment_228\" style=\"width: 310px\" class=\"wp-caption alignnone\"><a href=\"https:\/\/www.horizon-dunes.ch\/wordpress\/wp-content\/uploads\/2013\/10\/Douane.jpg\"><img loading=\"lazy\" decoding=\"async\" aria-describedby=\"caption-attachment-228\" class=\"size-medium wp-image-228\" alt=\"Douane\" src=\"https:\/\/www.horizon-dunes.ch\/wordpress\/wp-content\/uploads\/2013\/10\/Douane-300x170.jpg\" width=\"300\" height=\"170\" srcset=\"https:\/\/horizon-dunes.ch\/wordpress\/wp-content\/uploads\/2013\/10\/Douane-300x170.jpg 300w, https:\/\/horizon-dunes.ch\/wordpress\/wp-content\/uploads\/2013\/10\/Douane.jpg 600w\" sizes=\"auto, (max-width: 300px) 100vw, 300px\" \/><\/a><p id=\"caption-attachment-228\" class=\"wp-caption-text\">image fr.rian.ru<\/p><\/div>\n<p>Des visas sont n\u00e9cessaires pour la Russie et la Mongolie. Une assurance assistance monde est obligatoire.<\/p>\n<p><strong>Russie<\/strong><\/p>\n<p>Il faut un visa russe \u00e0 double entr\u00e9e, puisqu\u2019il faut repasser par la Russie pour le retour. Pas facile \u00e0 obtenir, il vaut mieux passer par une agence sp\u00e9cialis\u00e9e ex\u00a0: <a href=\"http:\/\/www.russianconcept.com\">www.russianconcept.com<\/a> et il faut remplir en anglais les demandes de visa sur <a href=\"http:\/\/www.visa.kdmid.ru\">www.visa.kdmid.ru<\/a><\/p>\n<p>Pour le passage en douane russe, \u00a0un formulaire est n\u00e9cessaire pour\u00a0 le chauffeur du v\u00e9hicule. Il peut \u00eatre rempli \u00e0 l\u2019avance sur\u00a0 <a href=\"http:\/\/eng.customs.ru\/images\/stories\/site_content\/files\/english.pdf\">http:\/\/eng.customs.ru\/images\/stories\/site_content\/files\/english.pdf<\/a> . Pour les passagers une simple fiche d\u2019immigration est remplie sur place.<\/p>\n<p>Une attestation de rapatriement contenant une adresse de contact m\u00e9dical en Russie est obligatoire. Avec le livret ETI\u00a0Monde, le\u00a0TCS\u00a0fournit cette attestation, mais sans l\u2019adresse m\u00e9dicale !! Il a fallu \u00e9crire par recommand\u00e9 \u00e0 la direction g\u00e9n\u00e9rale du TCS pour obtenir le document tel qu\u2019il est demand\u00e9 par l\u2019Ambassade de Russie !!<\/p>\n<p>Franchir une douane russe, c\u2019est le parcours du combattant\u00a0! Les formulaires sont imprim\u00e9s en cyrillique, aucune indication et aucune aide pour les remplir. Si par malheur une\u00a0de vos croix d\u00e9passe le petit carr\u00e9 ou si vous avez fait une rature, c\u2019est comme au Monopoly\u00a0: retour \u00e0 la case d\u00e9part, c\u2019est-\u00e0-dire, remplir un nouveau formulaire.<\/p>\n<p><strong>Mongolie<\/strong><\/p>\n<p>Le passage en douane Russie\/Mongolie (\u00e0 Tashanta, au Nord de la Mongolie) est possible selon les\u00a0 heures d\u2019ouverture suivantes\u00a0: 9:00 \u2013 12\u00a0:30 et 14:00 \u2013 18:00, sinon il faudra attendre. Le v\u00e9hicule passe par un bac de d\u00e9sinfection pour \u00e9liminer les larves de moustiques russe. Il faut une assurance voiture pour la Mongolie, elle s\u2019obtient d\u00e8s le passage de la douane, 50 EUR\u00a0plus une taxe de 10 EUR. Du change (Tugriks)\u00a0 peut \u00eatre obtenu aupr\u00e8s des douaniers \u00e0 un taux raisonnable. Les douaniers aident spontan\u00e9ment \u00e0 remplir les formulaires de passage.<\/p>\n<p><strong>Ukraine\/Hongrie<\/strong><\/p>\n<p>Visa pas n\u00e9cessaire, mais il faut laver son v\u00e9hicule pour passer en Hongrie, y compris le moteur. Fouille compl\u00e8te de notre v\u00e9hicule, mais sur un ton assez convivial, donc pas de probl\u00e8me particulier. Juste apr\u00e8s la douane, il y a un excellent h\u00f4tel sp\u00e9cial 4&#215;4<br \/>\n\n\t\t<style type=\"text\/css\">\n\t\t\t#gallery-1 {\n\t\t\t\tmargin: auto;\n\t\t\t}\n\t\t\t#gallery-1 .gallery-item {\n\t\t\t\tfloat: left;\n\t\t\t\tmargin-top: 10px;\n\t\t\t\ttext-align: center;\n\t\t\t\twidth: 50%;\n\t\t\t}\n\t\t\t#gallery-1 img {\n\t\t\t\tborder: 2px solid #cfcfcf;\n\t\t\t}\n\t\t\t#gallery-1 .gallery-caption {\n\t\t\t\tmargin-left: 0;\n\t\t\t}\n\t\t\t\/* see gallery_shortcode() in wp-includes\/media.php *\/\n\t\t<\/style>\n\t\t<div id='gallery-1' class='gallery galleryid-227 gallery-columns-2 gallery-size-thumbnail'><dl class='gallery-item'>\n\t\t\t<dt class='gallery-icon landscape'>\n\t\t\t\t<a href='https:\/\/horizon-dunes.ch\/wordpress\/wp-content\/uploads\/2013\/10\/B-320.jpg'><img loading=\"lazy\" decoding=\"async\" width=\"150\" height=\"150\" src=\"https:\/\/horizon-dunes.ch\/wordpress\/wp-content\/uploads\/2013\/10\/B-320-150x150.jpg\" class=\"attachment-thumbnail size-thumbnail\" alt=\"\" \/><\/a>\n\t\t\t<\/dt><\/dl><dl class='gallery-item'>\n\t\t\t<dt class='gallery-icon landscape'>\n\t\t\t\t<a href='https:\/\/horizon-dunes.ch\/wordpress\/wp-content\/uploads\/2013\/10\/B-315.jpg'><img loading=\"lazy\" decoding=\"async\" width=\"150\" height=\"150\" src=\"https:\/\/horizon-dunes.ch\/wordpress\/wp-content\/uploads\/2013\/10\/B-315-150x150.jpg\" class=\"attachment-thumbnail size-thumbnail\" alt=\"\" aria-describedby=\"gallery-1-327\" \/><\/a>\n\t\t\t<\/dt>\n\t\t\t\t<dd class='wp-caption-text gallery-caption' id='gallery-1-327'>\n\t\t\t\tBar Hummer\n\t\t\t\t<\/dd><\/dl><br style=\"clear: both\" \/>\n\t\t<\/div>\n<\/p>\n","protected":false},"excerpt":{"rendered":"<p>Les formalit\u00e9s douani\u00e8res Des visas sont n\u00e9cessaires pour la Russie et la Mongolie. Une assurance assistance monde est obligatoire. Russie Il faut un visa russe \u00e0 double entr\u00e9e, puisqu\u2019il faut repasser par la Russie pour le retour. Pas facile \u00e0 obtenir, il vaut mieux passer par une agence sp\u00e9cialis\u00e9e ex\u00a0: www.russianconcept.com et il faut remplir [&hellip;]<\/p>\n","protected":false},"author":1,"featured_media":0,"parent":212,"menu_order":0,"comment_status":"closed","ping_status":"closed","template":"page-templates\/full-width.php","meta":{"footnotes":""},"class_list":["post-227","page","type-page","status-publish","hentry"],"_links":{"self":[{"href":"https:\/\/horizon-dunes.ch\/wordpress\/index.php?rest_route=\/wp\/v2\/pages\/227","targetHints":{"allow":["GET"]}}],"collection":[{"href":"https:\/\/horizon-dunes.ch\/wordpress\/index.php?rest_route=\/wp\/v2\/pages"}],"about":[{"href":"https:\/\/horizon-dunes.ch\/wordpress\/index.php?rest_route=\/wp\/v2\/types\/page"}],"author":[{"embeddable":true,"href":"https:\/\/horizon-dunes.ch\/wordpress\/index.php?rest_route=\/wp\/v2\/users\/1"}],"replies":[{"embeddable":true,"href":"https:\/\/horizon-dunes.ch\/wordpress\/index.php?rest_route=%2Fwp%2Fv2%2Fcomments&post=227"}],"version-history":[{"count":5,"href":"https:\/\/horizon-dunes.ch\/wordpress\/index.php?rest_route=\/wp\/v2\/pages\/227\/revisions"}],"predecessor-version":[{"id":331,"href":"https:\/\/horizon-dunes.ch\/wordpress\/index.php?rest_route=\/wp\/v2\/pages\/227\/revisions\/331"}],"up":[{"embeddable":true,"href":"https:\/\/horizon-dunes.ch\/wordpress\/index.php?rest_route=\/wp\/v2\/pages\/212"}],"wp:attachment":[{"href":"https:\/\/horizon-dunes.ch\/wordpress\/index.php?rest_route=%2Fwp%2Fv2%2Fmedia&parent=227"}],"curies":[{"name":"wp","href":"https:\/\/api.w.org\/{rel}","templated":true}]}}