{"id":25,"date":"2013-10-03T20:12:32","date_gmt":"2013-10-03T19:12:32","guid":{"rendered":"http:\/\/www.horizon-dunes.ch\/wordpress\/?page_id=25"},"modified":"2015-11-25T14:59:27","modified_gmt":"2015-11-25T13:59:27","slug":"utilisation-des-cartes-papier","status":"publish","type":"page","link":"https:\/\/horizon-dunes.ch\/wordpress\/?page_id=25","title":{"rendered":"Coordonn\u00e9es g\u00e9od\u00e9siques"},"content":{"rendered":"<p><strong><span style=\"font-size: medium;\">Report d&#8217;un point GPS sur une carte papier<\/span><\/strong><\/p>\n<p>Carte IGN 1:750:000 &#8211; Tunisie<br \/>\nVous \u00eates \u00e0 la station de pompage SP4 et votre GPS vous indique la position (en format DD\u00b0MM.MMM) : N 38\u00b0 29.720 E 009\u00b0 41.100<br \/>\n<a href=\"https:\/\/www.horizon-dunes.ch\/wordpress\/wp-content\/uploads\/2013\/10\/Report-wpt-sur-carte-IGN.jpg\"><img loading=\"lazy\" decoding=\"async\" class=\"alignnone  wp-image-34\" alt=\"Report wpt sur carte IGN\" src=\"https:\/\/www.horizon-dunes.ch\/wordpress\/wp-content\/uploads\/2013\/10\/Report-wpt-sur-carte-IGN.jpg\" width=\"516\" height=\"580\" srcset=\"https:\/\/horizon-dunes.ch\/wordpress\/wp-content\/uploads\/2013\/10\/Report-wpt-sur-carte-IGN.jpg 645w, https:\/\/horizon-dunes.ch\/wordpress\/wp-content\/uploads\/2013\/10\/Report-wpt-sur-carte-IGN-266x300.jpg 266w, https:\/\/horizon-dunes.ch\/wordpress\/wp-content\/uploads\/2013\/10\/Report-wpt-sur-carte-IGN-624x701.jpg 624w\" sizes=\"auto, (max-width: 516px) 100vw, 516px\" \/><\/a><\/p>\n<p>Dans le rectangle des coordonn\u00e9es indiqu\u00e9es:<br \/>\n&#8211;\u00a0 mesurez avec votre r\u00e9glette la distance entre la latitude N32\u00b0 et N33\u00b0 = 14.7 cm<br \/>\n&#8211;\u00a0 puis la distance de la longitude entre E009\u00b0 et E010\u00b0 = 12.5 cm<br \/>\n&#8211;\u00a0 et effectuez les deux calculs suivants:<br \/>\n1) De 9\u00b0 \u00e0 10\u00b0 Est sur la latitude 32\u00b0 = 12.5 cm par degr\u00e9<br \/>\n12.5 : 60 = 0.208 cm\/min<br \/>\n41.100 * 0.208 = 8,56 cm<br \/>\n2) De 32\u00b0 \u00e0 33\u00b0 Nord sur la longitude 9\u00b0 = 14.7 cm par degr\u00e9<br \/>\n14.7 : 60 = 0.245 cm\/min<br \/>\n29.720 * 0.245 = 7.28 cm<br \/>\nReportez ces deux distances sur votre carte et tracez votre point<br \/>\n<em>Il est possible de calculez une position \u00e0 partir d&#8217;un point sur la carte en effectuant l&#8217;op\u00e9ration inverse (exemple : en divisant 7.28 cm par 0.245, on obtient la coordonn\u00e9e 29.720)<\/em><\/p>\n<p><a href=\"https:\/\/horizon-dunes.ch\/attachments\/Image\/exercice 1.gif\" target=\"_blank\">Exercice et d\u00e9marche pour d\u00e9terminer un wpt<\/a><br \/>\n<a href=\"https:\/\/horizon-dunes.ch\/attachments\/Image\/exercice 2.gif\" target=\"_blank\">Exercice et d\u00e9marche pour reporter un wpt<\/a><\/p>\n<p>&nbsp;<\/p>\n","protected":false},"excerpt":{"rendered":"<p>Report d&#8217;un point GPS sur une carte papier Carte IGN 1:750:000 &#8211; Tunisie Vous \u00eates \u00e0 la station de pompage SP4 et votre GPS vous indique la position (en format DD\u00b0MM.MMM) : N 38\u00b0 29.720 E 009\u00b0 41.100 Dans le rectangle des coordonn\u00e9es indiqu\u00e9es: &#8211;\u00a0 mesurez avec votre r\u00e9glette la distance entre la latitude N32\u00b0 [&hellip;]<\/p>\n","protected":false},"author":1,"featured_media":0,"parent":39,"menu_order":1,"comment_status":"closed","ping_status":"closed","template":"page-templates\/full-width.php","meta":{"footnotes":""},"class_list":["post-25","page","type-page","status-publish","hentry"],"_links":{"self":[{"href":"https:\/\/horizon-dunes.ch\/wordpress\/index.php?rest_route=\/wp\/v2\/pages\/25","targetHints":{"allow":["GET"]}}],"collection":[{"href":"https:\/\/horizon-dunes.ch\/wordpress\/index.php?rest_route=\/wp\/v2\/pages"}],"about":[{"href":"https:\/\/horizon-dunes.ch\/wordpress\/index.php?rest_route=\/wp\/v2\/types\/page"}],"author":[{"embeddable":true,"href":"https:\/\/horizon-dunes.ch\/wordpress\/index.php?rest_route=\/wp\/v2\/users\/1"}],"replies":[{"embeddable":true,"href":"https:\/\/horizon-dunes.ch\/wordpress\/index.php?rest_route=%2Fwp%2Fv2%2Fcomments&post=25"}],"version-history":[{"count":18,"href":"https:\/\/horizon-dunes.ch\/wordpress\/index.php?rest_route=\/wp\/v2\/pages\/25\/revisions"}],"predecessor-version":[{"id":812,"href":"https:\/\/horizon-dunes.ch\/wordpress\/index.php?rest_route=\/wp\/v2\/pages\/25\/revisions\/812"}],"up":[{"embeddable":true,"href":"https:\/\/horizon-dunes.ch\/wordpress\/index.php?rest_route=\/wp\/v2\/pages\/39"}],"wp:attachment":[{"href":"https:\/\/horizon-dunes.ch\/wordpress\/index.php?rest_route=%2Fwp%2Fv2%2Fmedia&parent=25"}],"curies":[{"name":"wp","href":"https:\/\/api.w.org\/{rel}","templated":true}]}}