{"id":333,"date":"2013-10-07T08:19:07","date_gmt":"2013-10-07T06:19:07","guid":{"rendered":"http:\/\/www.horizon-dunes.ch\/wordpress\/?page_id=333"},"modified":"2013-10-07T16:16:40","modified_gmt":"2013-10-07T14:16:40","slug":"le-sacre","status":"publish","type":"page","link":"https:\/\/horizon-dunes.ch\/wordpress\/?page_id=333","title":{"rendered":"Le sacr\u00e9"},"content":{"rendered":"<p style=\"text-align: justify;\">Les Mongols sont respectueux envers ce qui est sacr\u00e9, sur les pistes, on rencontre\u00a0beaucoup d\u2019ovoos\u00a0(amas de pierres sur lesquelles sont fix\u00e9s des <i>khadag<\/i>, sorte de foulards en soie bleue) dont ils font 3 fois le tour dans le sens des aiguilles d\u2019une montre en d\u00e9posant une offrande qui peut \u00eatre une pierre, un objet religieux ou de la nourriture.<br \/>\nOn rencontre aussi des stupas (<i>suwurghan en mongol) <\/i>qui sont\u00a0des\u00a0structures architecturales bouddhistes que l\u2019on trouve dans tous les temples et monast\u00e8res de cette religion, ainsi que\u00a0fr\u00e9quemment\u00a0sur les pistes. Elles peuvent contenir\u00a0des reliques, des objets ou des textes sacr\u00e9s. Tr\u00e8s souvent, des moulins \u00e0 pri\u00e8res se trouvent \u00e0 proximit\u00e9. Le sommet du stupa repr\u00e9sente le soleil, la lune et une fleur de lotus surmontant une grande fl\u00e8che conique repr\u00e9sentant l\u2019ombrelle royale de la symbolique bouddhiste.<strong><\/strong><br \/>\n\n\t\t<style type=\"text\/css\">\n\t\t\t#gallery-1 {\n\t\t\t\tmargin: auto;\n\t\t\t}\n\t\t\t#gallery-1 .gallery-item {\n\t\t\t\tfloat: left;\n\t\t\t\tmargin-top: 10px;\n\t\t\t\ttext-align: center;\n\t\t\t\twidth: 20%;\n\t\t\t}\n\t\t\t#gallery-1 img {\n\t\t\t\tborder: 2px solid #cfcfcf;\n\t\t\t}\n\t\t\t#gallery-1 .gallery-caption {\n\t\t\t\tmargin-left: 0;\n\t\t\t}\n\t\t\t\/* see gallery_shortcode() in wp-includes\/media.php *\/\n\t\t<\/style>\n\t\t<div id='gallery-1' class='gallery galleryid-333 gallery-columns-5 gallery-size-thumbnail'><dl class='gallery-item'>\n\t\t\t<dt class='gallery-icon landscape'>\n\t\t\t\t<a href='https:\/\/horizon-dunes.ch\/wordpress\/wp-content\/uploads\/2013\/10\/A-197-ovo.jpg'><img loading=\"lazy\" decoding=\"async\" width=\"150\" height=\"150\" src=\"https:\/\/horizon-dunes.ch\/wordpress\/wp-content\/uploads\/2013\/10\/A-197-ovo-150x150.jpg\" class=\"attachment-thumbnail size-thumbnail\" alt=\"\" aria-describedby=\"gallery-1-339\" \/><\/a>\n\t\t\t<\/dt>\n\t\t\t\t<dd class='wp-caption-text gallery-caption' id='gallery-1-339'>\n\t\t\t\tOvoo\n\t\t\t\t<\/dd><\/dl><dl class='gallery-item'>\n\t\t\t<dt class='gallery-icon landscape'>\n\t\t\t\t<a href='https:\/\/horizon-dunes.ch\/wordpress\/wp-content\/uploads\/2013\/10\/A-439.jpg'><img loading=\"lazy\" decoding=\"async\" width=\"150\" height=\"150\" src=\"https:\/\/horizon-dunes.ch\/wordpress\/wp-content\/uploads\/2013\/10\/A-439-150x150.jpg\" class=\"attachment-thumbnail size-thumbnail\" alt=\"\" aria-describedby=\"gallery-1-341\" \/><\/a>\n\t\t\t<\/dt>\n\t\t\t\t<dd class='wp-caption-text gallery-caption' id='gallery-1-341'>\n\t\t\t\tIl est imposant cet ovoo\n\t\t\t\t<\/dd><\/dl><dl class='gallery-item'>\n\t\t\t<dt class='gallery-icon landscape'>\n\t\t\t\t<a href='https:\/\/horizon-dunes.ch\/wordpress\/wp-content\/uploads\/2013\/10\/A-441.jpg'><img loading=\"lazy\" decoding=\"async\" width=\"150\" height=\"150\" src=\"https:\/\/horizon-dunes.ch\/wordpress\/wp-content\/uploads\/2013\/10\/A-441-150x150.jpg\" class=\"attachment-thumbnail size-thumbnail\" alt=\"\" aria-describedby=\"gallery-1-342\" \/><\/a>\n\t\t\t<\/dt>\n\t\t\t\t<dd class='wp-caption-text gallery-caption' id='gallery-1-342'>\n\t\t\t\tUne offrande\n\t\t\t\t<\/dd><\/dl><dl class='gallery-item'>\n\t\t\t<dt class='gallery-icon landscape'>\n\t\t\t\t<a href='https:\/\/horizon-dunes.ch\/wordpress\/wp-content\/uploads\/2013\/10\/A-303-ovo.jpg'><img loading=\"lazy\" decoding=\"async\" width=\"150\" height=\"150\" src=\"https:\/\/horizon-dunes.ch\/wordpress\/wp-content\/uploads\/2013\/10\/A-303-ovo-150x150.jpg\" class=\"attachment-thumbnail size-thumbnail\" alt=\"\" aria-describedby=\"gallery-1-340\" \/><\/a>\n\t\t\t<\/dt>\n\t\t\t\t<dd class='wp-caption-text gallery-caption' id='gallery-1-340'>\n\t\t\t\tOvoos sur un col\n\t\t\t\t<\/dd><\/dl><dl class='gallery-item'>\n\t\t\t<dt class='gallery-icon portrait'>\n\t\t\t\t<a href='https:\/\/horizon-dunes.ch\/wordpress\/wp-content\/uploads\/2013\/10\/B-006-Stupa.jpg'><img loading=\"lazy\" decoding=\"async\" width=\"150\" height=\"150\" src=\"https:\/\/horizon-dunes.ch\/wordpress\/wp-content\/uploads\/2013\/10\/B-006-Stupa-150x150.jpg\" class=\"attachment-thumbnail size-thumbnail\" alt=\"\" aria-describedby=\"gallery-1-343\" \/><\/a>\n\t\t\t<\/dt>\n\t\t\t\t<dd class='wp-caption-text gallery-caption' id='gallery-1-343'>\n\t\t\t\tStupa avec moulin \u00e0 pri\u00e8res\n\t\t\t\t<\/dd><\/dl><br style=\"clear: both\" \/>\n\t\t<\/div>\n<\/p>\n<p><strong>Karakorum<\/strong><\/p>\n<p style=\"text-align: justify;\">En 1220, Gengis\u00a0Khan d\u00e9cida de faire de Karakorum\u00a0la capitale de l\u2019Empire mongol, mais Karakorum\u00a0ne devint capitale en 1228 sous le r\u00e8gne de d\u2019\u00d6g\u00f6del Khan, troisi\u00e8me fils de Gengis\u00a0Khan. Mais Karakorum ne fut la capitale que pour 40 ans. Elle fut compl\u00e9tement d\u00e9truite en 1338 \u00e0 cause des incursions chinoises et des guerres intestines entre les f\u00e9odaux mongols.<\/p>\n<p><strong>Le Monast\u00e8re d\u2019Erdene Zuu<\/strong><\/p>\n<p style=\"text-align: justify;\">La construction du\u00a0\u00a0monast\u00e8re D\u2019Erdene Zuu\u00a0que nous visitons\u00a0date\u00a0de\u00a01586. Ce monast\u00e8re est situ\u00e9 \u00e0 6 km de Karakorum\u00a0et son acc\u00e8s par une route goudronn\u00e9e se termine pas une piste d\u2019enfer. Il fut le premier monast\u00e8re boudhique de Mongolie int\u00e9rieure. Sa construction d\u00e9buta en 1586 et prit des si\u00e8cles. C\u2019est un lieu de recueillement pour les Mongols.<br \/>\nC&#8217;est aussi un endroit touristique tr\u00e8s visit\u00e9. Il y a quelques \u00e9choppes de souvenirs le long du parking. Dans l\u2019\u00e9choppe d\u2019un peintre d\u2019images de guerriers mongols, le peintre nous dit avec joie qu\u2019il conna\u00eet bien Palexpo\u00a0\u00e0 Gen\u00e8ve pour y avoir expos\u00e9 lors du salon des arts m\u00e9nagers en 2002.\u00a0Dans un autre \u00e9choppe, le vendeur tr\u00e8s malin propose des cartes postales, des timbres poste et se charge de les mettre \u00e0 la poste, ce que nous acceptons avec enthousiasme, car les bo\u00eetes postales ne se trouvent pas sur les pistes que nous parcourons, il ne nous reste qu\u2019\u00e0 les \u00e9crire.<\/p>\n<p>La visite du monast\u00e8re<br \/>\n\n\t\t<style type=\"text\/css\">\n\t\t\t#gallery-2 {\n\t\t\t\tmargin: auto;\n\t\t\t}\n\t\t\t#gallery-2 .gallery-item {\n\t\t\t\tfloat: left;\n\t\t\t\tmargin-top: 10px;\n\t\t\t\ttext-align: center;\n\t\t\t\twidth: 25%;\n\t\t\t}\n\t\t\t#gallery-2 img {\n\t\t\t\tborder: 2px solid #cfcfcf;\n\t\t\t}\n\t\t\t#gallery-2 .gallery-caption {\n\t\t\t\tmargin-left: 0;\n\t\t\t}\n\t\t\t\/* see gallery_shortcode() in wp-includes\/media.php *\/\n\t\t<\/style>\n\t\t<div id='gallery-2' class='gallery galleryid-333 gallery-columns-4 gallery-size-thumbnail'><dl class='gallery-item'>\n\t\t\t<dt class='gallery-icon landscape'>\n\t\t\t\t<a href='https:\/\/horizon-dunes.ch\/wordpress\/wp-content\/uploads\/2013\/10\/A-545-108-stupas.jpg'><img loading=\"lazy\" decoding=\"async\" width=\"150\" height=\"150\" src=\"https:\/\/horizon-dunes.ch\/wordpress\/wp-content\/uploads\/2013\/10\/A-545-108-stupas-150x150.jpg\" class=\"attachment-thumbnail size-thumbnail\" alt=\"\" aria-describedby=\"gallery-2-348\" \/><\/a>\n\t\t\t<\/dt>\n\t\t\t\t<dd class='wp-caption-text gallery-caption' id='gallery-2-348'>\n\t\t\t\tLe mur d&#8217;enceinte et ses 108 stupas\n\t\t\t\t<\/dd><\/dl><dl class='gallery-item'>\n\t\t\t<dt class='gallery-icon landscape'>\n\t\t\t\t<a href='https:\/\/horizon-dunes.ch\/wordpress\/wp-content\/uploads\/2013\/10\/A-570.jpg'><img loading=\"lazy\" decoding=\"async\" width=\"150\" height=\"150\" src=\"https:\/\/horizon-dunes.ch\/wordpress\/wp-content\/uploads\/2013\/10\/A-570-150x150.jpg\" class=\"attachment-thumbnail size-thumbnail\" alt=\"\" aria-describedby=\"gallery-2-353\" \/><\/a>\n\t\t\t<\/dt>\n\t\t\t\t<dd class='wp-caption-text gallery-caption' id='gallery-2-353'>\n\t\t\t\tLes 3 temples d&#8217;Abdai Khan\n\t\t\t\t<\/dd><\/dl><dl class='gallery-item'>\n\t\t\t<dt class='gallery-icon landscape'>\n\t\t\t\t<a href='https:\/\/horizon-dunes.ch\/wordpress\/wp-content\/uploads\/2013\/10\/A-574.jpg'><img loading=\"lazy\" decoding=\"async\" width=\"150\" height=\"150\" src=\"https:\/\/horizon-dunes.ch\/wordpress\/wp-content\/uploads\/2013\/10\/A-574-150x150.jpg\" class=\"attachment-thumbnail size-thumbnail\" alt=\"\" aria-describedby=\"gallery-2-355\" \/><\/a>\n\t\t\t<\/dt>\n\t\t\t\t<dd class='wp-caption-text gallery-caption' id='gallery-2-355'>\n\t\t\t\tLe temple central \n\t\t\t\t<\/dd><\/dl><dl class='gallery-item'>\n\t\t\t<dt class='gallery-icon portrait'>\n\t\t\t\t<a href='https:\/\/horizon-dunes.ch\/wordpress\/wp-content\/uploads\/2013\/10\/A-568.jpg'><img loading=\"lazy\" decoding=\"async\" width=\"150\" height=\"150\" src=\"https:\/\/horizon-dunes.ch\/wordpress\/wp-content\/uploads\/2013\/10\/A-568-150x150.jpg\" class=\"attachment-thumbnail size-thumbnail\" alt=\"\" aria-describedby=\"gallery-2-352\" \/><\/a>\n\t\t\t<\/dt>\n\t\t\t\t<dd class='wp-caption-text gallery-caption' id='gallery-2-352'>\n\t\t\t\tA l&#8217;int\u00e9rieur d&#8217;un des 3 temples\n\t\t\t\t<\/dd><\/dl><br style=\"clear: both\" \/><dl class='gallery-item'>\n\t\t\t<dt class='gallery-icon landscape'>\n\t\t\t\t<a href='https:\/\/horizon-dunes.ch\/wordpress\/wp-content\/uploads\/2013\/10\/A-555.jpg'><img loading=\"lazy\" decoding=\"async\" width=\"150\" height=\"150\" src=\"https:\/\/horizon-dunes.ch\/wordpress\/wp-content\/uploads\/2013\/10\/A-555-150x150.jpg\" class=\"attachment-thumbnail size-thumbnail\" alt=\"\" aria-describedby=\"gallery-2-350\" \/><\/a>\n\t\t\t<\/dt>\n\t\t\t\t<dd class='wp-caption-text gallery-caption' id='gallery-2-350'>\n\t\t\t\tMoulins \u00e0 pri\u00e8res\n\t\t\t\t<\/dd><\/dl><dl class='gallery-item'>\n\t\t\t<dt class='gallery-icon landscape'>\n\t\t\t\t<a href='https:\/\/horizon-dunes.ch\/wordpress\/wp-content\/uploads\/2013\/10\/A-550.jpg'><img loading=\"lazy\" decoding=\"async\" width=\"150\" height=\"150\" src=\"https:\/\/horizon-dunes.ch\/wordpress\/wp-content\/uploads\/2013\/10\/A-550-150x150.jpg\" class=\"attachment-thumbnail size-thumbnail\" alt=\"\" \/><\/a>\n\t\t\t<\/dt><\/dl><dl class='gallery-item'>\n\t\t\t<dt class='gallery-icon landscape'>\n\t\t\t\t<a href='https:\/\/horizon-dunes.ch\/wordpress\/wp-content\/uploads\/2013\/10\/A-557.jpg'><img loading=\"lazy\" decoding=\"async\" width=\"150\" height=\"150\" src=\"https:\/\/horizon-dunes.ch\/wordpress\/wp-content\/uploads\/2013\/10\/A-557-150x150.jpg\" class=\"attachment-thumbnail size-thumbnail\" alt=\"\" \/><\/a>\n\t\t\t<\/dt><\/dl><dl class='gallery-item'>\n\t\t\t<dt class='gallery-icon landscape'>\n\t\t\t\t<a href='https:\/\/horizon-dunes.ch\/wordpress\/wp-content\/uploads\/2013\/10\/A-571.jpg'><img loading=\"lazy\" decoding=\"async\" width=\"150\" height=\"150\" src=\"https:\/\/horizon-dunes.ch\/wordpress\/wp-content\/uploads\/2013\/10\/A-571-150x150.jpg\" class=\"attachment-thumbnail size-thumbnail\" alt=\"\" aria-describedby=\"gallery-2-354\" \/><\/a>\n\t\t\t<\/dt>\n\t\t\t\t<dd class='wp-caption-text gallery-caption' id='gallery-2-354'>\n\t\t\t\tStupa d&#8217;or ou Bodhi Suburgan\n\t\t\t\t<\/dd><\/dl><br style=\"clear: both\" \/><dl class='gallery-item'>\n\t\t\t<dt class='gallery-icon portrait'>\n\t\t\t\t<a href='https:\/\/horizon-dunes.ch\/wordpress\/wp-content\/uploads\/2013\/10\/DSC_0156.jpg'><img loading=\"lazy\" decoding=\"async\" width=\"150\" height=\"150\" src=\"https:\/\/horizon-dunes.ch\/wordpress\/wp-content\/uploads\/2013\/10\/DSC_0156-150x150.jpg\" class=\"attachment-thumbnail size-thumbnail\" alt=\"\" aria-describedby=\"gallery-2-398\" \/><\/a>\n\t\t\t<\/dt>\n\t\t\t\t<dd class='wp-caption-text gallery-caption' id='gallery-2-398'>\n\t\t\t\tPetite troupe guerri\u00e8re\n\t\t\t\t<\/dd><\/dl>\n\t\t\t<br style='clear: both' \/>\n\t\t<\/div>\n<\/p>\n","protected":false},"excerpt":{"rendered":"<p>Les Mongols sont respectueux envers ce qui est sacr\u00e9, sur les pistes, on rencontre\u00a0beaucoup d\u2019ovoos\u00a0(amas de pierres sur lesquelles sont fix\u00e9s des khadag, sorte de foulards en soie bleue) dont ils font 3 fois le tour dans le sens des aiguilles d\u2019une montre en d\u00e9posant une offrande qui peut \u00eatre une pierre, un objet religieux [&hellip;]<\/p>\n","protected":false},"author":1,"featured_media":0,"parent":206,"menu_order":0,"comment_status":"closed","ping_status":"closed","template":"page-templates\/full-width.php","meta":{"footnotes":""},"class_list":["post-333","page","type-page","status-publish","hentry"],"_links":{"self":[{"href":"https:\/\/horizon-dunes.ch\/wordpress\/index.php?rest_route=\/wp\/v2\/pages\/333","targetHints":{"allow":["GET"]}}],"collection":[{"href":"https:\/\/horizon-dunes.ch\/wordpress\/index.php?rest_route=\/wp\/v2\/pages"}],"about":[{"href":"https:\/\/horizon-dunes.ch\/wordpress\/index.php?rest_route=\/wp\/v2\/types\/page"}],"author":[{"embeddable":true,"href":"https:\/\/horizon-dunes.ch\/wordpress\/index.php?rest_route=\/wp\/v2\/users\/1"}],"replies":[{"embeddable":true,"href":"https:\/\/horizon-dunes.ch\/wordpress\/index.php?rest_route=%2Fwp%2Fv2%2Fcomments&post=333"}],"version-history":[{"count":11,"href":"https:\/\/horizon-dunes.ch\/wordpress\/index.php?rest_route=\/wp\/v2\/pages\/333\/revisions"}],"predecessor-version":[{"id":460,"href":"https:\/\/horizon-dunes.ch\/wordpress\/index.php?rest_route=\/wp\/v2\/pages\/333\/revisions\/460"}],"up":[{"embeddable":true,"href":"https:\/\/horizon-dunes.ch\/wordpress\/index.php?rest_route=\/wp\/v2\/pages\/206"}],"wp:attachment":[{"href":"https:\/\/horizon-dunes.ch\/wordpress\/index.php?rest_route=%2Fwp%2Fv2%2Fmedia&parent=333"}],"curies":[{"name":"wp","href":"https:\/\/api.w.org\/{rel}","templated":true}]}}