{"id":359,"date":"2013-10-07T09:22:36","date_gmt":"2013-10-07T07:22:36","guid":{"rendered":"http:\/\/www.horizon-dunes.ch\/wordpress\/?page_id=359"},"modified":"2018-07-27T19:07:33","modified_gmt":"2018-07-27T17:07:33","slug":"la-navigation-en-mongolie","status":"publish","type":"page","link":"https:\/\/horizon-dunes.ch\/wordpress\/?page_id=359","title":{"rendered":"La navigation en Mongolie"},"content":{"rendered":"<p><strong>Mat\u00e9riel utilis\u00e9 pour la navigation\u00a0:<\/strong><\/p>\n<ul>\n<li>Cartes utilis\u00e9es\u00a0: La carte de <a href=\"https:\/\/www.reise-know-how.de\/de\/shop\/produkttyp\/E-Book\/produkttyp\/Download-Map\/produkttyp\/Download-Audio\/produkttyp\/Download-CD-ROM\/land\/mongolei-18419\" target=\"_blank\">Mongolie Reise\u00a0Know-How<\/a> au 1:1\u2019600\u2019000 disponible en format papier et digitalis\u00e9 pour GPS\u00a0et les cartes aviation\u00a0ONC\u00a0F-7, ONC\u00a0F-8 et ONC E-7 au 1:1\u2019000\u2019000\u2032 disponibles gratuitement en format num\u00e9ris\u00e9 JPG sur le site de l\u2019Universit\u00e9 du Texas \u00a0<a href=\"http:\/\/www.lib.utexas.edu\/maps\/onc\/\">lib.utexas.edu.maps.onc<\/a><\/li>\n<li>GPS\u00a0utilis\u00e9\u00a0: Ozi Android\u00a0(25 USD) que j\u2019ai install\u00e9 sur ma tablette Samsung\u00a0pour la navigation sur les pistes de Mongolie, et un bon vieux Garmin\u00a0276C comme GPS de secours.<\/li>\n<li>GPS\u00a0Nav\u00a0&amp; Maps\u00a0(Skobbler\u00a0GMBH\u00a0&#8211; Android Market) sur ma tablette Samsung\u00a0pour la navigation routi\u00e8re en Russie, en Ukraine et en Hongrie. Tr\u00e8s utile dans les grandes villes et pas cher du tout (ex\u00a0: 3,30 CHF la carte de Russie) et ne n\u00e9cessite ni r\u00e9seau ni connexion internet.<\/li>\n<\/ul>\n<p>Un t\u00e9l\u00e9phone satellitaire (Thuraya\u00a0dans mon cas) est n\u00e9cessaire en Mongolie, car il n\u2019y a pas de couverture GSM globale, sauf dans les villes et villages et quelques kilom\u00e8tres aux alentours\u00a0.<\/p>\n<p><strong>La navigation au\u00a0GPS\u00a0(Global Positioning\u00a0System)<br \/>\n<\/strong><em>(pour les non-baroudeurs et baroudeuses)<strong><br \/>\n<\/strong><\/em><\/p>\n<p>Habituellement, votre GPS\u00a0routier vous indique\u00a0de sa belle voix f\u00e9minine\u00a0: &#8220;au prochain carrefour, prenez la deuxi\u00e8me \u00e0 droite&#8221; ou &#8220;calcul en cours&#8221; si vous avez pris la mauvaise sortie. Dans le d\u00e9sert et sur le pistes\u00a0non balis\u00e9es et non cartographi\u00e9es,\u00a0le GPS &#8220;routier&#8221; devient inutile, il\u00a0faut naviguer en mode navigation marine, c\u2019est \u00e0 dire au cap (ou azimut) vers un point d\u00e9termin\u00e9 (waypoint).<\/p>\n<p><a href=\"http:\/\/horizondunesdotme.files.wordpress.com\/2013\/09\/screenshot_2013-08-15-09-49-08.jpg\"><img decoding=\"async\" alt=\"Affichage GPS dans le d\u00e9sert de Gobi\" src=\"http:\/\/horizondunesdotme.files.wordpress.com\/2013\/09\/screenshot_2013-08-15-09-49-08.jpg?w=908\" \/><\/a><\/p>\n<p>Affichage GPS\u00a0dans le d\u00e9sert de Gobi<\/p>\n<p>Sur cet exemple\u00a0d\u2019affichage de mon GPS, \u00e0 partir de la carte papier\u00a0de Mongolie, scann\u00e9e (r\u00e9gion du d\u00e9sert de Gobi) en format image\u00a0num\u00e9rique (JPG) et charg\u00e9e dans le GPS, voici toutes les informations \u00e0 disposition pour naviguer (tableau de bord) :<\/p>\n<ul>\n<li>En haut \u00e0 droite, \u00a0le rectangle bleu indique\u00a0la position exacte o\u00f9 je me trouve (cordonn\u00e9es g\u00e9od\u00e9siques)<\/li>\n<li>L\u2019indicateur &#8220;HDOP \u2013 <em>Horizontal Dilution Of\u00a0Precision<\/em>&#8221; indique la pr\u00e9cision du relev\u00e9 g\u00e9od\u00e9sique, d\u2019apr\u00e8s une triangulation regroupant les r\u00e9sultats de plusieurs satellites GPS<\/li>\n<li>A gauche, sur la carte affich\u00e9e, le trait bleu (trac\u00e9) montre le chemin parcouru, le trait rouge l\u2019objectif (waypoint WP48) \u00e0 atteindre, la fl\u00e8che jaune indique la position sur le parcours et la direction suivie<\/li>\n<li>Le chiffre 31 en haut \u00e0 gauche indique la vitesse actuelle du v\u00e9hicule<\/li>\n<li>Dans la boussole (compas) affich\u00e9e, le triangle jaune et la fl\u00e8che verte\u00a0indique le cap \u00e0 suivre en ligne droite pour atteindre l\u2019objectif (WP48), le triangle bleu indique le cap suivi, puisqu\u2019il n\u2019est pas possible d\u2019y aller en ligne droite \u00e0 cause du terrain. \u00a0Ces deux caps sont affich\u00e9s en degr\u00e9s dans les indicateurs &#8220;Rel\u00e8vement wp \u2013 <em>cap sur l\u2019objectif<\/em>&#8221; et \u00a0&#8220;Cap \u2013 <em>pour le cap suivi<\/em>&#8220;. Dans ces deux indicateurs, l\u2019abr\u00e9viation &#8220;tr&#8221; signifie &#8220;vrai&#8221;, c\u2019est \u00e0 dire le cap par rapport au Nord g\u00e9ographique au lieu du Nord magn\u00e9tique.<\/li>\n<li>L\u2019indicateur &#8220;D\u00e9viation&#8221; indique en m\u00e8tres (ou en kilom\u00e8tres) l\u2019erreur de d\u00e9viation entre les deux cap<\/li>\n<\/ul>\n<p style=\"text-align: justify;\">Une<a href=\"https:\/\/www.horizon-dunes.ch\/wordpress\/wp-content\/uploads\/2013\/10\/F\u00e9licitations.jpg\"><img loading=\"lazy\" decoding=\"async\" class=\"size-full wp-image-476 alignleft\" alt=\"F\u00e9licitations\" src=\"https:\/\/www.horizon-dunes.ch\/wordpress\/wp-content\/uploads\/2013\/10\/F\u00e9licitations.jpg\" width=\"104\" height=\"121\" \/><\/a> mention sp\u00e9ciale \u00e0 Clo\u00e9 et Romain, pour qui la navigation marine au GPS \u00e9tait une d\u00e9couverte, et qui nous ont pilot\u00e9 sans erreur de Dalangzalad au canyon de Yolyn Am par les pistes pas simples \u00e0 d\u00e9couvrir et sans l&#8217;intervention des seniors.<\/p>\n<p style=\"text-align: justify;\">\n","protected":false},"excerpt":{"rendered":"<p>Mat\u00e9riel utilis\u00e9 pour la navigation\u00a0: Cartes utilis\u00e9es\u00a0: La carte de Mongolie Reise\u00a0Know-How au 1:1\u2019600\u2019000 disponible en format papier et digitalis\u00e9 pour GPS\u00a0et les cartes aviation\u00a0ONC\u00a0F-7, ONC\u00a0F-8 et ONC E-7 au 1:1\u2019000\u2019000\u2032 disponibles gratuitement en format num\u00e9ris\u00e9 JPG sur le site de l\u2019Universit\u00e9 du Texas \u00a0lib.utexas.edu.maps.onc GPS\u00a0utilis\u00e9\u00a0: Ozi Android\u00a0(25 USD) que j\u2019ai install\u00e9 sur ma tablette [&hellip;]<\/p>\n","protected":false},"author":1,"featured_media":0,"parent":212,"menu_order":0,"comment_status":"closed","ping_status":"closed","template":"page-templates\/full-width.php","meta":{"footnotes":""},"class_list":["post-359","page","type-page","status-publish","hentry"],"_links":{"self":[{"href":"https:\/\/horizon-dunes.ch\/wordpress\/index.php?rest_route=\/wp\/v2\/pages\/359","targetHints":{"allow":["GET"]}}],"collection":[{"href":"https:\/\/horizon-dunes.ch\/wordpress\/index.php?rest_route=\/wp\/v2\/pages"}],"about":[{"href":"https:\/\/horizon-dunes.ch\/wordpress\/index.php?rest_route=\/wp\/v2\/types\/page"}],"author":[{"embeddable":true,"href":"https:\/\/horizon-dunes.ch\/wordpress\/index.php?rest_route=\/wp\/v2\/users\/1"}],"replies":[{"embeddable":true,"href":"https:\/\/horizon-dunes.ch\/wordpress\/index.php?rest_route=%2Fwp%2Fv2%2Fcomments&post=359"}],"version-history":[{"count":4,"href":"https:\/\/horizon-dunes.ch\/wordpress\/index.php?rest_route=\/wp\/v2\/pages\/359\/revisions"}],"predecessor-version":[{"id":475,"href":"https:\/\/horizon-dunes.ch\/wordpress\/index.php?rest_route=\/wp\/v2\/pages\/359\/revisions\/475"}],"up":[{"embeddable":true,"href":"https:\/\/horizon-dunes.ch\/wordpress\/index.php?rest_route=\/wp\/v2\/pages\/212"}],"wp:attachment":[{"href":"https:\/\/horizon-dunes.ch\/wordpress\/index.php?rest_route=%2Fwp%2Fv2%2Fmedia&parent=359"}],"curies":[{"name":"wp","href":"https:\/\/api.w.org\/{rel}","templated":true}]}}