{"id":365,"date":"2013-10-07T11:50:05","date_gmt":"2013-10-07T09:50:05","guid":{"rendered":"http:\/\/www.horizon-dunes.ch\/wordpress\/?page_id=365"},"modified":"2013-10-07T18:24:20","modified_gmt":"2013-10-07T16:24:20","slug":"liason-par-la-russie","status":"publish","type":"page","link":"https:\/\/horizon-dunes.ch\/wordpress\/?page_id=365","title":{"rendered":"Liaison par la Russie"},"content":{"rendered":"<p style=\"text-align: justify;\">Avant de m\u00e9riter les pistes de Mongolie, il faut passer par la Russie. C\u2019est le purgatoire pour l\u2019automobiliste. Des routes qui de tr\u00e8s roulantes, deviennent souvent des parcours trialisants : boue, poussi\u00e8re, nids de poule g\u00e9ants et plein de camions et v\u00e9hicules qui font n&#8217;importe quoi. Nous l&#8217;avons exp\u00e9riment\u00e9 malheureusement, mais un Toyota c&#8217;est solide et apr\u00e8s l&#8217;avoir sorti avec l&#8217;aide de l&#8217;\u00e9quipe et au moyen de 2 treuils, nous avons pu continuer notre p\u00e9riple.<br \/>\n<a href=\"https:\/\/www.horizon-dunes.ch\/wordpress\/wp-content\/uploads\/2013\/10\/Accident-1.jpg\"><img loading=\"lazy\" decoding=\"async\" class=\"size-medium wp-image-366 alignleft\" alt=\"Accident 1\" src=\"https:\/\/www.horizon-dunes.ch\/wordpress\/wp-content\/uploads\/2013\/10\/Accident-1-300x202.jpg\" width=\"300\" height=\"202\" srcset=\"https:\/\/horizon-dunes.ch\/wordpress\/wp-content\/uploads\/2013\/10\/Accident-1-300x202.jpg 300w, https:\/\/horizon-dunes.ch\/wordpress\/wp-content\/uploads\/2013\/10\/Accident-1-624x421.jpg 624w, https:\/\/horizon-dunes.ch\/wordpress\/wp-content\/uploads\/2013\/10\/Accident-1.jpg 1024w\" sizes=\"auto, (max-width: 300px) 100vw, 300px\" \/><\/a><br \/>\n<a href=\"https:\/\/www.horizon-dunes.ch\/wordpress\/wp-content\/uploads\/2013\/10\/Accident-2.jpg\"><img loading=\"lazy\" decoding=\"async\" class=\"alignnone size-medium wp-image-367\" alt=\"Accident 2\" src=\"https:\/\/www.horizon-dunes.ch\/wordpress\/wp-content\/uploads\/2013\/10\/Accident-2-300x167.jpg\" width=\"300\" height=\"167\" srcset=\"https:\/\/horizon-dunes.ch\/wordpress\/wp-content\/uploads\/2013\/10\/Accident-2-300x167.jpg 300w, https:\/\/horizon-dunes.ch\/wordpress\/wp-content\/uploads\/2013\/10\/Accident-2-624x347.jpg 624w, https:\/\/horizon-dunes.ch\/wordpress\/wp-content\/uploads\/2013\/10\/Accident-2.jpg 1024w\" sizes=\"auto, (max-width: 300px) 100vw, 300px\" \/><\/a><\/p>\n<p style=\"text-align: justify;\">Merci Bernard pour ton calme durant cet \u00e9v\u00e8nement et merci Jean pour ton efficacit\u00e9 \u00e0 remettre le Toyota sur les quatre roues.<\/p>\n<p style=\"text-align: justify;\">Sur les grands axes, nous avons crois\u00e9 ou d\u00e9pass\u00e9 en moyenne un semi-remorque 5 essieux toutes les 45 secondes. C\u2019est infernal et je n\u2019ai jamais vu de toute ma vie autant de poids lourds que lors de ces deux travers\u00e9es. Dans l\u2019Oural, on avance au pas et les poids lourds d\u00e9passent n\u2019importe comment. Certains chauffeurs ont quand m\u00eame la gentillesse de s\u2019\u00e9carter bien \u00e0 droite \u00e0 la hauteur des arr\u00eats de bus pour nous laisser d\u00e9passer. Les films d\u2019accidents de la circulation\u00a0 en Russie disponibles sur Youtube, vous les vivez en live !.<br \/>\nLes stations de carburants sont tr\u00e8s fr\u00e9quentes, il faut payer \u00e0 l\u2019avance le nombre de litres que l\u2019on va prendre, et dans chaque station, il y a un garde au sourire coinc\u00e9. Les WCs de ces stations sont la plupart du temps une cabane en bois situ\u00e9e \u00e0 l\u2019ext\u00e9rieur, avec un trou, le tout tapiss\u00e9 d\u2019excr\u00e9ments. Il n\u2019y a pas de mouche tellement que \u00e7a pue.<\/p>\n<p style=\"text-align: justify;\">Les policiers russes, et nous l\u2019avons exp\u00e9riment\u00e9, sont tr\u00e8s actifs de partout et, ce n&#8217;est pas nouveau, corrompus (aussi en Ukraine). C\u2019est utile d\u2019avoir des billets de 20 EUR en r\u00e9serve et surtout n\u2019essayez pas de vous justifier en anglais ou en allemand, l\u2019amende sera pire. Notre avis\u00a0 est que les Russes sont en g\u00e9n\u00e9ral peu accueillants et pas pr\u00eats \u00e0 vous aider en cas de probl\u00e8me.<\/p>\n<p>Mis \u00e0 part les nu\u00e9es de moustiques tr\u00e8s virulents, les bivouacs en Russie n\u2019ont pas pos\u00e9 de probl\u00e8me, nous \u00e9tions 5 v\u00e9hicules. Par contre, les h\u00f4tels de l\u2019Etat russe sont \u00e0 \u00e9viter, chers et peu accueillants. Les motels routiers sont une meilleure alternative, le tarif est d\u2019environ 30 EUR\/nuit sans petit d\u00e9jeuner pour 2 personnes. La nourriture et la propret\u00e9 sont tout \u00e0 fait correctes, mais c\u2019est \u00e0 vous de faire votre lit avant d\u2019y dormir.<\/p>\n<p><em>Cliquez sur les vignettes pour afficher les photos dans leurs tailles d&#8217;origine.<\/em><\/p>\n\n\t\t<style type=\"text\/css\">\n\t\t\t#gallery-1 {\n\t\t\t\tmargin: auto;\n\t\t\t}\n\t\t\t#gallery-1 .gallery-item {\n\t\t\t\tfloat: left;\n\t\t\t\tmargin-top: 10px;\n\t\t\t\ttext-align: center;\n\t\t\t\twidth: 25%;\n\t\t\t}\n\t\t\t#gallery-1 img {\n\t\t\t\tborder: 2px solid #cfcfcf;\n\t\t\t}\n\t\t\t#gallery-1 .gallery-caption {\n\t\t\t\tmargin-left: 0;\n\t\t\t}\n\t\t\t\/* see gallery_shortcode() in wp-includes\/media.php *\/\n\t\t<\/style>\n\t\t<div id='gallery-1' class='gallery galleryid-365 gallery-columns-4 gallery-size-thumbnail'><dl class='gallery-item'>\n\t\t\t<dt class='gallery-icon landscape'>\n\t\t\t\t<a href='https:\/\/horizon-dunes.ch\/wordpress\/wp-content\/uploads\/2013\/10\/A-025-Saint-Petersbourg.jpg'><img loading=\"lazy\" decoding=\"async\" width=\"150\" height=\"150\" src=\"https:\/\/horizon-dunes.ch\/wordpress\/wp-content\/uploads\/2013\/10\/A-025-Saint-Petersbourg-150x150.jpg\" class=\"attachment-thumbnail size-thumbnail\" alt=\"\" aria-describedby=\"gallery-1-391\" \/><\/a>\n\t\t\t<\/dt>\n\t\t\t\t<dd class='wp-caption-text gallery-caption' id='gallery-1-391'>\n\t\t\t\tLe raid d\u00e9bute avec une visite sous la pluie de St Petersburg\n\t\t\t\t<\/dd><\/dl><dl class='gallery-item'>\n\t\t\t<dt class='gallery-icon landscape'>\n\t\t\t\t<a href='https:\/\/horizon-dunes.ch\/wordpress\/wp-content\/uploads\/2013\/10\/A-021-St-Petersbourg.jpg'><img loading=\"lazy\" decoding=\"async\" width=\"150\" height=\"150\" src=\"https:\/\/horizon-dunes.ch\/wordpress\/wp-content\/uploads\/2013\/10\/A-021-St-Petersbourg-150x150.jpg\" class=\"attachment-thumbnail size-thumbnail\" alt=\"\" \/><\/a>\n\t\t\t<\/dt><\/dl><dl class='gallery-item'>\n\t\t\t<dt class='gallery-icon landscape'>\n\t\t\t\t<a href='https:\/\/horizon-dunes.ch\/wordpress\/wp-content\/uploads\/2013\/10\/A-026-Saint-Petersbourg.jpg'><img loading=\"lazy\" decoding=\"async\" width=\"150\" height=\"150\" src=\"https:\/\/horizon-dunes.ch\/wordpress\/wp-content\/uploads\/2013\/10\/A-026-Saint-Petersbourg-150x150.jpg\" class=\"attachment-thumbnail size-thumbnail\" alt=\"\" \/><\/a>\n\t\t\t<\/dt><\/dl><dl class='gallery-item'>\n\t\t\t<dt class='gallery-icon landscape'>\n\t\t\t\t<a href='https:\/\/horizon-dunes.ch\/wordpress\/wp-content\/uploads\/2013\/10\/A-011-St-Petersbourg.jpg'><img loading=\"lazy\" decoding=\"async\" width=\"150\" height=\"150\" src=\"https:\/\/horizon-dunes.ch\/wordpress\/wp-content\/uploads\/2013\/10\/A-011-St-Petersbourg-150x150.jpg\" class=\"attachment-thumbnail size-thumbnail\" alt=\"\" \/><\/a>\n\t\t\t<\/dt><\/dl><br style=\"clear: both\" \/><dl class='gallery-item'>\n\t\t\t<dt class='gallery-icon landscape'>\n\t\t\t\t<a href='https:\/\/horizon-dunes.ch\/wordpress\/wp-content\/uploads\/2013\/10\/A-050-vendeuses-myrtilles.jpg'><img loading=\"lazy\" decoding=\"async\" width=\"150\" height=\"150\" src=\"https:\/\/horizon-dunes.ch\/wordpress\/wp-content\/uploads\/2013\/10\/A-050-vendeuses-myrtilles-150x150.jpg\" class=\"attachment-thumbnail size-thumbnail\" alt=\"\" aria-describedby=\"gallery-1-393\" \/><\/a>\n\t\t\t<\/dt>\n\t\t\t\t<dd class='wp-caption-text gallery-caption' id='gallery-1-393'>\n\t\t\t\tVendeuses de myrtilles\n\t\t\t\t<\/dd><\/dl><dl class='gallery-item'>\n\t\t\t<dt class='gallery-icon landscape'>\n\t\t\t\t<a href='https:\/\/horizon-dunes.ch\/wordpress\/wp-content\/uploads\/2013\/10\/A-087-Ufa.jpg'><img loading=\"lazy\" decoding=\"async\" width=\"150\" height=\"150\" src=\"https:\/\/horizon-dunes.ch\/wordpress\/wp-content\/uploads\/2013\/10\/A-087-Ufa-150x150.jpg\" class=\"attachment-thumbnail size-thumbnail\" alt=\"\" aria-describedby=\"gallery-1-394\" \/><\/a>\n\t\t\t<\/dt>\n\t\t\t\t<dd class='wp-caption-text gallery-caption' id='gallery-1-394'>\n\t\t\t\tUfa &#8211; transports publics\n\t\t\t\t<\/dd><\/dl><dl class='gallery-item'>\n\t\t\t<dt class='gallery-icon landscape'>\n\t\t\t\t<a href='https:\/\/horizon-dunes.ch\/wordpress\/wp-content\/uploads\/2013\/10\/B-302-puits-p\u00e9trole.jpg'><img loading=\"lazy\" decoding=\"async\" width=\"150\" height=\"150\" src=\"https:\/\/horizon-dunes.ch\/wordpress\/wp-content\/uploads\/2013\/10\/B-302-puits-p\u00e9trole-150x150.jpg\" class=\"attachment-thumbnail size-thumbnail\" alt=\"\" aria-describedby=\"gallery-1-395\" \/><\/a>\n\t\t\t<\/dt>\n\t\t\t\t<dd class='wp-caption-text gallery-caption' id='gallery-1-395'>\n\t\t\t\tChacun son puits\n\t\t\t\t<\/dd><\/dl>\n\t\t\t<br style='clear: both' \/>\n\t\t<\/div>\n\n<p>&nbsp;<\/p>\n","protected":false},"excerpt":{"rendered":"<p>Avant de m\u00e9riter les pistes de Mongolie, il faut passer par la Russie. C\u2019est le purgatoire pour l\u2019automobiliste. Des routes qui de tr\u00e8s roulantes, deviennent souvent des parcours trialisants : boue, poussi\u00e8re, nids de poule g\u00e9ants et plein de camions et v\u00e9hicules qui font n&#8217;importe quoi. Nous l&#8217;avons exp\u00e9riment\u00e9 malheureusement, mais un Toyota c&#8217;est solide [&hellip;]<\/p>\n","protected":false},"author":1,"featured_media":0,"parent":212,"menu_order":0,"comment_status":"closed","ping_status":"closed","template":"page-templates\/full-width.php","meta":{"footnotes":""},"class_list":["post-365","page","type-page","status-publish","hentry"],"_links":{"self":[{"href":"https:\/\/horizon-dunes.ch\/wordpress\/index.php?rest_route=\/wp\/v2\/pages\/365","targetHints":{"allow":["GET"]}}],"collection":[{"href":"https:\/\/horizon-dunes.ch\/wordpress\/index.php?rest_route=\/wp\/v2\/pages"}],"about":[{"href":"https:\/\/horizon-dunes.ch\/wordpress\/index.php?rest_route=\/wp\/v2\/types\/page"}],"author":[{"embeddable":true,"href":"https:\/\/horizon-dunes.ch\/wordpress\/index.php?rest_route=\/wp\/v2\/users\/1"}],"replies":[{"embeddable":true,"href":"https:\/\/horizon-dunes.ch\/wordpress\/index.php?rest_route=%2Fwp%2Fv2%2Fcomments&post=365"}],"version-history":[{"count":12,"href":"https:\/\/horizon-dunes.ch\/wordpress\/index.php?rest_route=\/wp\/v2\/pages\/365\/revisions"}],"predecessor-version":[{"id":478,"href":"https:\/\/horizon-dunes.ch\/wordpress\/index.php?rest_route=\/wp\/v2\/pages\/365\/revisions\/478"}],"up":[{"embeddable":true,"href":"https:\/\/horizon-dunes.ch\/wordpress\/index.php?rest_route=\/wp\/v2\/pages\/212"}],"wp:attachment":[{"href":"https:\/\/horizon-dunes.ch\/wordpress\/index.php?rest_route=%2Fwp%2Fv2%2Fmedia&parent=365"}],"curies":[{"name":"wp","href":"https:\/\/api.w.org\/{rel}","templated":true}]}}