{"id":39,"date":"2013-10-04T14:33:27","date_gmt":"2013-10-04T13:33:27","guid":{"rendered":"http:\/\/www.horizon-dunes.ch\/wordpress\/?page_id=39"},"modified":"2013-10-07T08:14:37","modified_gmt":"2013-10-07T06:14:37","slug":"reporter-wpt-sur-carte-papier","status":"publish","type":"page","link":"https:\/\/horizon-dunes.ch\/wordpress\/?page_id=39","title":{"rendered":"Reporter un wpt sur une carte papier"},"content":{"rendered":"<p style=\"text-align: justify;\"><a href=\"https:\/\/www.horizon-dunes.ch\/wordpress\/wp-content\/uploads\/2013\/10\/Documenter-ses-cartes.jpg\"><img loading=\"lazy\" decoding=\"async\" class=\"size-full wp-image-156 alignleft\" alt=\"Documenter ses cartes\" src=\"https:\/\/www.horizon-dunes.ch\/wordpress\/wp-content\/uploads\/2013\/10\/Documenter-ses-cartes.jpg\" width=\"450\" height=\"300\" srcset=\"https:\/\/horizon-dunes.ch\/wordpress\/wp-content\/uploads\/2013\/10\/Documenter-ses-cartes.jpg 450w, https:\/\/horizon-dunes.ch\/wordpress\/wp-content\/uploads\/2013\/10\/Documenter-ses-cartes-300x200.jpg 300w\" sizes=\"auto, (max-width: 450px) 100vw, 450px\" \/><\/a>Reporter un waypoint sur une carte papier ayant des coordonn\u00e9es g\u00e9od\u00e9siques exprim\u00e9es en latitude et longitude ou UTM\/WGS 84, quelque soit son \u00e9chelle, n&#8217;est pas si compliqu\u00e9.<\/p>\n<p style=\"text-align: justify;\">Une r\u00e9glette millim\u00e9trique (longueur id\u00e9ale de 25 cm ou plus) et un crayon suffisent pour cette action. Selon l&#8217;\u00e9chelle de la carte, la pr\u00e9cision sera plus ou moins conforme.<\/p>\n<p style=\"text-align: justify;\">Les deux exemples\u00a0 <a title=\"Reporter des coordonn\u00e9es g\u00e9od\u00e9siques\" href=\"https:\/\/www.horizon-dunes.ch\/wordpress\/?page_id=25\" target=\"_blank\">coordonn\u00e9es g\u00e9od\u00e9siques<\/a> et <a title=\"Coordonn\u00e9es UTM\" href=\"https:\/\/www.horizon-dunes.ch\/wordpress\/?page_id=45\" target=\"_blank\">coordonn\u00e9es UTM<\/a>\u00a0 ne tiennent pas compte de la d\u00e9clinaison g\u00e9ographique ou magn\u00e9tique<\/p>\n","protected":false},"excerpt":{"rendered":"<p>Reporter un waypoint sur une carte papier ayant des coordonn\u00e9es g\u00e9od\u00e9siques exprim\u00e9es en latitude et longitude ou UTM\/WGS 84, quelque soit son \u00e9chelle, n&#8217;est pas si compliqu\u00e9. Une r\u00e9glette millim\u00e9trique (longueur id\u00e9ale de 25 cm ou plus) et un crayon suffisent pour cette action. Selon l&#8217;\u00e9chelle de la carte, la pr\u00e9cision sera plus ou moins [&hellip;]<\/p>\n","protected":false},"author":1,"featured_media":0,"parent":147,"menu_order":0,"comment_status":"closed","ping_status":"closed","template":"page-templates\/full-width.php","meta":{"footnotes":""},"class_list":["post-39","page","type-page","status-publish","hentry"],"_links":{"self":[{"href":"https:\/\/horizon-dunes.ch\/wordpress\/index.php?rest_route=\/wp\/v2\/pages\/39","targetHints":{"allow":["GET"]}}],"collection":[{"href":"https:\/\/horizon-dunes.ch\/wordpress\/index.php?rest_route=\/wp\/v2\/pages"}],"about":[{"href":"https:\/\/horizon-dunes.ch\/wordpress\/index.php?rest_route=\/wp\/v2\/types\/page"}],"author":[{"embeddable":true,"href":"https:\/\/horizon-dunes.ch\/wordpress\/index.php?rest_route=\/wp\/v2\/users\/1"}],"replies":[{"embeddable":true,"href":"https:\/\/horizon-dunes.ch\/wordpress\/index.php?rest_route=%2Fwp%2Fv2%2Fcomments&post=39"}],"version-history":[{"count":12,"href":"https:\/\/horizon-dunes.ch\/wordpress\/index.php?rest_route=\/wp\/v2\/pages\/39\/revisions"}],"predecessor-version":[{"id":332,"href":"https:\/\/horizon-dunes.ch\/wordpress\/index.php?rest_route=\/wp\/v2\/pages\/39\/revisions\/332"}],"up":[{"embeddable":true,"href":"https:\/\/horizon-dunes.ch\/wordpress\/index.php?rest_route=\/wp\/v2\/pages\/147"}],"wp:attachment":[{"href":"https:\/\/horizon-dunes.ch\/wordpress\/index.php?rest_route=%2Fwp%2Fv2%2Fmedia&parent=39"}],"curies":[{"name":"wp","href":"https:\/\/api.w.org\/{rel}","templated":true}]}}