{"id":415,"date":"2013-10-07T14:38:47","date_gmt":"2013-10-07T12:38:47","guid":{"rendered":"http:\/\/www.horizon-dunes.ch\/wordpress\/?page_id=415"},"modified":"2016-11-21T07:49:00","modified_gmt":"2016-11-21T06:49:00","slug":"la-faune-et-la-flore","status":"publish","type":"page","link":"https:\/\/horizon-dunes.ch\/wordpress\/?page_id=415","title":{"rendered":"La faune et la flore"},"content":{"rendered":"<h1 style=\"text-align: justify;\">La faune<\/h1>\n<p style=\"text-align: justify;\">Lors de la pr\u00e9paration de ce raid, nous avions lu qu&#8217;en plus des chevaux, des yacks, des chameaux, etc., il y a en Mongolie des l\u00e9opards des neiges, des ours, des gazelles, des loups, et plus encore. A part des versions empaill\u00e9es vues dans le mus\u00e9e de Yolyn Am lors de notre visite, nous avons vu quelques gazelles vivantes :-), mais surtout des hamsters et des gerboises \u00e0 foison qui sont tellement vifs et rapides qu&#8217;il m&#8217;a \u00e9t\u00e9 impossible d&#8217;en photographier.<\/p>\n<p style=\"text-align: justify;\">En ce qui concerne les chevaux, cela a \u00e9t\u00e9 un r\u00e9gal pour moi qui suis cavalier de longue date. Il y aurait 2&#8217;600&#8217;000 chevaux en Mongolie, c&#8217;est-\u00e0-dire presque un cheval par habitant. Le cheval fait partie de la vie quotidienne du Mongol nomade, il est utilis\u00e9 pour garder, conduire et rassembler les troupeaux de ch\u00e8vres, vaches, chameaux, etc., (souvent par des jeunes qui montent \u00e0 cru), se d\u00e9placer, etc. L&#8217;airag est un alcool mongol tir\u00e9 du lait de jument ferment\u00e9.<\/p>\n<p style=\"text-align: left;\"><a href=\"https:\/\/www.horizon-dunes.ch\/wordpress\/wp-content\/uploads\/2013\/10\/A-536-cheveaux.jpg\"><img loading=\"lazy\" decoding=\"async\" class=\" wp-image-421 aligncenter\" alt=\"A-536 cheveaux\" src=\"https:\/\/www.horizon-dunes.ch\/wordpress\/wp-content\/uploads\/2013\/10\/A-536-cheveaux.jpg\" width=\"1024\" height=\"680\" srcset=\"https:\/\/horizon-dunes.ch\/wordpress\/wp-content\/uploads\/2013\/10\/A-536-cheveaux.jpg 1024w, https:\/\/horizon-dunes.ch\/wordpress\/wp-content\/uploads\/2013\/10\/A-536-cheveaux-300x199.jpg 300w, https:\/\/horizon-dunes.ch\/wordpress\/wp-content\/uploads\/2013\/10\/A-536-cheveaux-624x414.jpg 624w\" sizes=\"auto, (max-width: 1024px) 100vw, 1024px\" \/><\/a><\/p>\n<p style=\"text-align: left;\"><em>Cliquez sur les vignettes pour afficher les photos en taille originale<\/em><\/p>\n\n\t\t<style type=\"text\/css\">\n\t\t\t#gallery-1 {\n\t\t\t\tmargin: auto;\n\t\t\t}\n\t\t\t#gallery-1 .gallery-item {\n\t\t\t\tfloat: left;\n\t\t\t\tmargin-top: 10px;\n\t\t\t\ttext-align: center;\n\t\t\t\twidth: 16%;\n\t\t\t}\n\t\t\t#gallery-1 img {\n\t\t\t\tborder: 2px solid #cfcfcf;\n\t\t\t}\n\t\t\t#gallery-1 .gallery-caption {\n\t\t\t\tmargin-left: 0;\n\t\t\t}\n\t\t\t\/* see gallery_shortcode() in wp-includes\/media.php *\/\n\t\t<\/style>\n\t\t<div id='gallery-1' class='gallery galleryid-415 gallery-columns-6 gallery-size-thumbnail'><dl class='gallery-item'>\n\t\t\t<dt class='gallery-icon landscape'>\n\t\t\t\t<a href='https:\/\/horizon-dunes.ch\/wordpress\/wp-content\/uploads\/2013\/10\/A-117-cavaliers.jpg'><img loading=\"lazy\" decoding=\"async\" width=\"150\" height=\"150\" src=\"https:\/\/horizon-dunes.ch\/wordpress\/wp-content\/uploads\/2013\/10\/A-117-cavaliers-150x150.jpg\" class=\"attachment-thumbnail size-thumbnail\" alt=\"\" aria-describedby=\"gallery-1-422\" \/><\/a>\n\t\t\t<\/dt>\n\t\t\t\t<dd class='wp-caption-text gallery-caption' id='gallery-1-422'>\n\t\t\t\tVisiteurs d&#8217;un soir\n\t\t\t\t<\/dd><\/dl><dl class='gallery-item'>\n\t\t\t<dt class='gallery-icon landscape'>\n\t\t\t\t<a href='https:\/\/horizon-dunes.ch\/wordpress\/wp-content\/uploads\/2013\/10\/A-245.jpg'><img loading=\"lazy\" decoding=\"async\" width=\"150\" height=\"150\" src=\"https:\/\/horizon-dunes.ch\/wordpress\/wp-content\/uploads\/2013\/10\/A-245-150x150.jpg\" class=\"attachment-thumbnail size-thumbnail\" alt=\"\" aria-describedby=\"gallery-1-425\" \/><\/a>\n\t\t\t<\/dt>\n\t\t\t\t<dd class='wp-caption-text gallery-caption' id='gallery-1-425'>\n\t\t\t\tA l&#8217;abreuvoir\n\t\t\t\t<\/dd><\/dl><dl class='gallery-item'>\n\t\t\t<dt class='gallery-icon landscape'>\n\t\t\t\t<a href='https:\/\/horizon-dunes.ch\/wordpress\/wp-content\/uploads\/2013\/10\/B-212-chevaux.jpg'><img loading=\"lazy\" decoding=\"async\" width=\"150\" height=\"150\" src=\"https:\/\/horizon-dunes.ch\/wordpress\/wp-content\/uploads\/2013\/10\/B-212-chevaux-150x150.jpg\" class=\"attachment-thumbnail size-thumbnail\" alt=\"\" aria-describedby=\"gallery-1-436\" \/><\/a>\n\t\t\t<\/dt>\n\t\t\t\t<dd class='wp-caption-text gallery-caption' id='gallery-1-436'>\n\t\t\t\tIls attendent d&#8217;aller travailler\n\t\t\t\t<\/dd><\/dl><dl class='gallery-item'>\n\t\t\t<dt class='gallery-icon portrait'>\n\t\t\t\t<a href='https:\/\/horizon-dunes.ch\/wordpress\/wp-content\/uploads\/2013\/10\/B-226-cavalier.jpg'><img loading=\"lazy\" decoding=\"async\" width=\"150\" height=\"150\" src=\"https:\/\/horizon-dunes.ch\/wordpress\/wp-content\/uploads\/2013\/10\/B-226-cavalier-150x150.jpg\" class=\"attachment-thumbnail size-thumbnail\" alt=\"\" aria-describedby=\"gallery-1-437\" \/><\/a>\n\t\t\t<\/dt>\n\t\t\t\t<dd class='wp-caption-text gallery-caption' id='gallery-1-437'>\n\t\t\t\tGardien \n\t\t\t\t<\/dd><\/dl><dl class='gallery-item'>\n\t\t\t<dt class='gallery-icon landscape'>\n\t\t\t\t<a href='https:\/\/horizon-dunes.ch\/wordpress\/wp-content\/uploads\/2013\/10\/B-199-Berger-cavalier.jpg'><img loading=\"lazy\" decoding=\"async\" width=\"150\" height=\"150\" src=\"https:\/\/horizon-dunes.ch\/wordpress\/wp-content\/uploads\/2013\/10\/B-199-Berger-cavalier-150x150.jpg\" class=\"attachment-thumbnail size-thumbnail\" alt=\"\" aria-describedby=\"gallery-1-435\" \/><\/a>\n\t\t\t<\/dt>\n\t\t\t\t<dd class='wp-caption-text gallery-caption' id='gallery-1-435'>\n\t\t\t\tGardien de troupeau de ch\u00e8vres\n\t\t\t\t<\/dd><\/dl><dl class='gallery-item'>\n\t\t\t<dt class='gallery-icon landscape'>\n\t\t\t\t<a href='https:\/\/horizon-dunes.ch\/wordpress\/wp-content\/uploads\/2013\/10\/A-368-traite-ch\u00e8vres.jpg'><img loading=\"lazy\" decoding=\"async\" width=\"150\" height=\"150\" src=\"https:\/\/horizon-dunes.ch\/wordpress\/wp-content\/uploads\/2013\/10\/A-368-traite-ch\u00e8vres-150x150.jpg\" class=\"attachment-thumbnail size-thumbnail\" alt=\"\" aria-describedby=\"gallery-1-426\" \/><\/a>\n\t\t\t<\/dt>\n\t\t\t\t<dd class='wp-caption-text gallery-caption' id='gallery-1-426'>\n\t\t\t\tAlign\u00e9\/couvert pour la traite\n\t\t\t\t<\/dd><\/dl><br style=\"clear: both\" \/><dl class='gallery-item'>\n\t\t\t<dt class='gallery-icon portrait'>\n\t\t\t\t<a href='https:\/\/horizon-dunes.ch\/wordpress\/wp-content\/uploads\/2013\/10\/B-232-cavali\u00e8re.jpg'><img loading=\"lazy\" decoding=\"async\" width=\"150\" height=\"150\" src=\"https:\/\/horizon-dunes.ch\/wordpress\/wp-content\/uploads\/2013\/10\/B-232-cavali\u00e8re-150x150.jpg\" class=\"attachment-thumbnail size-thumbnail\" alt=\"\" aria-describedby=\"gallery-1-438\" \/><\/a>\n\t\t\t<\/dt>\n\t\t\t\t<dd class='wp-caption-text gallery-caption' id='gallery-1-438'>\n\t\t\t\tMadame se d\u00e9place\n\t\t\t\t<\/dd><\/dl><dl class='gallery-item'>\n\t\t\t<dt class='gallery-icon landscape'>\n\t\t\t\t<a href='https:\/\/horizon-dunes.ch\/wordpress\/wp-content\/uploads\/2013\/10\/A-542-cavalier.jpg'><img loading=\"lazy\" decoding=\"async\" width=\"150\" height=\"150\" src=\"https:\/\/horizon-dunes.ch\/wordpress\/wp-content\/uploads\/2013\/10\/A-542-cavalier-150x150.jpg\" class=\"attachment-thumbnail size-thumbnail\" alt=\"\" aria-describedby=\"gallery-1-431\" \/><\/a>\n\t\t\t<\/dt>\n\t\t\t\t<dd class='wp-caption-text gallery-caption' id='gallery-1-431'>\n\t\t\t\tGardien de troupeaux \n\t\t\t\t<\/dd><\/dl><dl class='gallery-item'>\n\t\t\t<dt class='gallery-icon portrait'>\n\t\t\t\t<a href='https:\/\/horizon-dunes.ch\/wordpress\/wp-content\/uploads\/2013\/10\/selle-small.jpg'><img loading=\"lazy\" decoding=\"async\" width=\"150\" height=\"150\" src=\"https:\/\/horizon-dunes.ch\/wordpress\/wp-content\/uploads\/2013\/10\/selle-small-150x150.jpg\" class=\"attachment-thumbnail size-thumbnail\" alt=\"\" aria-describedby=\"gallery-1-449\" \/><\/a>\n\t\t\t<\/dt>\n\t\t\t\t<dd class='wp-caption-text gallery-caption' id='gallery-1-449'>\n\t\t\t\tUne belle selle\n\t\t\t\t<\/dd><\/dl><dl class='gallery-item'>\n\t\t\t<dt class='gallery-icon portrait'>\n\t\t\t\t<a href='https:\/\/horizon-dunes.ch\/wordpress\/wp-content\/uploads\/2013\/10\/Selle-2-small.jpg'><img loading=\"lazy\" decoding=\"async\" width=\"150\" height=\"150\" src=\"https:\/\/horizon-dunes.ch\/wordpress\/wp-content\/uploads\/2013\/10\/Selle-2-small-150x150.jpg\" class=\"attachment-thumbnail size-thumbnail\" alt=\"\" aria-describedby=\"gallery-1-444\" \/><\/a>\n\t\t\t<\/dt>\n\t\t\t\t<dd class='wp-caption-text gallery-caption' id='gallery-1-444'>\n\t\t\t\tSelle bien utilis\u00e9e\n\t\t\t\t<\/dd><\/dl><dl class='gallery-item'>\n\t\t\t<dt class='gallery-icon landscape'>\n\t\t\t\t<a href='https:\/\/horizon-dunes.ch\/wordpress\/wp-content\/uploads\/2013\/10\/B-257-vacher.jpg'><img loading=\"lazy\" decoding=\"async\" width=\"150\" height=\"150\" src=\"https:\/\/horizon-dunes.ch\/wordpress\/wp-content\/uploads\/2013\/10\/B-257-vacher-150x150.jpg\" class=\"attachment-thumbnail size-thumbnail\" alt=\"\" aria-describedby=\"gallery-1-439\" \/><\/a>\n\t\t\t<\/dt>\n\t\t\t\t<dd class='wp-caption-text gallery-caption' id='gallery-1-439'>\n\t\t\t\tIl surveille ses vaches\n\t\t\t\t<\/dd><\/dl><dl class='gallery-item'>\n\t\t\t<dt class='gallery-icon landscape'>\n\t\t\t\t<a href='https:\/\/horizon-dunes.ch\/wordpress\/wp-content\/uploads\/2013\/10\/A-152-Chameaux.jpg'><img loading=\"lazy\" decoding=\"async\" width=\"150\" height=\"150\" src=\"https:\/\/horizon-dunes.ch\/wordpress\/wp-content\/uploads\/2013\/10\/A-152-Chameaux-150x150.jpg\" class=\"attachment-thumbnail size-thumbnail\" alt=\"\" aria-describedby=\"gallery-1-423\" \/><\/a>\n\t\t\t<\/dt>\n\t\t\t\t<dd class='wp-caption-text gallery-caption' id='gallery-1-423'>\n\t\t\t\tIl convoie ses chameaux\n\t\t\t\t<\/dd><\/dl><br style=\"clear: both\" \/><dl class='gallery-item'>\n\t\t\t<dt class='gallery-icon landscape'>\n\t\t\t\t<a href='https:\/\/horizon-dunes.ch\/wordpress\/wp-content\/uploads\/2013\/10\/DSC_0473.jpg'><img loading=\"lazy\" decoding=\"async\" width=\"150\" height=\"150\" src=\"https:\/\/horizon-dunes.ch\/wordpress\/wp-content\/uploads\/2013\/10\/DSC_0473-150x150.jpg\" class=\"attachment-thumbnail size-thumbnail\" alt=\"\" aria-describedby=\"gallery-1-441\" \/><\/a>\n\t\t\t<\/dt>\n\t\t\t\t<dd class='wp-caption-text gallery-caption' id='gallery-1-441'>\n\t\t\t\tYacks\n\t\t\t\t<\/dd><\/dl><dl class='gallery-item'>\n\t\t\t<dt class='gallery-icon landscape'>\n\t\t\t\t<a href='https:\/\/horizon-dunes.ch\/wordpress\/wp-content\/uploads\/2013\/10\/A-481-yack.jpg'><img loading=\"lazy\" decoding=\"async\" width=\"150\" height=\"150\" src=\"https:\/\/horizon-dunes.ch\/wordpress\/wp-content\/uploads\/2013\/10\/A-481-yack-150x150.jpg\" class=\"attachment-thumbnail size-thumbnail\" alt=\"\" aria-describedby=\"gallery-1-430\" \/><\/a>\n\t\t\t<\/dt>\n\t\t\t\t<dd class='wp-caption-text gallery-caption' id='gallery-1-430'>\n\t\t\t\tImposant\n\t\t\t\t<\/dd><\/dl><dl class='gallery-item'>\n\t\t\t<dt class='gallery-icon landscape'>\n\t\t\t\t<a href='https:\/\/horizon-dunes.ch\/wordpress\/wp-content\/uploads\/2013\/10\/A-472-yack.jpg'><img loading=\"lazy\" decoding=\"async\" width=\"150\" height=\"150\" src=\"https:\/\/horizon-dunes.ch\/wordpress\/wp-content\/uploads\/2013\/10\/A-472-yack-150x150.jpg\" class=\"attachment-thumbnail size-thumbnail\" alt=\"\" \/><\/a>\n\t\t\t<\/dt><\/dl><dl class='gallery-item'>\n\t\t\t<dt class='gallery-icon landscape'>\n\t\t\t\t<a href='https:\/\/horizon-dunes.ch\/wordpress\/wp-content\/uploads\/2013\/10\/B-059-chameau.jpg'><img loading=\"lazy\" decoding=\"async\" width=\"150\" height=\"150\" src=\"https:\/\/horizon-dunes.ch\/wordpress\/wp-content\/uploads\/2013\/10\/B-059-chameau-150x150.jpg\" class=\"attachment-thumbnail size-thumbnail\" alt=\"\" aria-describedby=\"gallery-1-433\" \/><\/a>\n\t\t\t<\/dt>\n\t\t\t\t<dd class='wp-caption-text gallery-caption' id='gallery-1-433'>\n\t\t\t\tDromadaire avec 1 r\u00e9servoir suppl\u00e9mentaire\n\t\t\t\t<\/dd><\/dl><dl class='gallery-item'>\n\t\t\t<dt class='gallery-icon landscape'>\n\t\t\t\t<a href='https:\/\/horizon-dunes.ch\/wordpress\/wp-content\/uploads\/2013\/10\/A-428.jpg'><img loading=\"lazy\" decoding=\"async\" width=\"150\" height=\"150\" src=\"https:\/\/horizon-dunes.ch\/wordpress\/wp-content\/uploads\/2013\/10\/A-428-150x150.jpg\" class=\"attachment-thumbnail size-thumbnail\" alt=\"\" aria-describedby=\"gallery-1-427\" \/><\/a>\n\t\t\t<\/dt>\n\t\t\t\t<dd class='wp-caption-text gallery-caption' id='gallery-1-427'>\n\t\t\t\tChameaux\n\t\t\t\t<\/dd><\/dl><dl class='gallery-item'>\n\t\t\t<dt class='gallery-icon landscape'>\n\t\t\t\t<a href='https:\/\/horizon-dunes.ch\/wordpress\/wp-content\/uploads\/2013\/10\/B-055-chameaux.jpg'><img loading=\"lazy\" decoding=\"async\" width=\"150\" height=\"150\" src=\"https:\/\/horizon-dunes.ch\/wordpress\/wp-content\/uploads\/2013\/10\/B-055-chameaux-150x150.jpg\" class=\"attachment-thumbnail size-thumbnail\" alt=\"\" aria-describedby=\"gallery-1-432\" \/><\/a>\n\t\t\t<\/dt>\n\t\t\t\t<dd class='wp-caption-text gallery-caption' id='gallery-1-432'>\n\t\t\t\tChameaux\n\t\t\t\t<\/dd><\/dl><br style=\"clear: both\" \/><dl class='gallery-item'>\n\t\t\t<dt class='gallery-icon landscape'>\n\t\t\t\t<a href='https:\/\/horizon-dunes.ch\/wordpress\/wp-content\/uploads\/2013\/10\/B-073-Chameaux-et-yourte.jpg'><img loading=\"lazy\" decoding=\"async\" width=\"150\" height=\"150\" src=\"https:\/\/horizon-dunes.ch\/wordpress\/wp-content\/uploads\/2013\/10\/B-073-Chameaux-et-yourte-150x150.jpg\" class=\"attachment-thumbnail size-thumbnail\" alt=\"\" aria-describedby=\"gallery-1-434\" \/><\/a>\n\t\t\t<\/dt>\n\t\t\t\t<dd class='wp-caption-text gallery-caption' id='gallery-1-434'>\n\t\t\t\tSieste \n\t\t\t\t<\/dd><\/dl><dl class='gallery-item'>\n\t\t\t<dt class='gallery-icon landscape'>\n\t\t\t\t<a href='https:\/\/horizon-dunes.ch\/wordpress\/wp-content\/uploads\/2013\/10\/B-273-aigle.jpg'><img loading=\"lazy\" decoding=\"async\" width=\"150\" height=\"150\" src=\"https:\/\/horizon-dunes.ch\/wordpress\/wp-content\/uploads\/2013\/10\/B-273-aigle-150x150.jpg\" class=\"attachment-thumbnail size-thumbnail\" alt=\"\" aria-describedby=\"gallery-1-440\" \/><\/a>\n\t\t\t<\/dt>\n\t\t\t\t<dd class='wp-caption-text gallery-caption' id='gallery-1-440'>\n\t\t\t\tDes aigles \u00e0 foison\n\t\t\t\t<\/dd><\/dl><dl class='gallery-item'>\n\t\t\t<dt class='gallery-icon landscape'>\n\t\t\t\t<a href='https:\/\/horizon-dunes.ch\/wordpress\/wp-content\/uploads\/2013\/10\/A-206-sauterelle.jpg'><img loading=\"lazy\" decoding=\"async\" width=\"150\" height=\"150\" src=\"https:\/\/horizon-dunes.ch\/wordpress\/wp-content\/uploads\/2013\/10\/A-206-sauterelle-150x150.jpg\" class=\"attachment-thumbnail size-thumbnail\" alt=\"\" aria-describedby=\"gallery-1-424\" \/><\/a>\n\t\t\t<\/dt>\n\t\t\t\t<dd class='wp-caption-text gallery-caption' id='gallery-1-424'>\n\t\t\t\tSauterelle\n\t\t\t\t<\/dd><\/dl>\n\t\t\t<br style='clear: both' \/>\n\t\t<\/div>\n\n<h1>La flore<\/h1>\n<p>La flore est tr\u00e8s riche et vari\u00e9e dans les plaines et sur les plateaux de Mongolie. Notre surprise a \u00e9t\u00e9 de trouver en grande quantit\u00e9 des edelweiss et des petits cactus sur les hauts plateaux de l&#8217;Alta\u00ef de m\u00eame que de la ciboulette sauvage \u00e0 foison et qui d\u00e9gage une odeur forte agr\u00e9able.<br \/>\nVoici quelques fleurs parmi tant d&#8217;autres.<br \/>\n\n\t\t<style type=\"text\/css\">\n\t\t\t#gallery-2 {\n\t\t\t\tmargin: auto;\n\t\t\t}\n\t\t\t#gallery-2 .gallery-item {\n\t\t\t\tfloat: left;\n\t\t\t\tmargin-top: 10px;\n\t\t\t\ttext-align: center;\n\t\t\t\twidth: 25%;\n\t\t\t}\n\t\t\t#gallery-2 img {\n\t\t\t\tborder: 2px solid #cfcfcf;\n\t\t\t}\n\t\t\t#gallery-2 .gallery-caption {\n\t\t\t\tmargin-left: 0;\n\t\t\t}\n\t\t\t\/* see gallery_shortcode() in wp-includes\/media.php *\/\n\t\t<\/style>\n\t\t<div id='gallery-2' class='gallery galleryid-415 gallery-columns-4 gallery-size-thumbnail'><dl class='gallery-item'>\n\t\t\t<dt class='gallery-icon landscape'>\n\t\t\t\t<a href='https:\/\/horizon-dunes.ch\/wordpress\/wp-content\/uploads\/2013\/10\/A-482-edelweiss.jpg'><img loading=\"lazy\" decoding=\"async\" width=\"150\" height=\"150\" src=\"https:\/\/horizon-dunes.ch\/wordpress\/wp-content\/uploads\/2013\/10\/A-482-edelweiss-150x150.jpg\" class=\"attachment-thumbnail size-thumbnail\" alt=\"\" aria-describedby=\"gallery-2-451\" \/><\/a>\n\t\t\t<\/dt>\n\t\t\t\t<dd class='wp-caption-text gallery-caption' id='gallery-2-451'>\n\t\t\t\tEdelweiss\n\t\t\t\t<\/dd><\/dl><dl class='gallery-item'>\n\t\t\t<dt class='gallery-icon landscape'>\n\t\t\t\t<a href='https:\/\/horizon-dunes.ch\/wordpress\/wp-content\/uploads\/2013\/10\/A-483-aster.jpg'><img loading=\"lazy\" decoding=\"async\" width=\"150\" height=\"150\" src=\"https:\/\/horizon-dunes.ch\/wordpress\/wp-content\/uploads\/2013\/10\/A-483-aster-150x150.jpg\" class=\"attachment-thumbnail size-thumbnail\" alt=\"\" aria-describedby=\"gallery-2-452\" \/><\/a>\n\t\t\t<\/dt>\n\t\t\t\t<dd class='wp-caption-text gallery-caption' id='gallery-2-452'>\n\t\t\t\tAsters\n\t\t\t\t<\/dd><\/dl><dl class='gallery-item'>\n\t\t\t<dt class='gallery-icon landscape'>\n\t\t\t\t<a href='https:\/\/horizon-dunes.ch\/wordpress\/wp-content\/uploads\/2013\/10\/A-485.jpg'><img loading=\"lazy\" decoding=\"async\" width=\"150\" height=\"150\" src=\"https:\/\/horizon-dunes.ch\/wordpress\/wp-content\/uploads\/2013\/10\/A-485-150x150.jpg\" class=\"attachment-thumbnail size-thumbnail\" alt=\"\" \/><\/a>\n\t\t\t<\/dt><\/dl><dl class='gallery-item'>\n\t\t\t<dt class='gallery-icon landscape'>\n\t\t\t\t<a href='https:\/\/horizon-dunes.ch\/wordpress\/wp-content\/uploads\/2013\/10\/A-509-bagaluur.jpg'><img loading=\"lazy\" decoding=\"async\" width=\"150\" height=\"150\" src=\"https:\/\/horizon-dunes.ch\/wordpress\/wp-content\/uploads\/2013\/10\/A-509-bagaluur-150x150.jpg\" class=\"attachment-thumbnail size-thumbnail\" alt=\"\" aria-describedby=\"gallery-2-454\" \/><\/a>\n\t\t\t<\/dt>\n\t\t\t\t<dd class='wp-caption-text gallery-caption' id='gallery-2-454'>\n\t\t\t\tNavachgui bagluur, plante tr\u00e8s odorifante\n\t\t\t\t<\/dd><\/dl><br style=\"clear: both\" \/><dl class='gallery-item'>\n\t\t\t<dt class='gallery-icon landscape'>\n\t\t\t\t<a href='https:\/\/horizon-dunes.ch\/wordpress\/wp-content\/uploads\/2013\/10\/B-045-ciboulette.jpg'><img loading=\"lazy\" decoding=\"async\" width=\"150\" height=\"150\" src=\"https:\/\/horizon-dunes.ch\/wordpress\/wp-content\/uploads\/2013\/10\/B-045-ciboulette-150x150.jpg\" class=\"attachment-thumbnail size-thumbnail\" alt=\"\" aria-describedby=\"gallery-2-455\" \/><\/a>\n\t\t\t<\/dt>\n\t\t\t\t<dd class='wp-caption-text gallery-caption' id='gallery-2-455'>\n\t\t\t\tCiboulette\n\t\t\t\t<\/dd><\/dl><dl class='gallery-item'>\n\t\t\t<dt class='gallery-icon portrait'>\n\t\t\t\t<a href='https:\/\/horizon-dunes.ch\/wordpress\/wp-content\/uploads\/2013\/10\/fleur-1.jpg'><img loading=\"lazy\" decoding=\"async\" width=\"150\" height=\"150\" src=\"https:\/\/horizon-dunes.ch\/wordpress\/wp-content\/uploads\/2013\/10\/fleur-1-150x150.jpg\" class=\"attachment-thumbnail size-thumbnail\" alt=\"\" \/><\/a>\n\t\t\t<\/dt><\/dl><dl class='gallery-item'>\n\t\t\t<dt class='gallery-icon portrait'>\n\t\t\t\t<a href='https:\/\/horizon-dunes.ch\/wordpress\/wp-content\/uploads\/2013\/10\/fleur-2.jpg'><img loading=\"lazy\" decoding=\"async\" width=\"150\" height=\"150\" src=\"https:\/\/horizon-dunes.ch\/wordpress\/wp-content\/uploads\/2013\/10\/fleur-2-150x150.jpg\" class=\"attachment-thumbnail size-thumbnail\" alt=\"\" srcset=\"https:\/\/horizon-dunes.ch\/wordpress\/wp-content\/uploads\/2013\/10\/fleur-2-150x150.jpg 150w, https:\/\/horizon-dunes.ch\/wordpress\/wp-content\/uploads\/2013\/10\/fleur-2-300x300.jpg 300w, https:\/\/horizon-dunes.ch\/wordpress\/wp-content\/uploads\/2013\/10\/fleur-2-1021x1024.jpg 1021w, https:\/\/horizon-dunes.ch\/wordpress\/wp-content\/uploads\/2013\/10\/fleur-2-624x625.jpg 624w, https:\/\/horizon-dunes.ch\/wordpress\/wp-content\/uploads\/2013\/10\/fleur-2.jpg 1024w\" sizes=\"auto, (max-width: 150px) 100vw, 150px\" \/><\/a>\n\t\t\t<\/dt><\/dl><dl class='gallery-item'>\n\t\t\t<dt class='gallery-icon portrait'>\n\t\t\t\t<a href='https:\/\/horizon-dunes.ch\/wordpress\/wp-content\/uploads\/2013\/10\/fleur-3.jpg'><img loading=\"lazy\" decoding=\"async\" width=\"150\" height=\"150\" src=\"https:\/\/horizon-dunes.ch\/wordpress\/wp-content\/uploads\/2013\/10\/fleur-3-150x150.jpg\" class=\"attachment-thumbnail size-thumbnail\" alt=\"\" \/><\/a>\n\t\t\t<\/dt><\/dl><br style=\"clear: both\" \/>\n\t\t<\/div>\n<\/p>\n","protected":false},"excerpt":{"rendered":"<p>La faune Lors de la pr\u00e9paration de ce raid, nous avions lu qu&#8217;en plus des chevaux, des yacks, des chameaux, etc., il y a en Mongolie des l\u00e9opards des neiges, des ours, des gazelles, des loups, et plus encore. A part des versions empaill\u00e9es vues dans le mus\u00e9e de Yolyn Am lors de notre visite, [&hellip;]<\/p>\n","protected":false},"author":1,"featured_media":0,"parent":206,"menu_order":0,"comment_status":"closed","ping_status":"closed","template":"page-templates\/full-width.php","meta":{"footnotes":""},"class_list":["post-415","page","type-page","status-publish","hentry"],"_links":{"self":[{"href":"https:\/\/horizon-dunes.ch\/wordpress\/index.php?rest_route=\/wp\/v2\/pages\/415","targetHints":{"allow":["GET"]}}],"collection":[{"href":"https:\/\/horizon-dunes.ch\/wordpress\/index.php?rest_route=\/wp\/v2\/pages"}],"about":[{"href":"https:\/\/horizon-dunes.ch\/wordpress\/index.php?rest_route=\/wp\/v2\/types\/page"}],"author":[{"embeddable":true,"href":"https:\/\/horizon-dunes.ch\/wordpress\/index.php?rest_route=\/wp\/v2\/users\/1"}],"replies":[{"embeddable":true,"href":"https:\/\/horizon-dunes.ch\/wordpress\/index.php?rest_route=%2Fwp%2Fv2%2Fcomments&post=415"}],"version-history":[{"count":11,"href":"https:\/\/horizon-dunes.ch\/wordpress\/index.php?rest_route=\/wp\/v2\/pages\/415\/revisions"}],"predecessor-version":[{"id":619,"href":"https:\/\/horizon-dunes.ch\/wordpress\/index.php?rest_route=\/wp\/v2\/pages\/415\/revisions\/619"}],"up":[{"embeddable":true,"href":"https:\/\/horizon-dunes.ch\/wordpress\/index.php?rest_route=\/wp\/v2\/pages\/206"}],"wp:attachment":[{"href":"https:\/\/horizon-dunes.ch\/wordpress\/index.php?rest_route=%2Fwp%2Fv2%2Fmedia&parent=415"}],"curies":[{"name":"wp","href":"https:\/\/api.w.org\/{rel}","templated":true}]}}