{"id":45,"date":"2013-10-04T14:54:27","date_gmt":"2013-10-04T13:54:27","guid":{"rendered":"http:\/\/www.horizon-dunes.ch\/wordpress\/?page_id=45"},"modified":"2015-11-25T15:05:46","modified_gmt":"2015-11-25T14:05:46","slug":"coordonnees-utm","status":"publish","type":"page","link":"https:\/\/horizon-dunes.ch\/wordpress\/?page_id=45","title":{"rendered":"Coordonn\u00e9es UTM"},"content":{"rendered":"<p><span style=\"font-family: arial,helvetica,sans-serif;\"><strong><span style=\"font-size: medium;\">Comment reporter une coordonn\u00e9e UTM sur une carte IGN Top25 compatible GPS<\/span><\/strong><\/span><\/p>\n<p><span style=\"font-size: medium; font-family: arial,helvetica,sans-serif;\">Il faut d&#8217;abord changer l\u2019affichage des coordonn\u00e9es de votre GPS en coordonn\u00e9es kilom\u00e9triques UTM\/UPS (Universal Transverse Mercator \/ Universal Polar Stereographic) et le Datum en WGS84, puisque votre carte au 1:250&#8217;000 est quadrill\u00e9e UTM-WGS 84. Le quadrillage de la carte (lignes bleues) de 4cm correspondant \u00e0 1km pour 4 cm<\/span><\/p>\n<p><span style=\"font-family: arial,helvetica,sans-serif; font-size: medium;\"><strong>Exemple &#8211; carte IGN Top25 3532OT:<\/strong><\/span><br \/>\n<span style=\"font-family: arial,helvetica,sans-serif; font-size: medium;\"> Vous \u00eates sur une piste et vous voulez vous assurez que c&#8217;est la bonne piste \u00e0 suivre<\/span><br \/>\n<span style=\"font-family: arial,helvetica,sans-serif; font-size: medium;\"> Votre GPS indique : 32T 0316593 \u2013 5051681 ce qui correspond \u00e0 des coordonn\u00e9es kilom\u00e9triques UTM\/UPS<br \/>\n<\/span><\/p>\n<p><span style=\"font-size: medium; font-family: arial,helvetica,sans-serif;\">32T indique le fuseau UTM (mentionn\u00e9 dans le cartouche de la carte)<\/span><\/p>\n<div><span style=\"font-size: medium; font-family: arial,helvetica,sans-serif;\"><span style=\"color: #3366ff;\">0316<\/span>593 indique le kilom\u00e9trage Est 316km, 593m (lignes et chiffres couleur bleue sur la carte)<\/span><\/div>\n<div><span style=\"font-size: medium; font-family: arial,helvetica,sans-serif;\"><span style=\"font-size: medium; font-family: arial,helvetica,sans-serif;\"><span style=\"color: #3366ff;\">5051<\/span>681 indique le kilom\u00e9trage Nord 5\u2019051km, 681m (lignes et chiffres couleur bleue sur la carte)<\/span><\/span><a href=\"https:\/\/www.horizon-dunes.ch\/wordpress\/wp-content\/uploads\/2013\/10\/Extrait-IGN-3532-OT.jpg\"><img loading=\"lazy\" decoding=\"async\" class=\"alignnone size-full wp-image-51\" alt=\"Extrait IGN 3532 OT\" src=\"https:\/\/www.horizon-dunes.ch\/wordpress\/wp-content\/uploads\/2013\/10\/Extrait-IGN-3532-OT.jpg\" width=\"534\" height=\"431\" srcset=\"https:\/\/horizon-dunes.ch\/wordpress\/wp-content\/uploads\/2013\/10\/Extrait-IGN-3532-OT.jpg 534w, https:\/\/horizon-dunes.ch\/wordpress\/wp-content\/uploads\/2013\/10\/Extrait-IGN-3532-OT-300x242.jpg 300w\" sizes=\"auto, (max-width: 534px) 100vw, 534px\" \/><\/a><\/div>\n<div>\n<div><span style=\"font-family: arial,helvetica,sans-serif; font-size: medium;\"><span style=\"font-family: arial,helvetica,sans-serif; font-size: medium;\"><span style=\"font-family: arial,helvetica,sans-serif; font-size: medium;\"><br \/>\nPour reporter le point GPS sur la carte:<\/span><\/span><\/span><\/div>\n<div><span style=\"font-family: arial,helvetica,sans-serif; font-size: medium;\">Au point d\u2019intersection des lignes bleues 5051\/316, tracez 2 lignes parall\u00e8les aux lignes bleues de la carte (lignes rouges sur l\u2019exemple). Les distances \u00e0 tracer sont :<\/span><\/div>\n<div><span style=\"font-family: arial,helvetica,sans-serif; font-size: medium;\">\u00a0<\/span><\/div>\n<div><span style=\"font-family: arial,helvetica,sans-serif; font-size: medium;\">\u00a0\u00a0\u00a0 A l\u2019Est : 0.593 * 4 = 2.38cm\u00a0(*4 = pour une \u00e9chelle au 1:25\u2019000)<\/span><\/div>\n<div><span style=\"font-family: arial,helvetica,sans-serif; font-size: medium;\">\u00a0<\/span><\/div>\n<div><span style=\"font-family: arial,helvetica,sans-serif; font-size: medium;\">\u00a0\u00a0\u00a0 Au Nord : 0.681 * 4 = 2.73cm<\/span><\/div>\n<\/div>\n<div><\/div>\n<div><a href=\"https:\/\/horizon-dunes.ch\/attachments\/Image\/exercice 3.gif\" target=\"_blank\">Exercice et d\u00e9marche d\u00e9terminer une coordonn\u00e9e UTM<\/a><\/div>\n<div><a href=\"https:\/\/horizon-dunes.ch\/attachments\/Image\/exercice 4.gif\" target=\"_blank\">Exercice et d\u00e9marche reporter un une coordonn\u00e9e UTM<\/a><\/div>\n","protected":false},"excerpt":{"rendered":"<p>Comment reporter une coordonn\u00e9e UTM sur une carte IGN Top25 compatible GPS Il faut d&#8217;abord changer l\u2019affichage des coordonn\u00e9es de votre GPS en coordonn\u00e9es kilom\u00e9triques UTM\/UPS (Universal Transverse Mercator \/ Universal Polar Stereographic) et le Datum en WGS84, puisque votre carte au 1:250&#8217;000 est quadrill\u00e9e UTM-WGS 84. Le quadrillage de la carte (lignes bleues) de [&hellip;]<\/p>\n","protected":false},"author":1,"featured_media":0,"parent":39,"menu_order":2,"comment_status":"closed","ping_status":"closed","template":"page-templates\/full-width.php","meta":{"footnotes":""},"class_list":["post-45","page","type-page","status-publish","hentry"],"_links":{"self":[{"href":"https:\/\/horizon-dunes.ch\/wordpress\/index.php?rest_route=\/wp\/v2\/pages\/45","targetHints":{"allow":["GET"]}}],"collection":[{"href":"https:\/\/horizon-dunes.ch\/wordpress\/index.php?rest_route=\/wp\/v2\/pages"}],"about":[{"href":"https:\/\/horizon-dunes.ch\/wordpress\/index.php?rest_route=\/wp\/v2\/types\/page"}],"author":[{"embeddable":true,"href":"https:\/\/horizon-dunes.ch\/wordpress\/index.php?rest_route=\/wp\/v2\/users\/1"}],"replies":[{"embeddable":true,"href":"https:\/\/horizon-dunes.ch\/wordpress\/index.php?rest_route=%2Fwp%2Fv2%2Fcomments&post=45"}],"version-history":[{"count":12,"href":"https:\/\/horizon-dunes.ch\/wordpress\/index.php?rest_route=\/wp\/v2\/pages\/45\/revisions"}],"predecessor-version":[{"id":814,"href":"https:\/\/horizon-dunes.ch\/wordpress\/index.php?rest_route=\/wp\/v2\/pages\/45\/revisions\/814"}],"up":[{"embeddable":true,"href":"https:\/\/horizon-dunes.ch\/wordpress\/index.php?rest_route=\/wp\/v2\/pages\/39"}],"wp:attachment":[{"href":"https:\/\/horizon-dunes.ch\/wordpress\/index.php?rest_route=%2Fwp%2Fv2%2Fmedia&parent=45"}],"curies":[{"name":"wp","href":"https:\/\/api.w.org\/{rel}","templated":true}]}}