{"id":556,"date":"2013-10-26T18:29:21","date_gmt":"2013-10-26T16:29:21","guid":{"rendered":"http:\/\/www.horizon-dunes.ch\/wordpress\/?page_id=556"},"modified":"2013-10-27T18:45:39","modified_gmt":"2013-10-27T17:45:39","slug":"le-desert-blanc","status":"publish","type":"page","link":"https:\/\/horizon-dunes.ch\/wordpress\/?page_id=556","title":{"rendered":"Le d\u00e9sert blanc"},"content":{"rendered":"<p style=\"text-align: justify;\">Apr\u00e8s l\u2019exploration de ces deux grottes, nous prenons au cap Ouest une ancienne piste de chameliers qui reliait Assyut \u00e0 l\u2019oasis de Farafra. Le long de cette piste, nous nous arr\u00eatons un instant dans un champ de grosses pierres rondes et noi\u00adres comme des boulets de canon, on se croirait sur les restes d\u2019un champ de bataille d\u2019artillerie. Nous trouvons aussi le long de cette piste du bois p\u00e9trifi\u00e9 ainsi des fleurs de marcassite de fer, qui sont des petites pierres tr\u00e8s dures, noires, rondes et h\u00e9riss\u00e9es de pointes, comme de petites \u00e9toiles tomb\u00e9es du ciel. Nous passons par la source d\u2019A\u00efn Hadra o\u00f9 nous faisons la pause de midi \u00e0 l\u2019ombre des palmiers. A partir de l\u2019apr\u00e8s-midi, c\u2019est le d\u00e9but d\u2019un d\u00e9cor grandiose dans lequel nous \u00e9voluons. Nous arrivons progressivement dans le d\u00e9sert blanc et c\u2019est \u00e0 chaque fois la m\u00eame euphorie pour moi devant ce spectacle magique de la nature. Ce d\u00e9sert, \u00e0 l\u2019apparence d\u2019un paysage enneig\u00e9, est implant\u00e9 sur les restes d\u00e9chiquet\u00e9s d\u2019un massif calcaire form\u00e9 de d\u00e9p\u00f4ts s\u00e9dimentaires de l\u2019\u00e9poque du Cr\u00e9tac\u00e9 (\u00e8re m\u00e9sozo\u00efque 144 \u00e0 65 millions d\u2019ann\u00e9es av. J.-C.). Ces restes se traduisent par une blancheur exceptionnelle comme de la craie et des formes fantasmagoriques fa\u00e7onn\u00e9es par l\u2019\u00e9rosion du sable et du vent. Corinne et Hans n\u2019en croient pas leurs yeux,\u00a0dans ce d\u00e9cor irr\u00e9el, c\u2019est une promenade dans un monde fantastique de champignons g\u00e9ants, d\u2019ice-creams, de t\u00eates d\u2019animaux et de profils humains, tout ce que notre imagination peut interpr\u00e9ter devant ces formes d\u00e9mesur\u00e9es. Nous y restons deux jours pour en profiter pleinement et y faire une orgie de photos.<br \/>\n<span style=\"font-size: medium;\"><strong>Diaporama\u00a0\u00a0 <\/strong><em>(cliquez sur la droite de la photo pour d\u00e9rouler le diaporama))<\/em><\/span><span id=\"view-post-btn\"><\/span><\/p>\n\r\n\t<div class=\"slideshow_container slideshow_container_style-light\" style=\"height: 624px; max-width: 1024px;\" data-slideshow-id=\"566\" data-style-name=\"style-light\" data-style-version=\"2.3.1\" >\r\n\r\n\t\t\t\t\t<div class=\"slideshow_loading_icon\"><\/div>\r\n\t\t\r\n\t\t<div class=\"slideshow_content\" style=\"display: none;\">\r\n\r\n\t\t\t<div class=\"slideshow_view\">\r\n\t\t\t\t<div class=\"slideshow_slide slideshow_slide_image\">\r\n\t\t\t\t\t\t\t\t\t\t\t<img src=\"https:\/\/horizon-dunes.ch\/wordpress\/wp-content\/uploads\/2013\/10\/DSCN1976.jpg\" alt=\"Cristal roche\" width=\"1279\" height=\"696\" \/>\r\n\t\t\t\t\t\t\t\t\t\t<div class=\"slideshow_description_box slideshow_transparent\">\r\n\t\t\t\t\t\t<div class=\"slideshow_title\">Cristal roche<\/div>\t\t\t\t\t\t\t\t\t\t\t<\/div>\r\n\t\t\t\t<\/div>\r\n\r\n\t\t\t\t\t\t<div style=\"clear: both;\"><\/div><\/div><div class=\"slideshow_view\">\r\n\t\t\t\t<div class=\"slideshow_slide slideshow_slide_image\">\r\n\t\t\t\t\t\t\t\t\t\t\t<img src=\"https:\/\/horizon-dunes.ch\/wordpress\/wp-content\/uploads\/2013\/10\/DSCN1727.jpg\" alt=\"Boulets\" width=\"1280\" height=\"960\" \/>\r\n\t\t\t\t\t\t\t\t\t\t<div class=\"slideshow_description_box slideshow_transparent\">\r\n\t\t\t\t\t\t<div class=\"slideshow_title\">Boulets<\/div>\t\t\t\t\t\t\t\t\t\t\t<\/div>\r\n\t\t\t\t<\/div>\r\n\r\n\t\t\t\t\t\t<div style=\"clear: both;\"><\/div><\/div><div class=\"slideshow_view\">\r\n\t\t\t\t<div class=\"slideshow_slide slideshow_slide_image\">\r\n\t\t\t\t\t\t\t\t\t\t\t<img src=\"https:\/\/horizon-dunes.ch\/wordpress\/wp-content\/uploads\/2013\/10\/DSCN1826.jpg\" alt=\"DSCN1826\" width=\"1280\" height=\"663\" \/>\r\n\t\t\t\t\t\t\t\t\t\t<div class=\"slideshow_description_box slideshow_transparent\">\r\n\t\t\t\t\t\t<div class=\"slideshow_title\">DSCN1826<\/div>\t\t\t\t\t\t\t\t\t\t\t<\/div>\r\n\t\t\t\t<\/div>\r\n\r\n\t\t\t\t\t\t<div style=\"clear: both;\"><\/div><\/div><div class=\"slideshow_view\">\r\n\t\t\t\t<div class=\"slideshow_slide slideshow_slide_image\">\r\n\t\t\t\t\t\t\t\t\t\t\t<img src=\"https:\/\/horizon-dunes.ch\/wordpress\/wp-content\/uploads\/2013\/10\/DSCN1932.jpg\" alt=\"DSCN1932\" width=\"1279\" height=\"688\" \/>\r\n\t\t\t\t\t\t\t\t\t\t<div class=\"slideshow_description_box slideshow_transparent\">\r\n\t\t\t\t\t\t<div class=\"slideshow_title\">DSCN1932<\/div>\t\t\t\t\t\t\t\t\t\t\t<\/div>\r\n\t\t\t\t<\/div>\r\n\r\n\t\t\t\t\t\t<div style=\"clear: both;\"><\/div><\/div><div class=\"slideshow_view\">\r\n\t\t\t\t<div class=\"slideshow_slide slideshow_slide_image\">\r\n\t\t\t\t\t\t\t\t\t\t\t<img src=\"https:\/\/horizon-dunes.ch\/wordpress\/wp-content\/uploads\/2013\/10\/DSCN1946.jpg\" alt=\"DSCN1946\" width=\"1280\" height=\"607\" \/>\r\n\t\t\t\t\t\t\t\t\t\t<div class=\"slideshow_description_box slideshow_transparent\">\r\n\t\t\t\t\t\t<div class=\"slideshow_title\">DSCN1946<\/div>\t\t\t\t\t\t\t\t\t\t\t<\/div>\r\n\t\t\t\t<\/div>\r\n\r\n\t\t\t\t\t\t<div style=\"clear: both;\"><\/div><\/div><div class=\"slideshow_view\">\r\n\t\t\t\t<div class=\"slideshow_slide slideshow_slide_image\">\r\n\t\t\t\t\t\t\t\t\t\t\t<img src=\"https:\/\/horizon-dunes.ch\/wordpress\/wp-content\/uploads\/2013\/10\/DSCN1954_b_2.jpg\" alt=\"DSCN1954_b_2\" width=\"1278\" height=\"669\" \/>\r\n\t\t\t\t\t\t\t\t\t\t<div class=\"slideshow_description_box slideshow_transparent\">\r\n\t\t\t\t\t\t<div class=\"slideshow_title\">DSCN1954_b_2<\/div>\t\t\t\t\t\t\t\t\t\t\t<\/div>\r\n\t\t\t\t<\/div>\r\n\r\n\t\t\t\t\t\t<div style=\"clear: both;\"><\/div><\/div><div class=\"slideshow_view\">\r\n\t\t\t\t<div class=\"slideshow_slide slideshow_slide_image\">\r\n\t\t\t\t\t\t\t\t\t\t\t<img src=\"https:\/\/horizon-dunes.ch\/wordpress\/wp-content\/uploads\/2013\/10\/DSCN1956.jpg\" alt=\"DSCN1956\" width=\"1280\" height=\"581\" \/>\r\n\t\t\t\t\t\t\t\t\t\t<div class=\"slideshow_description_box slideshow_transparent\">\r\n\t\t\t\t\t\t<div class=\"slideshow_title\">DSCN1956<\/div>\t\t\t\t\t\t\t\t\t\t\t<\/div>\r\n\t\t\t\t<\/div>\r\n\r\n\t\t\t\t\t\t<div style=\"clear: both;\"><\/div><\/div><div class=\"slideshow_view\">\r\n\t\t\t\t<div class=\"slideshow_slide slideshow_slide_image\">\r\n\t\t\t\t\t\t\t\t\t\t\t<img src=\"https:\/\/horizon-dunes.ch\/wordpress\/wp-content\/uploads\/2013\/10\/DSCN1957.jpg\" alt=\"DSCN1957\" width=\"1280\" height=\"847\" \/>\r\n\t\t\t\t\t\t\t\t\t\t<div class=\"slideshow_description_box slideshow_transparent\">\r\n\t\t\t\t\t\t<div class=\"slideshow_title\">DSCN1957<\/div>\t\t\t\t\t\t\t\t\t\t\t<\/div>\r\n\t\t\t\t<\/div>\r\n\r\n\t\t\t\t\t\t<div style=\"clear: both;\"><\/div><\/div><div class=\"slideshow_view\">\r\n\t\t\t\t<div class=\"slideshow_slide slideshow_slide_image\">\r\n\t\t\t\t\t\t\t\t\t\t\t<img src=\"https:\/\/horizon-dunes.ch\/wordpress\/wp-content\/uploads\/2013\/10\/DSCN0594.jpg\" alt=\"DSCN0594\" width=\"1024\" height=\"579\" \/>\r\n\t\t\t\t\t\t\t\t\t\t<div class=\"slideshow_description_box slideshow_transparent\">\r\n\t\t\t\t\t\t<div class=\"slideshow_title\">DSCN0594<\/div>\t\t\t\t\t\t\t\t\t\t\t<\/div>\r\n\t\t\t\t<\/div>\r\n\r\n\t\t\t\t\t\t<div style=\"clear: both;\"><\/div><\/div><div class=\"slideshow_view\">\r\n\t\t\t\t<div class=\"slideshow_slide slideshow_slide_image\">\r\n\t\t\t\t\t\t\t\t\t\t\t<img src=\"https:\/\/horizon-dunes.ch\/wordpress\/wp-content\/uploads\/2013\/10\/DSCN0596b.jpg\" alt=\"DSCN0596b\" width=\"1024\" height=\"562\" \/>\r\n\t\t\t\t\t\t\t\t\t\t<div class=\"slideshow_description_box slideshow_transparent\">\r\n\t\t\t\t\t\t<div class=\"slideshow_title\">DSCN0596b<\/div>\t\t\t\t\t\t\t\t\t\t\t<\/div>\r\n\t\t\t\t<\/div>\r\n\r\n\t\t\t\t\t\t<div style=\"clear: both;\"><\/div><\/div><div class=\"slideshow_view\">\r\n\t\t\t\t<div class=\"slideshow_slide slideshow_slide_image\">\r\n\t\t\t\t\t\t\t\t\t\t\t<img src=\"https:\/\/horizon-dunes.ch\/wordpress\/wp-content\/uploads\/2013\/10\/DSCN0598.jpg\" alt=\"DSCN0598\" width=\"1022\" height=\"567\" \/>\r\n\t\t\t\t\t\t\t\t\t\t<div class=\"slideshow_description_box slideshow_transparent\">\r\n\t\t\t\t\t\t<div class=\"slideshow_title\">DSCN0598<\/div>\t\t\t\t\t\t\t\t\t\t\t<\/div>\r\n\t\t\t\t<\/div>\r\n\r\n\t\t\t\t\t\t<div style=\"clear: both;\"><\/div><\/div><div class=\"slideshow_view\">\r\n\t\t\t\t<div class=\"slideshow_slide slideshow_slide_image\">\r\n\t\t\t\t\t\t\t\t\t\t\t<img src=\"https:\/\/horizon-dunes.ch\/wordpress\/wp-content\/uploads\/2013\/10\/DSCN0601.jpg\" alt=\"DSCN0601\" width=\"1024\" height=\"768\" \/>\r\n\t\t\t\t\t\t\t\t\t\t<div class=\"slideshow_description_box slideshow_transparent\">\r\n\t\t\t\t\t\t<div class=\"slideshow_title\">DSCN0601<\/div>\t\t\t\t\t\t\t\t\t\t\t<\/div>\r\n\t\t\t\t<\/div>\r\n\r\n\t\t\t\t\t\t<div style=\"clear: both;\"><\/div><\/div><div class=\"slideshow_view\">\r\n\t\t\t\t<div class=\"slideshow_slide slideshow_slide_image\">\r\n\t\t\t\t\t\t\t\t\t\t\t<img src=\"https:\/\/horizon-dunes.ch\/wordpress\/wp-content\/uploads\/2013\/10\/DSCN0603.jpg\" alt=\"DSCN0603\" width=\"1024\" height=\"584\" \/>\r\n\t\t\t\t\t\t\t\t\t\t<div class=\"slideshow_description_box slideshow_transparent\">\r\n\t\t\t\t\t\t<div class=\"slideshow_title\">DSCN0603<\/div>\t\t\t\t\t\t\t\t\t\t\t<\/div>\r\n\t\t\t\t<\/div>\r\n\r\n\t\t\t\t\t\t<div style=\"clear: both;\"><\/div><\/div><div class=\"slideshow_view\">\r\n\t\t\t\t<div class=\"slideshow_slide slideshow_slide_image\">\r\n\t\t\t\t\t\t\t\t\t\t\t<img src=\"https:\/\/horizon-dunes.ch\/wordpress\/wp-content\/uploads\/2013\/10\/DSCN0606.jpg\" alt=\"DSCN0606\" width=\"1024\" height=\"407\" \/>\r\n\t\t\t\t\t\t\t\t\t\t<div class=\"slideshow_description_box slideshow_transparent\">\r\n\t\t\t\t\t\t<div class=\"slideshow_title\">DSCN0606<\/div>\t\t\t\t\t\t\t\t\t\t\t<\/div>\r\n\t\t\t\t<\/div>\r\n\r\n\t\t\t\t\t\t<div style=\"clear: both;\"><\/div><\/div><div class=\"slideshow_view\">\r\n\t\t\t\t<div class=\"slideshow_slide slideshow_slide_image\">\r\n\t\t\t\t\t\t\t\t\t\t\t<img src=\"https:\/\/horizon-dunes.ch\/wordpress\/wp-content\/uploads\/2013\/10\/DSCN0614.jpg\" alt=\"DSCN0614\" width=\"1023\" height=\"586\" \/>\r\n\t\t\t\t\t\t\t\t\t\t<div class=\"slideshow_description_box slideshow_transparent\">\r\n\t\t\t\t\t\t<div class=\"slideshow_title\">DSCN0614<\/div>\t\t\t\t\t\t\t\t\t\t\t<\/div>\r\n\t\t\t\t<\/div>\r\n\r\n\t\t\t\t\t\t<div style=\"clear: both;\"><\/div><\/div><div class=\"slideshow_view\">\r\n\t\t\t\t<div class=\"slideshow_slide slideshow_slide_image\">\r\n\t\t\t\t\t\t\t\t\t\t\t<img src=\"https:\/\/horizon-dunes.ch\/wordpress\/wp-content\/uploads\/2013\/10\/DSCN0621.jpg\" alt=\"DSCN0621\" width=\"1023\" height=\"427\" \/>\r\n\t\t\t\t\t\t\t\t\t\t<div class=\"slideshow_description_box slideshow_transparent\">\r\n\t\t\t\t\t\t<div class=\"slideshow_title\">DSCN0621<\/div>\t\t\t\t\t\t\t\t\t\t\t<\/div>\r\n\t\t\t\t<\/div>\r\n\r\n\t\t\t\t\t\t<div style=\"clear: both;\"><\/div><\/div><div class=\"slideshow_view\">\r\n\t\t\t\t<div class=\"slideshow_slide slideshow_slide_image\">\r\n\t\t\t\t\t\t\t\t\t\t\t<img src=\"https:\/\/horizon-dunes.ch\/wordpress\/wp-content\/uploads\/2013\/10\/DSCN0622.jpg\" alt=\"DSCN0622\" width=\"1024\" height=\"589\" \/>\r\n\t\t\t\t\t\t\t\t\t\t<div class=\"slideshow_description_box slideshow_transparent\">\r\n\t\t\t\t\t\t<div class=\"slideshow_title\">DSCN0622<\/div>\t\t\t\t\t\t\t\t\t\t\t<\/div>\r\n\t\t\t\t<\/div>\r\n\r\n\t\t\t\t\t\t<div style=\"clear: both;\"><\/div><\/div><div class=\"slideshow_view\">\r\n\t\t\t\t<div class=\"slideshow_slide slideshow_slide_image\">\r\n\t\t\t\t\t\t\t\t\t\t\t<img src=\"https:\/\/horizon-dunes.ch\/wordpress\/wp-content\/uploads\/2013\/10\/DSCN1768.jpg\" alt=\"DSCN1768\" width=\"1278\" height=\"654\" \/>\r\n\t\t\t\t\t\t\t\t\t\t<div class=\"slideshow_description_box slideshow_transparent\">\r\n\t\t\t\t\t\t<div class=\"slideshow_title\">DSCN1768<\/div>\t\t\t\t\t\t\t\t\t\t\t<\/div>\r\n\t\t\t\t<\/div>\r\n\r\n\t\t\t\t\t\t<div style=\"clear: both;\"><\/div><\/div><div class=\"slideshow_view\">\r\n\t\t\t\t<div class=\"slideshow_slide slideshow_slide_image\">\r\n\t\t\t\t\t\t\t\t\t\t\t<img src=\"https:\/\/horizon-dunes.ch\/wordpress\/wp-content\/uploads\/2013\/10\/DSCN1787.jpg\" alt=\"DSCN1787\" width=\"1279\" height=\"767\" \/>\r\n\t\t\t\t\t\t\t\t\t\t<div class=\"slideshow_description_box slideshow_transparent\">\r\n\t\t\t\t\t\t<div class=\"slideshow_title\">DSCN1787<\/div>\t\t\t\t\t\t\t\t\t\t\t<\/div>\r\n\t\t\t\t<\/div>\r\n\r\n\t\t\t\t\t\t<div style=\"clear: both;\"><\/div><\/div><div class=\"slideshow_view\">\r\n\t\t\t\t<div class=\"slideshow_slide slideshow_slide_image\">\r\n\t\t\t\t\t\t\t\t\t\t\t<img src=\"https:\/\/horizon-dunes.ch\/wordpress\/wp-content\/uploads\/2013\/10\/DSCN1798.jpg\" alt=\"DSCN1798\" width=\"1278\" height=\"568\" \/>\r\n\t\t\t\t\t\t\t\t\t\t<div class=\"slideshow_description_box slideshow_transparent\">\r\n\t\t\t\t\t\t<div class=\"slideshow_title\">DSCN1798<\/div>\t\t\t\t\t\t\t\t\t\t\t<\/div>\r\n\t\t\t\t<\/div>\r\n\r\n\t\t\t\t\t\t<div style=\"clear: both;\"><\/div><\/div><div class=\"slideshow_view\">\r\n\t\t\t\t<div class=\"slideshow_slide slideshow_slide_image\">\r\n\t\t\t\t\t\t\t\t\t\t\t<img src=\"https:\/\/horizon-dunes.ch\/wordpress\/wp-content\/uploads\/2013\/10\/DSCN1802.jpg\" alt=\"DSCN1802\" width=\"1278\" height=\"683\" \/>\r\n\t\t\t\t\t\t\t\t\t\t<div class=\"slideshow_description_box slideshow_transparent\">\r\n\t\t\t\t\t\t<div class=\"slideshow_title\">DSCN1802<\/div>\t\t\t\t\t\t\t\t\t\t\t<\/div>\r\n\t\t\t\t<\/div>\r\n\r\n\t\t\t\t\t\t<div style=\"clear: both;\"><\/div><\/div><div class=\"slideshow_view\">\r\n\t\t\t\t<div class=\"slideshow_slide slideshow_slide_image\">\r\n\t\t\t\t\t\t\t\t\t\t\t<img src=\"https:\/\/horizon-dunes.ch\/wordpress\/wp-content\/uploads\/2013\/10\/DSCN1807.jpg\" alt=\"DSCN1807\" width=\"1280\" height=\"656\" \/>\r\n\t\t\t\t\t\t\t\t\t\t<div class=\"slideshow_description_box slideshow_transparent\">\r\n\t\t\t\t\t\t<div class=\"slideshow_title\">DSCN1807<\/div>\t\t\t\t\t\t\t\t\t\t\t<\/div>\r\n\t\t\t\t<\/div>\r\n\r\n\t\t\t\t\t\t<div style=\"clear: both;\"><\/div><\/div><div class=\"slideshow_view\">\r\n\t\t\t\t<div class=\"slideshow_slide slideshow_slide_image\">\r\n\t\t\t\t\t\t\t\t\t\t\t<img src=\"https:\/\/horizon-dunes.ch\/wordpress\/wp-content\/uploads\/2013\/10\/DSCN1808.jpg\" alt=\"DSCN1808\" width=\"1279\" height=\"755\" \/>\r\n\t\t\t\t\t\t\t\t\t\t<div class=\"slideshow_description_box slideshow_transparent\">\r\n\t\t\t\t\t\t<div class=\"slideshow_title\">DSCN1808<\/div>\t\t\t\t\t\t\t\t\t\t\t<\/div>\r\n\t\t\t\t<\/div>\r\n\r\n\t\t\t\t\t\t<div style=\"clear: both;\"><\/div><\/div><div class=\"slideshow_view\">\r\n\t\t\t\t<div class=\"slideshow_slide slideshow_slide_image\">\r\n\t\t\t\t\t\t\t\t\t\t\t<img src=\"https:\/\/horizon-dunes.ch\/wordpress\/wp-content\/uploads\/2013\/10\/DSCN1810.jpg\" alt=\"DSCN1810\" width=\"1275\" height=\"531\" \/>\r\n\t\t\t\t\t\t\t\t\t\t<div class=\"slideshow_description_box slideshow_transparent\">\r\n\t\t\t\t\t\t<div class=\"slideshow_title\">DSCN1810<\/div>\t\t\t\t\t\t\t\t\t\t\t<\/div>\r\n\t\t\t\t<\/div>\r\n\r\n\t\t\t\t\t\t<div style=\"clear: both;\"><\/div><\/div><div class=\"slideshow_view\">\r\n\t\t\t\t<div class=\"slideshow_slide slideshow_slide_image\">\r\n\t\t\t\t\t\t\t\t\t\t\t<img src=\"https:\/\/horizon-dunes.ch\/wordpress\/wp-content\/uploads\/2013\/10\/DSCN1814.jpg\" alt=\"DSCN1814\" width=\"1280\" height=\"682\" \/>\r\n\t\t\t\t\t\t\t\t\t\t<div class=\"slideshow_description_box slideshow_transparent\">\r\n\t\t\t\t\t\t<div class=\"slideshow_title\">DSCN1814<\/div>\t\t\t\t\t\t\t\t\t\t\t<\/div>\r\n\t\t\t\t<\/div>\r\n\r\n\t\t\t\t\t\t<div style=\"clear: both;\"><\/div><\/div><div class=\"slideshow_view\">\r\n\t\t\t\t<div class=\"slideshow_slide slideshow_slide_image\">\r\n\t\t\t\t\t\t\t\t\t\t\t<img src=\"https:\/\/horizon-dunes.ch\/wordpress\/wp-content\/uploads\/2013\/10\/DSCN1817_b.jpg\" alt=\"DSCN1817_b\" width=\"1278\" height=\"644\" \/>\r\n\t\t\t\t\t\t\t\t\t\t<div class=\"slideshow_description_box slideshow_transparent\">\r\n\t\t\t\t\t\t<div class=\"slideshow_title\">DSCN1817_b<\/div>\t\t\t\t\t\t\t\t\t\t\t<\/div>\r\n\t\t\t\t<\/div>\r\n\r\n\t\t\t\t\t\t<div style=\"clear: both;\"><\/div><\/div><div class=\"slideshow_view\">\r\n\t\t\t\t<div class=\"slideshow_slide slideshow_slide_image\">\r\n\t\t\t\t\t\t\t\t\t\t\t<img src=\"https:\/\/horizon-dunes.ch\/wordpress\/wp-content\/uploads\/2013\/10\/DSCN1820.jpg\" alt=\"DSCN1820\" width=\"1278\" height=\"683\" \/>\r\n\t\t\t\t\t\t\t\t\t\t<div class=\"slideshow_description_box slideshow_transparent\">\r\n\t\t\t\t\t\t<div class=\"slideshow_title\">DSCN1820<\/div>\t\t\t\t\t\t\t\t\t\t\t<\/div>\r\n\t\t\t\t<\/div>\r\n\r\n\t\t\t\t\t\t<div style=\"clear: both;\"><\/div><\/div><div class=\"slideshow_view\">\r\n\t\t\t\t<div class=\"slideshow_slide slideshow_slide_image\">\r\n\t\t\t\t\t\t\t\t\t\t\t<img src=\"https:\/\/horizon-dunes.ch\/wordpress\/wp-content\/uploads\/2013\/10\/DSCN1825.jpg\" alt=\"DSCN1825\" width=\"1279\" height=\"639\" \/>\r\n\t\t\t\t\t\t\t\t\t\t<div class=\"slideshow_description_box slideshow_transparent\">\r\n\t\t\t\t\t\t<div class=\"slideshow_title\">DSCN1825<\/div>\t\t\t\t\t\t<div class=\"slideshow_description\">Acacia<\/div>\t\t\t\t\t<\/div>\r\n\t\t\t\t<\/div>\r\n\r\n\t\t\t\t\t\t<div style=\"clear: both;\"><\/div><\/div>\r\n\t\t<\/div>\r\n\r\n\t\t<div class=\"slideshow_controlPanel slideshow_transparent\" style=\"display: none;\"><ul><li class=\"slideshow_togglePlay\" data-play-text=\"Play\" data-pause-text=\"Pause\"><\/li><\/ul><\/div>\r\n\r\n\t\t<div class=\"slideshow_button slideshow_previous slideshow_transparent\" role=\"button\" data-previous-text=\"Pr\u00e9c\u00e9dent\" style=\"display: none;\"><\/div>\r\n\t\t<div class=\"slideshow_button slideshow_next slideshow_transparent\" role=\"button\" data-next-text=\"Suivant\" style=\"display: none;\"><\/div>\r\n\r\n\t\t<div class=\"slideshow_pagination\" style=\"display: none;\" data-go-to-text=\"Go to slide\"><div class=\"slideshow_pagination_center\"><\/div><\/div>\r\n\r\n\t\t<!-- WordPress Slideshow Version 2.3.1 -->\r\n\r\n\t\t\t<\/div>\r\n\r\n\n","protected":false},"excerpt":{"rendered":"<p>Apr\u00e8s l\u2019exploration de ces deux grottes, nous prenons au cap Ouest une ancienne piste de chameliers qui reliait Assyut \u00e0 l\u2019oasis de Farafra. Le long de cette piste, nous nous arr\u00eatons un instant dans un champ de grosses pierres rondes et noi\u00adres comme des boulets de canon, on se croirait sur les restes d\u2019un champ [&hellip;]<\/p>\n","protected":false},"author":1,"featured_media":0,"parent":490,"menu_order":0,"comment_status":"closed","ping_status":"closed","template":"page-templates\/full-width.php","meta":{"footnotes":""},"class_list":["post-556","page","type-page","status-publish","hentry"],"_links":{"self":[{"href":"https:\/\/horizon-dunes.ch\/wordpress\/index.php?rest_route=\/wp\/v2\/pages\/556","targetHints":{"allow":["GET"]}}],"collection":[{"href":"https:\/\/horizon-dunes.ch\/wordpress\/index.php?rest_route=\/wp\/v2\/pages"}],"about":[{"href":"https:\/\/horizon-dunes.ch\/wordpress\/index.php?rest_route=\/wp\/v2\/types\/page"}],"author":[{"embeddable":true,"href":"https:\/\/horizon-dunes.ch\/wordpress\/index.php?rest_route=\/wp\/v2\/users\/1"}],"replies":[{"embeddable":true,"href":"https:\/\/horizon-dunes.ch\/wordpress\/index.php?rest_route=%2Fwp%2Fv2%2Fcomments&post=556"}],"version-history":[{"count":13,"href":"https:\/\/horizon-dunes.ch\/wordpress\/index.php?rest_route=\/wp\/v2\/pages\/556\/revisions"}],"predecessor-version":[{"id":621,"href":"https:\/\/horizon-dunes.ch\/wordpress\/index.php?rest_route=\/wp\/v2\/pages\/556\/revisions\/621"}],"up":[{"embeddable":true,"href":"https:\/\/horizon-dunes.ch\/wordpress\/index.php?rest_route=\/wp\/v2\/pages\/490"}],"wp:attachment":[{"href":"https:\/\/horizon-dunes.ch\/wordpress\/index.php?rest_route=%2Fwp%2Fv2%2Fmedia&parent=556"}],"curies":[{"name":"wp","href":"https:\/\/api.w.org\/{rel}","templated":true}]}}