{"id":57,"date":"2013-10-04T15:32:16","date_gmt":"2013-10-04T14:32:16","guid":{"rendered":"http:\/\/www.horizon-dunes.ch\/wordpress\/?page_id=57"},"modified":"2013-10-04T17:25:44","modified_gmt":"2013-10-04T16:25:44","slug":"cartes-swiss-topo","status":"publish","type":"page","link":"https:\/\/horizon-dunes.ch\/wordpress\/?page_id=57","title":{"rendered":"Cartes Swiss Topo"},"content":{"rendered":"<p><strong><span style=\"font-size: medium;\">Les cartes suisse<\/span><\/strong><\/p>\n<p><span style=\"font-size: medium;\"><span style=\"font-family: arial,helvetica,sans-serif;\">Les cartes suisse utilisent les coordonn\u00e9es g\u00e9ographiques en degr\u00e9s rapport\u00e9es au m\u00e9ridien international, ainsi qu&#8217;un syst\u00e8me de coordonn\u00e9es kilom\u00e9triques, la quadrillage suisse, dont le point d&#8217;origine se situe \u00e0 Berne:<\/span><br \/>\n<span style=\"font-family: arial,helvetica,sans-serif;\">600&#8217;000 EST, 200&#8217;000 NORD<\/span><\/span><\/p>\n<p><span style=\"font-family: arial,helvetica,sans-serif; font-size: medium;\"> Pour l&#8217;utilisation du GPS ou d&#8217;un logiciel de cartographie, utilisez le datum Swiss grid<br \/>\n<\/span><br \/>\n<span style=\"font-family: arial,helvetica,sans-serif; font-size: medium;\"> Pour reporter un point sur une carte suisse, utilisez la m\u00eame proc\u00e9dure que ci-dessus, mais en utilsant les coordonn\u00e9es kilom\u00e9triques au lien des coordonn\u00e9es UTM<\/span><\/p>\n<p><span style=\"font-family: arial,helvetica,sans-serif;\"> Lien du Site de<\/span> <span style=\"font-family: arial,helvetica,sans-serif;\"><a href=\"http:\/\/www.swisstopo.ch\/fr\/INDEX.htm\">l&#8217;Office F\u00e9deral de Topographie<\/a><\/span><\/p>\n","protected":false},"excerpt":{"rendered":"<p>Les cartes suisse Les cartes suisse utilisent les coordonn\u00e9es g\u00e9ographiques en degr\u00e9s rapport\u00e9es au m\u00e9ridien international, ainsi qu&#8217;un syst\u00e8me de coordonn\u00e9es kilom\u00e9triques, la quadrillage suisse, dont le point d&#8217;origine se situe \u00e0 Berne: 600&#8217;000 EST, 200&#8217;000 NORD Pour l&#8217;utilisation du GPS ou d&#8217;un logiciel de cartographie, utilisez le datum Swiss grid Pour reporter un point [&hellip;]<\/p>\n","protected":false},"author":1,"featured_media":0,"parent":39,"menu_order":3,"comment_status":"closed","ping_status":"closed","template":"page-templates\/full-width.php","meta":{"footnotes":""},"class_list":["post-57","page","type-page","status-publish","hentry"],"_links":{"self":[{"href":"https:\/\/horizon-dunes.ch\/wordpress\/index.php?rest_route=\/wp\/v2\/pages\/57","targetHints":{"allow":["GET"]}}],"collection":[{"href":"https:\/\/horizon-dunes.ch\/wordpress\/index.php?rest_route=\/wp\/v2\/pages"}],"about":[{"href":"https:\/\/horizon-dunes.ch\/wordpress\/index.php?rest_route=\/wp\/v2\/types\/page"}],"author":[{"embeddable":true,"href":"https:\/\/horizon-dunes.ch\/wordpress\/index.php?rest_route=\/wp\/v2\/users\/1"}],"replies":[{"embeddable":true,"href":"https:\/\/horizon-dunes.ch\/wordpress\/index.php?rest_route=%2Fwp%2Fv2%2Fcomments&post=57"}],"version-history":[{"count":3,"href":"https:\/\/horizon-dunes.ch\/wordpress\/index.php?rest_route=\/wp\/v2\/pages\/57\/revisions"}],"predecessor-version":[{"id":60,"href":"https:\/\/horizon-dunes.ch\/wordpress\/index.php?rest_route=\/wp\/v2\/pages\/57\/revisions\/60"}],"up":[{"embeddable":true,"href":"https:\/\/horizon-dunes.ch\/wordpress\/index.php?rest_route=\/wp\/v2\/pages\/39"}],"wp:attachment":[{"href":"https:\/\/horizon-dunes.ch\/wordpress\/index.php?rest_route=%2Fwp%2Fv2%2Fmedia&parent=57"}],"curies":[{"name":"wp","href":"https:\/\/api.w.org\/{rel}","templated":true}]}}