{"id":719,"date":"2015-02-10T14:14:20","date_gmt":"2015-02-10T13:14:20","guid":{"rendered":"http:\/\/www.horizon-dunes.ch\/wordpress\/?page_id=719"},"modified":"2017-01-09T14:00:29","modified_gmt":"2017-01-09T13:00:29","slug":"cartes-maroc-1250000-serie-p502","status":"publish","type":"page","link":"https:\/\/horizon-dunes.ch\/wordpress\/?page_id=719","title":{"rendered":"Cartes Maroc 1:250&#8217;000 S\u00e9rie P502"},"content":{"rendered":"<p style=\"text-align: justify;\">Ces cartes au 1:250&#8217;000 proviennent de la University of Texas Libraries qui les met \u00e0 disposition gratuitement. Elles datent de 1954 et sont disponibles en format JPG sans aucune calibration. Beaucoup des noms de villes, villages et lieux utilis\u00e9s dans ces cartes sont ceux utilis\u00e9s au Maroc pendant le protectorat fran\u00e7ais (Ex: Mogador pour Essaouira)<br \/>\nElles ont \u00e9t\u00e9 calibr\u00e9es par mes soins et transform\u00e9es en format OZFx3. Chaque carte list\u00e9e ci-dessous est disponible en format .zip pour son extraction. Chaque fichier zip contient la carte et son fichier de g\u00e9o-r\u00e9f\u00e9rence.<br \/>\n<a href=\"https:\/\/www.horizon-dunes.ch\/wordpress\/wp-content\/uploads\/2015\/02\/Index-cartes-P502.jpg\"><img loading=\"lazy\" decoding=\"async\" class=\"alignleft size-full wp-image-729\" alt=\"Index cartes P502\" src=\"https:\/\/www.horizon-dunes.ch\/wordpress\/wp-content\/uploads\/2015\/02\/Index-cartes-P502.jpg\" width=\"808\" height=\"590\" srcset=\"https:\/\/horizon-dunes.ch\/wordpress\/wp-content\/uploads\/2015\/02\/Index-cartes-P502.jpg 808w, https:\/\/horizon-dunes.ch\/wordpress\/wp-content\/uploads\/2015\/02\/Index-cartes-P502-300x219.jpg 300w, https:\/\/horizon-dunes.ch\/wordpress\/wp-content\/uploads\/2015\/02\/Index-cartes-P502-624x455.jpg 624w\" sizes=\"auto, (max-width: 808px) 100vw, 808px\" \/><\/a><\/p>\n<p>&nbsp;<\/p>\n<p>&nbsp;<\/p>\n<p>&nbsp;<\/p>\n<p>&nbsp;<\/p>\n<p>&nbsp;<\/p>\n<p>&nbsp;<\/p>\n<p>&nbsp;<\/p>\n<p>&nbsp;<\/p>\n<p>&nbsp;<\/p>\n<p>&nbsp;<\/p>\n<p>&nbsp;<\/p>\n<p>&nbsp;<\/p>\n<p>&nbsp;<\/p>\n<p><strong>Liste des cartes disponibles :<\/strong><\/p>\n<p><a href=\"https:\/\/horizon-dunes.ch\/Cartes P502\/Agadir NH 29-6_ozf.zip\" target=\"_blank\">Agadir NH 29-6_ozf.zip<\/a><br \/>\n<a href=\" https:\/\/horizon-dunes.ch\/Cartes P502\/Ain Chouater NH 30-3_ozf.zip\" target=\"_blank\">Ain Chouater NH 30-3_ozf.zip<\/a><br \/>\n<a href=\" https:\/\/horizon-dunes.ch\/Cartes P502\/Al Hoceima (Villa Sanjuro) NI 30-2_ozf.zip\" target=\"_blank\">Al Hoceima (Villa Sanjuro) NI 30-2_ozf.zip<\/a><br \/>\n<a href=\" https:\/\/horizon-dunes.ch\/Cartes P502\/Beni Mellal NI 29-16_ozf.zip\" target=\"_blank\">Beni Mellal NI 29-16_ozf.zip<\/a><br \/>\n<a href=\" https:\/\/horizon-dunes.ch\/Cartes P502\/Berkine (Missour) NI 30-10_ozf.zip\" target=\"_blank\">Berkine (Missour) NI 30-10_ozf.zip<\/a><br \/>\n<a href=\" https:\/\/horizon-dunes.ch\/Cartes P502\/Bou Arfa NI 30-15_ozf.zip\" target=\"_blank\">Bou Arfa NI 30-15_ozf.zip<\/a><br \/>\n<a href=\"https:\/\/horizon-dunes.ch\/Cartes P502\/Casablanca NI 29-11_ozf.zip\" target=\"_blank\">Casablanca NI 29-11_ozf.zip<\/a><br \/>\n<a href=\"https:\/\/horizon-dunes.ch\/Cartes P502\/Demnate NH 29-4_ozf.zip\" target=\"_blank\">Demnate NH 29-4_ozf.zip<\/a><br \/>\n<a href=\"https:\/\/horizon-dunes.ch\/Cartes P502\/Er Rachidia (Erfoud) NH 30-2_ozf.zip\" target=\"_blank\">Er Rachidia (Erfoud) NH 30-2_ozf.zip<\/a><br \/>\n<a href=\"https:\/\/horizon-dunes.ch\/Cartes P502\/Essaouira (Mogador) NH 29-2_ozf.zip\" target=\"_blank\">Essaouira (Mogador) NH 29-2_ozf.zip<\/a><br \/>\n<a href=\"https:\/\/horizon-dunes.ch\/Cartes P502\/Fez NI 30-5_ozf.zip\" target=\"_blank\">Fez NI 30-5_ozf.zip<\/a><br \/>\n<a href=\"https:\/\/horizon-dunes.ch\/Cartes P502\/Figuig NI 30-16_ozf.zip\" target=\"_blank\">Figuig NI 30-16_ozf.zip<\/a><br \/>\n<a href=\"https:\/\/horizon-dunes.ch\/Cartes P502\/Goulmina NH 30-1_ozf.zip\" target=\"_blank\">Goulmina NH 30-1_ozf.zip<\/a><br \/>\n<a href=\"https:\/\/horizon-dunes.ch\/Cartes P502\/Khenifra NI 30-13_ozf.zip\" target=\"_blank\">Khenifra NI 30-13_ozf.zip<\/a><br \/>\n<a href=\"https:\/\/horizon-dunes.ch\/Cartes P502\/Larache NI 29-4_ozf.zip\" target=\"_blank\">Larache NI 29-4_ozf.zip<\/a><br \/>\n<a href=\"https:\/\/horizon-dunes.ch\/Cartes P502\/Macmouda (Mhamid) NH 30-9_ozf.zip\" target=\"_blank\">Macmouda (Mhamid) NH 30-9_ozf.zip<\/a><br \/>\n<a href=\"https:\/\/horizon-dunes.ch\/Cartes P502\/Marrakech NH 29-3_ozf.zip\" target=\"_blank\">Marrakech NH 29-3_ozf.zip<\/a><br \/>\n<a href=\"https:\/\/horizon-dunes.ch\/Cartes P502\/Meknes NI 30-9_ozf.zip\" target=\"_blank\">Meknes NI 30-9_ozf.zip<\/a><br \/>\n<a href=\"https:\/\/horizon-dunes.ch\/Cartes P502\/Mohamedia (Fedala) NI 29-12_ozf.zip\" target=\"_blank\">Mohamedia (Fedala) NI 29-12_ozf.zip<\/a><br \/>\n<a href=\"https:\/\/horizon-dunes.ch\/Cartes P502\/Nador (Mellila) NI 30-3_ozf.zip\" target=\"_blank\">Nador (Mellila) NI 30-3_ozf.zip<\/a><br \/>\n<a href=\"https:\/\/horizon-dunes.ch\/Cartes P502\/Ouarzazate NH 29-8_ozf.zip\" target=\"_blank\">Ouarzazate NH 29-8_ozf.zip<\/a><br \/>\n<a href=\"https:\/\/horizon-dunes.ch\/Cartes P502\/Oujda NI 30-7_ozf.zip\" target=\"_blank\">Oujda NI 30-7_ozf.zip<\/a><br \/>\n<a href=\"https:\/\/horizon-dunes.ch\/Cartes P502\/Rabat NI 29-8_ozf.zip\" target=\"_blank\">Rabat NI 29-8_ozf.zip<\/a><br \/>\n<a href=\"https:\/\/horizon-dunes.ch\/Cartes P502\/Safi NI 29-14_ozf.zip\" target=\"_blank\">Safi NI 29-14_ozf.zip<\/a><br \/>\n<a href=\"https:\/\/horizon-dunes.ch\/Cartes P502\/Tafraout NH 29-11_ozf.zip\" target=\"_blank\">Tafraout NH 29-11_ozf.zip<\/a><br \/>\n<a href=\"https:\/\/horizon-dunes.ch\/Cartes P502\/Talsinnt (Gourrama) NI 30-14_ozf.zip\" target=\"_blank\">Talsinnt (Gourrama) NI 30-14_ozf.zip<\/a><br \/>\n<a href=\"https:\/\/horizon-dunes.ch\/Cartes P502\/TanTan NH 29-13_ozf.zip\" target=\"_blank\">Tan Tan NH 29-13 ozf.zip<\/a> <em><strong>version hors S\u00e9rie P502<\/strong><\/em><br \/>\n<a href=\"https:\/\/horizon-dunes.ch\/Cartes P502\/Tanger NI 30-1_ozf.zip\" target=\"_blank\">Tanger NI 30-1_ozf.zip<\/a><br \/>\n<a href=\"https:\/\/horizon-dunes.ch\/Cartes P502\/Taouz NH 30-6_ozf.zip\" target=\"_blank\">Taouz NH 30-6_ozf.zip<\/a><br \/>\n<a href=\"https:\/\/horizon-dunes.ch\/Cartes P502\/Taroudant NH 29-7_ozf.zip\" target=\"_blank\">Taroudant NH 29-7_ozf.zip<\/a><br \/>\n<a href=\"https:\/\/horizon-dunes.ch\/Cartes P502\/Taza NI 30-6_ozf.zip\" target=\"_blank\">Taza NI 30-6_ozf.zip<\/a><br \/>\n<a href=\"https:\/\/horizon-dunes.ch\/Cartes P502\/Tendrara NI 30-11_ozf.zip\" target=\"_blank\">Tendrara NI 30-11_ozf.zip<\/a><br \/>\n<a href=\"https:\/\/horizon-dunes.ch\/Cartes P502\/Tissint NH 29-12_ozf.zip\" target=\"_blank\">Tissint NH 29-12_ozf.zip<\/a><br \/>\n<a href=\"https:\/\/horizon-dunes.ch\/Cartes P502\/Tiznit NH 29-10_ozf.zip\" target=\"_blank\">Tiznit NH 29-10_ozf.zip<\/a><br \/>\n<a href=\"https:\/\/horizon-dunes.ch\/Cartes P502\/Youssoufia NI 29-15_ozf.zip\" target=\"_blank\">Youssoufia NI 29-15_ozf.zip<\/a><br \/>\n<a href=\"https:\/\/horizon-dunes.ch\/Cartes P502\/Zagora NH 30-5_ozf.zip\" target=\"_blank\">Zagora NH 30-5_ozf.zip<\/a><\/p>\n<p>&nbsp;<\/p>\n<p>&nbsp;<\/p>\n<p>&nbsp;<\/p>\n<p>&nbsp;<\/p>\n<p>&nbsp;<\/p>\n<p>&nbsp;<\/p>\n<p>&nbsp;<\/p>\n<p>&nbsp;<\/p>\n<p>&nbsp;<\/p>\n<p>&nbsp;<\/p>\n<p>&nbsp;<\/p>\n<p>&nbsp;<\/p>\n<p><strong>T\u00e9l\u00e9charger les cartes<\/strong> (fichiers .zip)<br \/>\n<a href=\"https:\/\/horizon-dunes.ch\/Cartes P502\/Agadir NH 29-6.zip\" target=\"_blank\">NH 29-6 Agadir<\/a><\/p>\n","protected":false},"excerpt":{"rendered":"<p>Ces cartes au 1:250&#8217;000 proviennent de la University of Texas Libraries qui les met \u00e0 disposition gratuitement. Elles datent de 1954 et sont disponibles en format JPG sans aucune calibration. Beaucoup des noms de villes, villages et lieux utilis\u00e9s dans ces cartes sont ceux utilis\u00e9s au Maroc pendant le protectorat fran\u00e7ais (Ex: Mogador pour Essaouira) [&hellip;]<\/p>\n","protected":false},"author":1,"featured_media":0,"parent":172,"menu_order":0,"comment_status":"closed","ping_status":"closed","template":"page-templates\/full-width.php","meta":{"footnotes":""},"class_list":["post-719","page","type-page","status-publish","hentry"],"_links":{"self":[{"href":"https:\/\/horizon-dunes.ch\/wordpress\/index.php?rest_route=\/wp\/v2\/pages\/719","targetHints":{"allow":["GET"]}}],"collection":[{"href":"https:\/\/horizon-dunes.ch\/wordpress\/index.php?rest_route=\/wp\/v2\/pages"}],"about":[{"href":"https:\/\/horizon-dunes.ch\/wordpress\/index.php?rest_route=\/wp\/v2\/types\/page"}],"author":[{"embeddable":true,"href":"https:\/\/horizon-dunes.ch\/wordpress\/index.php?rest_route=\/wp\/v2\/users\/1"}],"replies":[{"embeddable":true,"href":"https:\/\/horizon-dunes.ch\/wordpress\/index.php?rest_route=%2Fwp%2Fv2%2Fcomments&post=719"}],"version-history":[{"count":31,"href":"https:\/\/horizon-dunes.ch\/wordpress\/index.php?rest_route=\/wp\/v2\/pages\/719\/revisions"}],"predecessor-version":[{"id":979,"href":"https:\/\/horizon-dunes.ch\/wordpress\/index.php?rest_route=\/wp\/v2\/pages\/719\/revisions\/979"}],"up":[{"embeddable":true,"href":"https:\/\/horizon-dunes.ch\/wordpress\/index.php?rest_route=\/wp\/v2\/pages\/172"}],"wp:attachment":[{"href":"https:\/\/horizon-dunes.ch\/wordpress\/index.php?rest_route=%2Fwp%2Fv2%2Fmedia&parent=719"}],"curies":[{"name":"wp","href":"https:\/\/api.w.org\/{rel}","templated":true}]}}