{"id":818,"date":"2016-02-04T22:23:50","date_gmt":"2016-02-04T21:23:50","guid":{"rendered":"http:\/\/www.horizon-dunes.ch\/wordpress\/?page_id=818"},"modified":"2023-02-05T15:30:09","modified_gmt":"2023-02-05T14:30:09","slug":"cartes-125000-er-150000-espagne","status":"publish","type":"page","link":"https:\/\/horizon-dunes.ch\/wordpress\/?page_id=818","title":{"rendered":"Cartes Espagne 1:25&#8217;000 et 1:50&#8217;000"},"content":{"rendered":"<p style=\"text-align: justify;\">Des excellentes cartes sont mises \u00e0 disposition gratuitement par <a href=\"http:\/\/centrodedescargas.cnig.es\/CentroDescargas\/locale?request_locale=fr\" target=\"_blank\" rel=\"noopener noreferrer\">Centro Nacional de Informaci\u00f3n Geogr\u00e1fica (CNIG)<\/a> (pour l&#8217;acc\u00e8s en fran\u00e7ais, cliquez sur &#8220;Bienvenue&#8221;). Elles sont disponibles sous la forme de fichiers raster (transformation d&#8217;une image vectorielle \u00e1 une image \u00e0 points) des derni\u00e8res actualisations du contenu de la Carte Topographique Nationale. Elles ne correspondent pas exactement avec les contenus de derni\u00e8res \u00e9ditions publi\u00e9es sur papier, car des nouveaux \u00e9l\u00e9ments et les erreurs corrig\u00e9es\u00a0 sont incorpor\u00e9s d&#8217;une mani\u00e8re continue dans le fichier vectoriel (MTN50 et MTN25 vectoriel). Les formats de t\u00e9l\u00e9chargement sont TIFF <em>(taille d\u00e9mesur\u00e9e du fichier), <\/em>TFW, PRJ et <strong>ECW <em>(format ECW utilisable avec Ozi Explorer PC et TTQV, et \u00e0 convertir en format OZF pour Ozi sur tablette avec le programme<a href=\"http:\/\/www.oziexplorer3.com\/img2ozf\/img2ozf.html\" target=\"_blank\" rel=\"noopener noreferrer\"> img2Ozf<\/a>)<\/em><\/strong> qui contiennent les donn\u00e9es de g\u00e9o-r\u00e9f\u00e9rence.<br \/>\n<a href=\"https:\/\/horizon-dunes.ch\/wordpress\/wp-content\/uploads\/2023\/02\/Recherche-liste-des-cartes-mnt50-1.jpg\"><img loading=\"lazy\" decoding=\"async\" class=\"aligncenter size-large wp-image-1147\" src=\"https:\/\/horizon-dunes.ch\/wordpress\/wp-content\/uploads\/2023\/02\/Recherche-liste-des-cartes-mnt50-1-1024x500.jpg\" alt=\"\" width=\"625\" height=\"305\" srcset=\"https:\/\/horizon-dunes.ch\/wordpress\/wp-content\/uploads\/2023\/02\/Recherche-liste-des-cartes-mnt50-1-1024x500.jpg 1024w, https:\/\/horizon-dunes.ch\/wordpress\/wp-content\/uploads\/2023\/02\/Recherche-liste-des-cartes-mnt50-1-300x146.jpg 300w, https:\/\/horizon-dunes.ch\/wordpress\/wp-content\/uploads\/2023\/02\/Recherche-liste-des-cartes-mnt50-1-768x375.jpg 768w, https:\/\/horizon-dunes.ch\/wordpress\/wp-content\/uploads\/2023\/02\/Recherche-liste-des-cartes-mnt50-1-1536x749.jpg 1536w, https:\/\/horizon-dunes.ch\/wordpress\/wp-content\/uploads\/2023\/02\/Recherche-liste-des-cartes-mnt50-1-624x304.jpg 624w, https:\/\/horizon-dunes.ch\/wordpress\/wp-content\/uploads\/2023\/02\/Recherche-liste-des-cartes-mnt50-1.jpg 1900w\" sizes=\"auto, (max-width: 625px) 100vw, 625px\" \/><\/a><br \/>\nCes cartes sont g\u00e9o-r\u00e9f\u00e9renc\u00e9es selon le syst\u00e8me de r\u00e9f\u00e9rence g\u00e9od\u00e9sique ETRS89 pour la P\u00e9ninsule, Iles Bal\u00e9ares, Ceuta et Melilla et REGCAN95 pour L&#8217;\u00eele Canaries (les deux compatibles avec les syst\u00e8mes WGS84) et projection UTM avec le fuseau correspondant.<\/p>\n<p>A mon avis les cartes au 1:50&#8217;000 conviennent parfaitement pour une navigation pr\u00e9cise au GPS.<\/p>\n<p>Exemple extrait d&#8217;une carte 1:50&#8217;000 et affich\u00e9e avec une r\u00e9duction de 50%<br \/>\n<a href=\"https:\/\/horizon-dunes.ch\/wordpress\/wp-content\/uploads\/2016\/02\/Exemple-carte-1-50.jpg\"><img loading=\"lazy\" decoding=\"async\" class=\"alignleft size-large wp-image-821\" src=\"https:\/\/horizon-dunes.ch\/wordpress\/wp-content\/uploads\/2016\/02\/Exemple-carte-1-50-1024x543.jpg\" alt=\"\" width=\"625\" height=\"331\" srcset=\"https:\/\/horizon-dunes.ch\/wordpress\/wp-content\/uploads\/2016\/02\/Exemple-carte-1-50-1024x543.jpg 1024w, https:\/\/horizon-dunes.ch\/wordpress\/wp-content\/uploads\/2016\/02\/Exemple-carte-1-50-300x159.jpg 300w, https:\/\/horizon-dunes.ch\/wordpress\/wp-content\/uploads\/2016\/02\/Exemple-carte-1-50-624x331.jpg 624w, https:\/\/horizon-dunes.ch\/wordpress\/wp-content\/uploads\/2016\/02\/Exemple-carte-1-50.jpg 1612w\" sizes=\"auto, (max-width: 625px) 100vw, 625px\" \/><\/a><\/p>\n<p>&nbsp;<\/p>\n<p>&nbsp;<\/p>\n<p>&nbsp;<\/p>\n<p>&nbsp;<\/p>\n<p>&nbsp;<\/p>\n<p>&nbsp;<\/p>\n<p>&nbsp;<\/p>\n<p>Pour faciliter la s\u00e9lection parmi les 1&#8217;110 cartes au 1:50&#8217;000 disponibles, j\u2019ai cr\u00e9\u00e9, \u00e0 partir du <a href=\"http:\/\/centrodedescargas.cnig.es\/CentroDescargas\/documentos\/cuadricula_MTN50.png\" target=\"_blank\" rel=\"noopener noreferrer\">visualiseur du site CNIG<\/a>, un index \u201ccarte des cartes\u201d g\u00e9o-r\u00e9f\u00e9renc\u00e9 et utilisable avec Ozi Explorer PC, Ozi sur tablette ou TTQV, index dans lequel vous pouvez afficher un\/des waypoint(s), une route ou un trac\u00e9 qui se positionnera sur le ou les n\u00b0 de cartes correspondantes (exemple ci-dessous)<br \/>\n<a href=\"https:\/\/horizon-dunes.ch\/wordpress\/wp-content\/uploads\/2021\/06\/Exemple-index-des-cartes-MNT50-avec-tra\u00e7age-dune-route.jpg\"><img loading=\"lazy\" decoding=\"async\" class=\"alignleft size-large wp-image-1120\" src=\"https:\/\/horizon-dunes.ch\/wordpress\/wp-content\/uploads\/2021\/06\/Exemple-index-des-cartes-MNT50-avec-tra\u00e7age-dune-route-1024x554.jpg\" alt=\"\" width=\"625\" height=\"338\" srcset=\"https:\/\/horizon-dunes.ch\/wordpress\/wp-content\/uploads\/2021\/06\/Exemple-index-des-cartes-MNT50-avec-tra\u00e7age-dune-route-1024x554.jpg 1024w, https:\/\/horizon-dunes.ch\/wordpress\/wp-content\/uploads\/2021\/06\/Exemple-index-des-cartes-MNT50-avec-tra\u00e7age-dune-route-300x162.jpg 300w, https:\/\/horizon-dunes.ch\/wordpress\/wp-content\/uploads\/2021\/06\/Exemple-index-des-cartes-MNT50-avec-tra\u00e7age-dune-route-768x415.jpg 768w, https:\/\/horizon-dunes.ch\/wordpress\/wp-content\/uploads\/2021\/06\/Exemple-index-des-cartes-MNT50-avec-tra\u00e7age-dune-route-624x337.jpg 624w, https:\/\/horizon-dunes.ch\/wordpress\/wp-content\/uploads\/2021\/06\/Exemple-index-des-cartes-MNT50-avec-tra\u00e7age-dune-route.jpg 1219w\" sizes=\"auto, (max-width: 625px) 100vw, 625px\" \/><\/a><\/p>\n<p>&nbsp;<\/p>\n<p>&nbsp;<\/p>\n<p>&nbsp;<\/p>\n<p>&nbsp;<\/p>\n<p>&nbsp;<\/p>\n<p>&nbsp;<\/p>\n<p>&nbsp;<\/p>\n<p>&nbsp;<\/p>\n<p>Lien pour t\u00e9l\u00e9charger (en format .zip) l&#8217;<a href=\"https:\/\/horizon-dunes.ch\/Cartes Espagne\/CNIG Ozi index cartes MNT-50.zip\" target=\"_blank\" rel=\"noopener noreferrer\">index des cartes MTN-50<\/a> g\u00e9o-r\u00e9f\u00e9renc\u00e9 pour Ozi format Ozf<br \/>\nLien pour t\u00e9l\u00e9charger (en format .zip) l&#8217;<a href=\"https:\/\/horizon-dunes.ch\/Cartes Espagne\/CNIG TTQV index cartes MNT-50.zip\" target=\"_blank\" rel=\"noopener noreferrer\">index des cartes MTN-50<\/a> g\u00e9o-r\u00e9f\u00e9renc\u00e9 pour TTQV<\/p>\n<p>&nbsp;<\/p>\n<p>&nbsp;<\/p>\n<p>&nbsp;<\/p>\n<p>&nbsp;<\/p>\n<p>&nbsp;<\/p>\n","protected":false},"excerpt":{"rendered":"<p>Des excellentes cartes sont mises \u00e0 disposition gratuitement par Centro Nacional de Informaci\u00f3n Geogr\u00e1fica (CNIG) (pour l&#8217;acc\u00e8s en fran\u00e7ais, cliquez sur &#8220;Bienvenue&#8221;). Elles sont disponibles sous la forme de fichiers raster (transformation d&#8217;une image vectorielle \u00e1 une image \u00e0 points) des derni\u00e8res actualisations du contenu de la Carte Topographique Nationale. Elles ne correspondent pas exactement [&hellip;]<\/p>\n","protected":false},"author":1,"featured_media":0,"parent":172,"menu_order":0,"comment_status":"closed","ping_status":"closed","template":"page-templates\/full-width.php","meta":{"footnotes":""},"class_list":["post-818","page","type-page","status-publish","hentry"],"_links":{"self":[{"href":"https:\/\/horizon-dunes.ch\/wordpress\/index.php?rest_route=\/wp\/v2\/pages\/818","targetHints":{"allow":["GET"]}}],"collection":[{"href":"https:\/\/horizon-dunes.ch\/wordpress\/index.php?rest_route=\/wp\/v2\/pages"}],"about":[{"href":"https:\/\/horizon-dunes.ch\/wordpress\/index.php?rest_route=\/wp\/v2\/types\/page"}],"author":[{"embeddable":true,"href":"https:\/\/horizon-dunes.ch\/wordpress\/index.php?rest_route=\/wp\/v2\/users\/1"}],"replies":[{"embeddable":true,"href":"https:\/\/horizon-dunes.ch\/wordpress\/index.php?rest_route=%2Fwp%2Fv2%2Fcomments&post=818"}],"version-history":[{"count":40,"href":"https:\/\/horizon-dunes.ch\/wordpress\/index.php?rest_route=\/wp\/v2\/pages\/818\/revisions"}],"predecessor-version":[{"id":1148,"href":"https:\/\/horizon-dunes.ch\/wordpress\/index.php?rest_route=\/wp\/v2\/pages\/818\/revisions\/1148"}],"up":[{"embeddable":true,"href":"https:\/\/horizon-dunes.ch\/wordpress\/index.php?rest_route=\/wp\/v2\/pages\/172"}],"wp:attachment":[{"href":"https:\/\/horizon-dunes.ch\/wordpress\/index.php?rest_route=%2Fwp%2Fv2%2Fmedia&parent=818"}],"curies":[{"name":"wp","href":"https:\/\/api.w.org\/{rel}","templated":true}]}}