{"id":83,"date":"2013-10-04T18:25:16","date_gmt":"2013-10-04T17:25:16","guid":{"rendered":"http:\/\/www.horizon-dunes.ch\/wordpress\/?page_id=83"},"modified":"2016-04-03T19:00:02","modified_gmt":"2016-04-03T17:00:02","slug":"navigation","status":"publish","type":"page","link":"https:\/\/horizon-dunes.ch\/wordpress\/?page_id=83","title":{"rendered":"Navigation"},"content":{"rendered":"<p style=\"text-align: justify;\">Cette page n&#8217;est pas un guide utilisateur complet, c&#8217;est juste un &#8220;Quick Start&#8221; pour vous familiariser avec OZI Andro\u00efd que vous venez d&#8217;installer.<\/p>\n<p style=\"text-align: justify;\"><strong>Astuce :<\/strong> <em>Cr\u00e9ez dans votre tablette un dossier &#8220;Guides utilisateur&#8221; dans lequel vous enregistrez en format PDF\u00a0tous les guides utilisateurs des \u00e9quipements que vous emportez lors d&#8217;un raid. Ceci vous permettra de les consulter facilement sur place, vous \u00e9vitera d&#8217;emporter mille et un documents et surtout de perdre vos documents originaux.<\/em><\/p>\n<p><span style=\"font-size: medium;\"><strong>Cr\u00e9er une route avec Ozi Android<br \/>\n<a href=\"https:\/\/www.horizon-dunes.ch\/wordpress\/wp-content\/uploads\/2013\/10\/OZI-cr\u00e9er-une-route1.jpg\"><img loading=\"lazy\" decoding=\"async\" class=\"wp-image-119 alignnone\" alt=\"OZI cr\u00e9er une route\" src=\"https:\/\/www.horizon-dunes.ch\/wordpress\/wp-content\/uploads\/2013\/10\/OZI-cr\u00e9er-une-route1.jpg\" width=\"770\" height=\"482\" srcset=\"https:\/\/horizon-dunes.ch\/wordpress\/wp-content\/uploads\/2013\/10\/OZI-cr\u00e9er-une-route1.jpg 770w, https:\/\/horizon-dunes.ch\/wordpress\/wp-content\/uploads\/2013\/10\/OZI-cr\u00e9er-une-route1-300x187.jpg 300w, https:\/\/horizon-dunes.ch\/wordpress\/wp-content\/uploads\/2013\/10\/OZI-cr\u00e9er-une-route1-624x390.jpg 624w\" sizes=\"auto, (max-width: 770px) 100vw, 770px\" \/><\/a><\/strong><\/span><\/p>\n<p style=\"text-align: justify;\">Pour cr\u00e9er une route directement sur la tablette, il faut d&#8217;abord charger la carte \u00e0 parti<a href=\"https:\/\/www.horizon-dunes.ch\/wordpress\/wp-content\/uploads\/2013\/10\/OZI-Bouton.jpg\"><img loading=\"lazy\" decoding=\"async\" class=\" wp-image-90 alignright\" alt=\"OZI Bouton\" src=\"https:\/\/www.horizon-dunes.ch\/wordpress\/wp-content\/uploads\/2013\/10\/OZI-Bouton.jpg\" width=\"55\" height=\"55\" \/><\/a>r de laquelle vous allez cr\u00e9er votre route (Bouton Menu principal, puis menu &#8220;Charger une carte&#8221;). Si cette carte n&#8217;est pas dans la r\u00e9gion o\u00f9 vous \u00eates avec votre GPS, il faut d\u00e9sactiver le bouton &#8220;Centrer la carte sur la position&#8221;, l&#8217;encadrement vert du bouton dispara\u00eet et ceci vous permet de d\u00e9placer la carte sur l&#8217;\u00e9cran \u00e0 votre convenance, car elle n&#8217;est plus fix\u00e9e par rapport \u00e0 votre position indiqu\u00e9e par le GPS.<\/p>\n<p style=\"text-align: justify;\">Allez sur la page &#8220;Contr\u00f4le Navigation Route&#8221; et pressez le bouton &#8220;Create&#8221; pour d\u00e9marrer la cr\u00e9ation d&#8217;une route. Les sept boutons suivants s&#8217;affichent en haut de l&#8217;\u00e9cran :<\/p>\n<p><a href=\"https:\/\/www.horizon-dunes.ch\/wordpress\/wp-content\/uploads\/2013\/10\/OZI-7-boutons-cr\u00e9ation-rte.jpg\"><img loading=\"lazy\" decoding=\"async\" class=\"size-full wp-image-120 alignnone\" alt=\"OZI 7 boutons cr\u00e9ation rte\" src=\"https:\/\/www.horizon-dunes.ch\/wordpress\/wp-content\/uploads\/2013\/10\/OZI-7-boutons-cr\u00e9ation-rte.jpg\" width=\"336\" height=\"50\" srcset=\"https:\/\/horizon-dunes.ch\/wordpress\/wp-content\/uploads\/2013\/10\/OZI-7-boutons-cr\u00e9ation-rte.jpg 336w, https:\/\/horizon-dunes.ch\/wordpress\/wp-content\/uploads\/2013\/10\/OZI-7-boutons-cr\u00e9ation-rte-300x44.jpg 300w\" sizes=\"auto, (max-width: 336px) 100vw, 336px\" \/><\/a><\/p>\n<p>1)\u00a0 Cr\u00e9er un waypoint de route<br \/>\n2)\u00a0 Ins\u00e9rer un waypoint dans la route<br \/>\n3)\u00a0 Liste des waypoints de route<br \/>\n4)\u00a0 Enregistrer la route<br \/>\n5)\u00a0 Effacer la route de la carte<br \/>\n6)\u00a0 Mise en \u00e9vidence de la cible pour la cr\u00e9ation d&#8217;un waypoint et avancement pas \u00e0 pas de la cible<br \/>\n7)\u00a0 Faire dispara\u00eetre les 7 boutons<\/p>\n<p style=\"text-align: justify;\">En d\u00e9pla\u00e7ant la carte, marquez vos waypoints de route \u00e0 l&#8217;aide du bouton &#8220;Ins\u00e9rer un waypoint&#8221;.\u00a0 Si vous ne d\u00e9sirez pas afficher la ligne de d\u00e9part depuis votre point GPS, pour la supprimer : allez dans le Menu &#8220;Configuration Navigation&#8221;, puis d\u00e9cochez la case &#8220;Montrer la ligne de navigation depuis la position GPS&#8221;.<\/p>\n<p style=\"text-align: justify;\">L&#8217;enregistrement de la route (fichier avec l&#8217;extension .rt2) s&#8217;effectue dans le r\u00e9pertoire OziExplorer\\Data.<\/p>\n<p style=\"text-align: justify;\"><a href=\"https:\/\/www.horizon-dunes.ch\/wordpress\/wp-content\/uploads\/2013\/10\/Mal-de-t\u00eate.jpg\"><img loading=\"lazy\" decoding=\"async\" class=\"alignleft  wp-image-967\" alt=\"Mal de t\u00eate\" src=\"https:\/\/www.horizon-dunes.ch\/wordpress\/wp-content\/uploads\/2013\/10\/Mal-de-t\u00eate-150x150.jpg\" width=\"120\" height=\"120\" \/><\/a><strong>Remarque<\/strong> : Cr\u00e9er une route pour son GPS Ozi Android avec OziExplorer PC est un v\u00e9ritable parcours du combattant. Il faut :<br \/>\n1) Situer les wpts de route sur la carte<br \/>\n2) Renommer les wpts<br \/>\n3) Ouvrir l&#8217;\u00e9diteur de route<br \/>\n4) S\u00e9lectionner les wpts et enregistrer la s\u00e9lection<br \/>\n5) Enregistrer le fichier waypoints .wpt<br \/>\n6) Enregistrer le fichier route .rte qui de toute fa\u00e7on ne s&#8217;affiche pas sur la carte si on essaye de le rouvrir plus tard avec OziEplorer PC :o((<br \/>\n7) Convertir le fichier route .rte avec ITNconverter pour en faire un fichier .rt2. qui lui s&#8217;affiche sans probl\u00e8me :o))<br \/>\nCe n&#8217;est pas vraiment ce que l&#8217;on peut appeler une interface simplifi\u00e9e entre 2 logiciels du m\u00eame cr\u00e9ateur !! C&#8217;est la raison pour laquelle je pr\u00e9f\u00e8re cr\u00e9er une route directement sur ma tablette ou avec un autre logiciel cartographique.<\/p>\n<p style=\"text-align: justify;\"><strong>Pour d\u00e9marrer la navigation :<\/strong> r\u00e9tablissez &#8220;Centrer la carte sur la position&#8221;, puis pressez le bouton &#8220;Forward&#8221;. Si vous \u00eates en cours de route, pressez le bouton &#8220;Next&#8221; pour que le GPS se positionne sur votre point actuel ou proche de route.<br \/>\nSi vous sautez un point ou plusieurs points de votre route, il faut presser &#8220;Next&#8221; pour r\u00e9tablir la navigation sur le prochain point.<\/p>\n","protected":false},"excerpt":{"rendered":"<p>Cette page n&#8217;est pas un guide utilisateur complet, c&#8217;est juste un &#8220;Quick Start&#8221; pour vous familiariser avec OZI Andro\u00efd que vous venez d&#8217;installer. Astuce : Cr\u00e9ez dans votre tablette un dossier &#8220;Guides utilisateur&#8221; dans lequel vous enregistrez en format PDF\u00a0tous les guides utilisateurs des \u00e9quipements que vous emportez lors d&#8217;un raid. Ceci vous permettra de [&hellip;]<\/p>\n","protected":false},"author":1,"featured_media":0,"parent":2,"menu_order":0,"comment_status":"closed","ping_status":"closed","template":"page-templates\/full-width.php","meta":{"footnotes":""},"class_list":["post-83","page","type-page","status-publish","hentry"],"_links":{"self":[{"href":"https:\/\/horizon-dunes.ch\/wordpress\/index.php?rest_route=\/wp\/v2\/pages\/83","targetHints":{"allow":["GET"]}}],"collection":[{"href":"https:\/\/horizon-dunes.ch\/wordpress\/index.php?rest_route=\/wp\/v2\/pages"}],"about":[{"href":"https:\/\/horizon-dunes.ch\/wordpress\/index.php?rest_route=\/wp\/v2\/types\/page"}],"author":[{"embeddable":true,"href":"https:\/\/horizon-dunes.ch\/wordpress\/index.php?rest_route=\/wp\/v2\/users\/1"}],"replies":[{"embeddable":true,"href":"https:\/\/horizon-dunes.ch\/wordpress\/index.php?rest_route=%2Fwp%2Fv2%2Fcomments&post=83"}],"version-history":[{"count":28,"href":"https:\/\/horizon-dunes.ch\/wordpress\/index.php?rest_route=\/wp\/v2\/pages\/83\/revisions"}],"predecessor-version":[{"id":971,"href":"https:\/\/horizon-dunes.ch\/wordpress\/index.php?rest_route=\/wp\/v2\/pages\/83\/revisions\/971"}],"up":[{"embeddable":true,"href":"https:\/\/horizon-dunes.ch\/wordpress\/index.php?rest_route=\/wp\/v2\/pages\/2"}],"wp:attachment":[{"href":"https:\/\/horizon-dunes.ch\/wordpress\/index.php?rest_route=%2Fwp%2Fv2%2Fmedia&parent=83"}],"curies":[{"name":"wp","href":"https:\/\/api.w.org\/{rel}","templated":true}]}}