{"id":867,"date":"2016-03-05T10:16:39","date_gmt":"2016-03-05T09:16:39","guid":{"rendered":"http:\/\/www.horizon-dunes.ch\/wordpress\/?page_id=867"},"modified":"2021-06-09T16:49:36","modified_gmt":"2021-06-09T14:49:36","slug":"cartes-maroc-1100000","status":"publish","type":"page","link":"https:\/\/horizon-dunes.ch\/wordpress\/?page_id=867","title":{"rendered":"Cartes Maroc 1:100&#8217;000"},"content":{"rendered":"<p style=\"text-align: justify;\">Gr\u00e2ce \u00e0 Steph Lulu, et merci \u00e0 lui pour ce superbe travail, vous trouverez \u00e0 t\u00e9l\u00e9charger une collection de cartes Maroc au 1:100&#8217;000 sur son blog <a href=\"https:\/\/jemecasseausoleil.blogspot.fr\/2017\/06\/cartes-du-maroc.html\" target=\"_blank\" rel=\"noopener noreferrer\">je me casse au soleil<\/a>, Ces cartes sont celles mentionn\u00e9es dans les guides de Gandini, elles ne sont pas trop anciennes, de bonne facture et pr\u00e9cises (exemple ci-dessous de la carte 85 Imilchil).<br \/>\n<a href=\"https:\/\/www.horizon-dunes.ch\/wordpress\/wp-content\/uploads\/2016\/03\/Maroc-Extrait-carte-85-Imilchil-.jpg\"><img loading=\"lazy\" decoding=\"async\" class=\"alignleft size-full wp-image-868\" src=\"https:\/\/www.horizon-dunes.ch\/wordpress\/wp-content\/uploads\/2016\/03\/Maroc-Extrait-carte-85-Imilchil-.jpg\" alt=\"Maroc - Extrait carte 85 Imilchil\" width=\"1124\" height=\"686\" srcset=\"https:\/\/horizon-dunes.ch\/wordpress\/wp-content\/uploads\/2016\/03\/Maroc-Extrait-carte-85-Imilchil-.jpg 1124w, https:\/\/horizon-dunes.ch\/wordpress\/wp-content\/uploads\/2016\/03\/Maroc-Extrait-carte-85-Imilchil--300x183.jpg 300w, https:\/\/horizon-dunes.ch\/wordpress\/wp-content\/uploads\/2016\/03\/Maroc-Extrait-carte-85-Imilchil--1024x624.jpg 1024w, https:\/\/horizon-dunes.ch\/wordpress\/wp-content\/uploads\/2016\/03\/Maroc-Extrait-carte-85-Imilchil--624x380.jpg 624w\" sizes=\"auto, (max-width: 1124px) 100vw, 1124px\" \/><\/a><\/p>\n<p style=\"text-align: justify;\">Ce sont des cartes raster (format .jpg), il faut les <a href=\"https:\/\/www.horizon-dunes.ch\/wordpress\/?page_id=158\" target=\"_blank\" rel=\"noopener noreferrer\">\u00e9talonner avec Ozi PC<\/a>\u00a0 ou votre autre logiciel de cartographie (utilisez le Datum Merchich et la projection Latitude\/Longitude). Il y a 173 cartes disponibles,\u00a0 elles sont num\u00e9rot\u00e9es, ce n&#8217;est donc pas facile de d\u00e9terminer la ou les cartes voulues pour votre randonn\u00e9e. Pour faciliter la s\u00e9lection des cartes \u00e0 t\u00e9l\u00e9charger, j&#8217;ai cr\u00e9\u00e9 un index &#8220;carte des cartes&#8221; g\u00e9o-r\u00e9f\u00e9renc\u00e9 et utilisable avec Ozi Explorer PC ou TTQV, carte dans lequel vous pouvez afficher un waypoint, une route ou un trac\u00e9 qui se positionnera sur le ou les n\u00b0 de cartes correspondantes (exemple ci-dessous). Il suffit ensuite d&#8217;aller sur le blog de Steph Lulu et t\u00e9l\u00e9charger les cartes voulues.<br \/>\n<a href=\"https:\/\/www.horizon-dunes.ch\/wordpress\/wp-content\/uploads\/2016\/03\/Maroc-Exemple-carte-des-cartes-1-100.jpg\"><img loading=\"lazy\" decoding=\"async\" class=\"alignleft size-full wp-image-916\" src=\"https:\/\/www.horizon-dunes.ch\/wordpress\/wp-content\/uploads\/2016\/03\/Maroc-Exemple-carte-des-cartes-1-100.jpg\" alt=\"Maroc - Exemple carte des cartes 1-100\" width=\"1001\" height=\"564\" srcset=\"https:\/\/horizon-dunes.ch\/wordpress\/wp-content\/uploads\/2016\/03\/Maroc-Exemple-carte-des-cartes-1-100.jpg 1001w, https:\/\/horizon-dunes.ch\/wordpress\/wp-content\/uploads\/2016\/03\/Maroc-Exemple-carte-des-cartes-1-100-300x169.jpg 300w, https:\/\/horizon-dunes.ch\/wordpress\/wp-content\/uploads\/2016\/03\/Maroc-Exemple-carte-des-cartes-1-100-624x351.jpg 624w\" sizes=\"auto, (max-width: 1001px) 100vw, 1001px\" \/><\/a><\/p>\n<p>\u00a0Lien pour t\u00e9l\u00e9charger (en format .zip) la <a href=\"https:\/\/horizon-dunes.ch\/Cartes Maroc 100\/Maroc Ozi carte des cartes 100.zip\" target=\"_blank\" rel=\"noopener noreferrer\">carte des cartes 1:100&#8217;000<\/a> g\u00e9o-r\u00e9f\u00e9renc\u00e9e pour Ozi format Ozf<br \/>\nLien pour t\u00e9l\u00e9charger (en format .zip) la <a href=\"https:\/\/horizon-dunes.ch\/Cartes Maroc 100\/Maroc TTQV carte des cartes 100.zip\" target=\"_blank\" rel=\"noopener noreferrer\">carte des cartes 1:100&#8217;000<\/a> g\u00e9o-r\u00e9f\u00e9renc\u00e9e pour TTQV<\/p>\n<p>&nbsp;<\/p>\n","protected":false},"excerpt":{"rendered":"<p>Gr\u00e2ce \u00e0 Steph Lulu, et merci \u00e0 lui pour ce superbe travail, vous trouverez \u00e0 t\u00e9l\u00e9charger une collection de cartes Maroc au 1:100&#8217;000 sur son blog je me casse au soleil, Ces cartes sont celles mentionn\u00e9es dans les guides de Gandini, elles ne sont pas trop anciennes, de bonne facture et pr\u00e9cises (exemple ci-dessous de [&hellip;]<\/p>\n","protected":false},"author":1,"featured_media":0,"parent":172,"menu_order":0,"comment_status":"closed","ping_status":"closed","template":"page-templates\/full-width.php","meta":{"footnotes":""},"class_list":["post-867","page","type-page","status-publish","hentry"],"_links":{"self":[{"href":"https:\/\/horizon-dunes.ch\/wordpress\/index.php?rest_route=\/wp\/v2\/pages\/867","targetHints":{"allow":["GET"]}}],"collection":[{"href":"https:\/\/horizon-dunes.ch\/wordpress\/index.php?rest_route=\/wp\/v2\/pages"}],"about":[{"href":"https:\/\/horizon-dunes.ch\/wordpress\/index.php?rest_route=\/wp\/v2\/types\/page"}],"author":[{"embeddable":true,"href":"https:\/\/horizon-dunes.ch\/wordpress\/index.php?rest_route=\/wp\/v2\/users\/1"}],"replies":[{"embeddable":true,"href":"https:\/\/horizon-dunes.ch\/wordpress\/index.php?rest_route=%2Fwp%2Fv2%2Fcomments&post=867"}],"version-history":[{"count":30,"href":"https:\/\/horizon-dunes.ch\/wordpress\/index.php?rest_route=\/wp\/v2\/pages\/867\/revisions"}],"predecessor-version":[{"id":1118,"href":"https:\/\/horizon-dunes.ch\/wordpress\/index.php?rest_route=\/wp\/v2\/pages\/867\/revisions\/1118"}],"up":[{"embeddable":true,"href":"https:\/\/horizon-dunes.ch\/wordpress\/index.php?rest_route=\/wp\/v2\/pages\/172"}],"wp:attachment":[{"href":"https:\/\/horizon-dunes.ch\/wordpress\/index.php?rest_route=%2Fwp%2Fv2%2Fmedia&parent=867"}],"curies":[{"name":"wp","href":"https:\/\/api.w.org\/{rel}","templated":true}]}}