{"id":923,"date":"2016-03-30T17:36:01","date_gmt":"2016-03-30T15:36:01","guid":{"rendered":"http:\/\/www.horizon-dunes.ch\/wordpress\/?page_id=923"},"modified":"2016-04-01T18:16:13","modified_gmt":"2016-04-01T16:16:13","slug":"carte-slovenie-150000","status":"publish","type":"page","link":"https:\/\/horizon-dunes.ch\/wordpress\/?page_id=923","title":{"rendered":"Carte Slov\u00e9nie 1:50&#8217;000"},"content":{"rendered":"<p style=\"text-align: justify;\">Cette s\u00e9rie M709 de 31 raster cartes au 1:50&#8217;000 provient de la collection Perry Casta\u00f1eda &#8211; University of Texas Library, collection <a href=\"http:\/\/www.lib.utexas.edu\/maps\/topo\/former_yugoslavia\/\" target=\"_blank\">Former Yougoslavia Topography<\/a>. Elles sont assez r\u00e9centes, datant de la fin des ann\u00e9es 1990 &#8211; Datum WGS84. Elles sont en format GeoPDF. C<em>e format est une extension g\u00e9ospatiale de TerraGo Technologies ins\u00e9r\u00e9e dans un fichier Adobe PDF. Il est utilis\u00e9 pour pr\u00e9senter des donn\u00e9es cartographiques dans un fichier PDF. Cette extension ajoute une matrice de coordonn\u00e9es et d\u2019autres m\u00e9tadonn\u00e9es afin de permettre la transformation des coordonn\u00e9es PDF \u00e0 un syst\u00e8me de coordonn\u00e9es cart\u00e9sien projet\u00e9. Une toolbar gratuite \u00e0 installer dans le logiciel Acrobat Reader est disponible sur le site de <a href=\"http:\/\/www.terragotech.com\/products\/terrago-toolbar\" target=\"_blank\">TerraGo Technologies<\/a>.<\/em><\/p>\n<p style=\"text-align: justify;\">Je les ai converties en format JPG avec un profil colorim\u00e9trique RVB afin qu&#8217;elles puissent \u00eatre g\u00e9o-r\u00e9f\u00e9renc\u00e9es pour Ozi Android ou pour un autre logiciel cartographique.<\/p>\n<p style=\"text-align: justify;\"><a href=\"https:\/\/www.horizon-dunes.ch\/wordpress\/wp-content\/uploads\/2016\/03\/SLO-exemple-carte-50.jpg\"><img loading=\"lazy\" decoding=\"async\" class=\" wp-image-924 aligncenter\" alt=\"SLO exemple carte 50\" src=\"https:\/\/www.horizon-dunes.ch\/wordpress\/wp-content\/uploads\/2016\/03\/SLO-exemple-carte-50.jpg\" width=\"681\" height=\"594\" srcset=\"https:\/\/horizon-dunes.ch\/wordpress\/wp-content\/uploads\/2016\/03\/SLO-exemple-carte-50.jpg 973w, https:\/\/horizon-dunes.ch\/wordpress\/wp-content\/uploads\/2016\/03\/SLO-exemple-carte-50-300x261.jpg 300w, https:\/\/horizon-dunes.ch\/wordpress\/wp-content\/uploads\/2016\/03\/SLO-exemple-carte-50-624x543.jpg 624w\" sizes=\"auto, (max-width: 681px) 100vw, 681px\" \/><\/a>Malheureusement, la s\u00e9rie de cartes mise \u00e0 disposition ne couvre pas compl\u00e9tement la Slov\u00e9nie, il manque 7 cartes.\u00a0Pour faciliter la s\u00e9lection des cartes \u00e0 t\u00e9l\u00e9charger, j\u2019ai cr\u00e9\u00e9 une \u00ab\u00a0carte des cartes\u00a0\u00bb \u00e9talonn\u00e9e et utilisable avec Ozi Explorer PC ou TTQV, carte dans laquelle vous pouvez afficher une coordonn\u00e9e, une route ou un trac\u00e9 qui se positionnera sur le ou les n\u00b0 de cartes correspondantes (exemple ci-dessous). Il vous suffit ensuite de t\u00e9l\u00e9charger les cartes voulues et de les <a href=\"https:\/\/www.horizon-dunes.ch\/wordpress\/?page_id=158\" target=\"_blank\">calibrer avec Ozi explorer PC<\/a> pour votre GPS ou un autre logiciel de cartographie.<\/p>\n<p><a href=\"https:\/\/www.horizon-dunes.ch\/wordpress\/wp-content\/uploads\/2016\/03\/SLO-exemple-carte-des-cartes-50.jpg\"><img loading=\"lazy\" decoding=\"async\" class=\" wp-image-928 aligncenter\" alt=\"SLO exemple carte des cartes 50\" src=\"https:\/\/www.horizon-dunes.ch\/wordpress\/wp-content\/uploads\/2016\/03\/SLO-exemple-carte-des-cartes-50.jpg\" width=\"857\" height=\"468\" srcset=\"https:\/\/horizon-dunes.ch\/wordpress\/wp-content\/uploads\/2016\/03\/SLO-exemple-carte-des-cartes-50.jpg 857w, https:\/\/horizon-dunes.ch\/wordpress\/wp-content\/uploads\/2016\/03\/SLO-exemple-carte-des-cartes-50-300x163.jpg 300w, https:\/\/horizon-dunes.ch\/wordpress\/wp-content\/uploads\/2016\/03\/SLO-exemple-carte-des-cartes-50-624x340.jpg 624w\" sizes=\"auto, (max-width: 857px) 100vw, 857px\" \/><\/a>Lien pour t\u00e9l\u00e9charger la <a href=\"https:\/\/horizon-dunes.ch\/Cartes SLO 50\/SLO carte des cartes 50 Ozi.zip\" target=\"_blank\">carte des cartes au 1:50&#8217;000<\/a> g\u00e9o-r\u00e9f\u00e9renc\u00e9e pour Ozi Explorer<br \/>\nLien pour t\u00e9l\u00e9charger la <a href=\"https:\/\/horizon-dunes.ch\/Cartes SLO 50\/SLO carte des cartes 50 TTQV.zip\" target=\"_blank\">carte des cartes au 1:50&#8217;000<\/a> g\u00e9o-r\u00e9f\u00e9renc\u00e9e pour TTQV<\/p>\n<p><strong>Cartes \u00e0 t\u00e9l\u00e9charger <\/strong>(La carte s&#8217;affiche et cliquez avec le bouton droit de la souris sur <em>Enregistrer l&#8217;image sous<\/em>)<strong> <\/strong><br \/>\n<a href=\"https:\/\/horizon-dunes.ch\/Cartes SLO 50\/1985-I umag.jpg\" target=\"_blank\">1985-I umag<\/a><br \/>\n<a href=\"https:\/\/horizon-dunes.ch\/Cartes SLO 50\/1986-I nova_gorica.jpg \" target=\"_blank\">1986-I nova_gorica<\/a><br \/>\n<a href=\"https:\/\/horizon-dunes.ch\/Cartes SLO 50\/1986-II trieste_west.jpg\" target=\"_blank\">1986-II trieste_west<\/a><br \/>\n<a href=\"https:\/\/horizon-dunes.ch\/Cartes SLO 50\/1987-I bovec.jpg\" target=\"_blank\">1987-I bovec<\/a><br \/>\n<a href=\"https:\/\/horizon-dunes.ch\/Cartes SLO 50\/1987-II tolmin.jpg\" target=\"_blank\">1987-II tolmin<\/a><br \/>\n<a href=\"https:\/\/horizon-dunes.ch\/Cartes SLO 50\/2085-I rijeka.jpg\" target=\"_blank\">2085-I rijeka<\/a><br \/>\n<a href=\"https:\/\/horizon-dunes.ch\/Cartes SLO 50\/2086-I postojna.jpg\" target=\"_blank\">2086-I postojna<\/a><br \/>\n<a href=\"https:\/\/horizon-dunes.ch\/Cartes SLO 50\/2086-II ilirska-bistrica.jpg\" target=\"_blank\">2086-II ilirska-bistrica<\/a><br \/>\n<a href=\"https:\/\/horizon-dunes.ch\/Cartes SLO 50\/2086-III trieste_east.jpg\" target=\"_blank\">2086-III trieste_east<\/a><br \/>\n<a href=\"https:\/\/horizon-dunes.ch\/Cartes SLO 50\/2086-IV ajdovscina.jpg\" target=\"_blank\">2086-IV ajdovscina<\/a><br \/>\n<a href=\"https:\/\/horizon-dunes.ch\/Cartes SLO 50\/2087-II kranj.jpg\" target=\"_blank\">2087-II kranj<\/a><br \/>\n<a href=\"https:\/\/horizon-dunes.ch\/Cartes SLO 50\/2087-III idrija.jpg\" target=\"_blank\">2087-III idrija<\/a><br \/>\n<a href=\"https:\/\/horizon-dunes.ch\/Cartes SLO 50\/2087-IV jesenice.jpg\" target=\"_blank\">2087-IV jesenice<\/a><br \/>\n<a href=\"https:\/\/horizon-dunes.ch\/Cartes SLO 50\/2186-I zuzemberk.jpg\" target=\"_blank\">2186-I zuzemberK<\/a><br \/>\n<a href=\"https:\/\/horizon-dunes.ch\/Cartes SLO 50\/2186-II kocevje.jpg\" target=\"_blank\">2186-II kocevje<\/a><br \/>\n<a href=\"https:\/\/horizon-dunes.ch\/Cartes SLO 50\/2186-III gerovo.jpg\" target=\"_blank\">2186-III gerovo<\/a><br \/>\n<a href=\"https:\/\/horizon-dunes.ch\/Cartes SLO 50\/2186-IV grosuplje.jpg\" target=\"_blank\">2186-IV grosuplje<\/a><br \/>\n<a href=\"https:\/\/horizon-dunes.ch\/Cartes SLO 50\/2187-I crna_na_koroskem.jpg\" target=\"_blank\">2187-I crna_na_koroskem<\/a><br \/>\n<a href=\"https:\/\/horizon-dunes.ch\/Cartes SLO 50\/2187-II litija.jpg \" target=\"_blank\">2187-II litija<\/a><br \/>\n<a href=\"https:\/\/horizon-dunes.ch\/Cartes SLO 50\/2285-I karlovac-south.jpg\" target=\"_blank\">2285-I karlovac-south<\/a><br \/>\n<a href=\"https:\/\/horizon-dunes.ch\/Cartes SLO 50\/2285-IV ogulin.jpg\" target=\"_blank\">2285-IV ogulin<\/a><br \/>\n<a href=\"https:\/\/horizon-dunes.ch\/Cartes SLO 50\/2286-II karlovac_north.jpg\" target=\"_blank\">2286-II karlovac_north<\/a><br \/>\n<a href=\"https:\/\/horizon-dunes.ch\/Cartes SLO 50\/2286-III crnomelj.jpg\" target=\"_blank\">2286-III crnomelj<\/a><br \/>\n<a href=\"https:\/\/horizon-dunes.ch\/Cartes SLO 50\/2286-IV novo_mesto.jpg\" target=\"_blank\">2286-IV novo_mesto<\/a><br \/>\n<a href=\"https:\/\/horizon-dunes.ch\/Cartes SLO 50\/2287-II sevnica.jpg\" target=\"_blank\">2287-II sevnica<\/a><br \/>\n<a href=\"https:\/\/horizon-dunes.ch\/Cartes SLO 50\/2387-I ormoz.jpg\" target=\"_blank\">2387-I ormoz<\/a><br \/>\n<a href=\"https:\/\/horizon-dunes.ch\/Cartes SLO 50\/2387-IV ptuj.jpg\" target=\"_blank\">2387-IV ptuj<\/a><br \/>\n<a href=\"https:\/\/horizon-dunes.ch\/Cartes SLO 50\/2388-II murska_sobota.jpg\" target=\"_blank\">2388-II murska_sobota<\/a><br \/>\n<a href=\"https:\/\/horizon-dunes.ch\/Cartes SLO 50\/2487-I prelog.jpg \" target=\"_blank\">2487-I prelog<\/a><br \/>\n<a href=\"https:\/\/horizon-dunes.ch\/Cartes SLO 50\/2487-IV varazdin.jpg\" target=\"_blank\">2487-IV varazdin<\/a><br \/>\n<a href=\"https:\/\/horizon-dunes.ch\/Cartes SLO 50\/2488-III lendava.jpg\" target=\"_blank\">2488-III lendava<\/a><\/p>\n<p>&nbsp;<\/p>\n<p>&nbsp;<\/p>\n<p>&nbsp;<\/p>\n","protected":false},"excerpt":{"rendered":"<p>Cette s\u00e9rie M709 de 31 raster cartes au 1:50&#8217;000 provient de la collection Perry Casta\u00f1eda &#8211; University of Texas Library, collection Former Yougoslavia Topography. Elles sont assez r\u00e9centes, datant de la fin des ann\u00e9es 1990 &#8211; Datum WGS84. Elles sont en format GeoPDF. Ce format est une extension g\u00e9ospatiale de TerraGo Technologies ins\u00e9r\u00e9e dans un [&hellip;]<\/p>\n","protected":false},"author":1,"featured_media":0,"parent":172,"menu_order":0,"comment_status":"closed","ping_status":"closed","template":"page-templates\/full-width.php","meta":{"footnotes":""},"class_list":["post-923","page","type-page","status-publish","hentry"],"_links":{"self":[{"href":"https:\/\/horizon-dunes.ch\/wordpress\/index.php?rest_route=\/wp\/v2\/pages\/923","targetHints":{"allow":["GET"]}}],"collection":[{"href":"https:\/\/horizon-dunes.ch\/wordpress\/index.php?rest_route=\/wp\/v2\/pages"}],"about":[{"href":"https:\/\/horizon-dunes.ch\/wordpress\/index.php?rest_route=\/wp\/v2\/types\/page"}],"author":[{"embeddable":true,"href":"https:\/\/horizon-dunes.ch\/wordpress\/index.php?rest_route=\/wp\/v2\/users\/1"}],"replies":[{"embeddable":true,"href":"https:\/\/horizon-dunes.ch\/wordpress\/index.php?rest_route=%2Fwp%2Fv2%2Fcomments&post=923"}],"version-history":[{"count":25,"href":"https:\/\/horizon-dunes.ch\/wordpress\/index.php?rest_route=\/wp\/v2\/pages\/923\/revisions"}],"predecessor-version":[{"id":959,"href":"https:\/\/horizon-dunes.ch\/wordpress\/index.php?rest_route=\/wp\/v2\/pages\/923\/revisions\/959"}],"up":[{"embeddable":true,"href":"https:\/\/horizon-dunes.ch\/wordpress\/index.php?rest_route=\/wp\/v2\/pages\/172"}],"wp:attachment":[{"href":"https:\/\/horizon-dunes.ch\/wordpress\/index.php?rest_route=%2Fwp%2Fv2%2Fmedia&parent=923"}],"curies":[{"name":"wp","href":"https:\/\/api.w.org\/{rel}","templated":true}]}}